{"id":41652,"date":"2021-02-25T20:04:55","date_gmt":"2021-02-25T19:04:55","guid":{"rendered":"https:\/\/3r-prev.com\/gba\/?post_type=product&#038;p=41652"},"modified":"2024-09-27T12:44:04","modified_gmt":"2024-09-27T10:44:04","slug":"jean-claude-gotting-estampe-60-x-80-cm-le-bain-1","status":"publish","type":"product","link":"https:\/\/3r-prev.com\/gba\/produit\/jean-claude-gotting-estampe-60-x-80-cm-le-bain-1\/","title":{"rendered":"JEAN-CLAUDE G\u00d6TTING &#8211; Estampe 60 X 80 cm &#8211; Le bain 1"},"content":{"rendered":"<p>Estampe num\u00e9rique, impression pigmentaire sur papier Arches Museum 315 g<br \/>\nFormat 60 x 80\u00a0cm<br \/>\nTirage limit\u00e9 \u00e0 10 exemplaires, num\u00e9rot\u00e9s et sign\u00e9s<\/p>\n","protected":false},"excerpt":{"rendered":"<p>Estampe num\u00e9rique, impression pigmentaire sur papier Arches Museum 315 g Format 60 x 80\u00a0cm Tirage limit\u00e9 \u00e0 10 exemplaires, num\u00e9rot\u00e9s et sign\u00e9s<\/p>\n","protected":false},"featured_media":41653,"template":"","meta":{"_acf_changed":false},"product_cat":[20],"product_tag":[],"exhibition":[],"artist":[79],"class_list":{"0":"post-41652","1":"product","2":"type-product","3":"status-publish","4":"has-post-thumbnail","6":"product_cat-tirages-dart","7":"artist-jean-claude-gotting","9":"first","10":"outofstock","11":"shipping-taxable","12":"purchasable","13":"product-type-simple"},"acf":[],"_links":{"self":[{"href":"https:\/\/3r-prev.com\/gba\/wp-json\/wp\/v2\/product\/41652","targetHints":{"allow":["GET"]}}],"collection":[{"href":"https:\/\/3r-prev.com\/gba\/wp-json\/wp\/v2\/product"}],"about":[{"href":"https:\/\/3r-prev.com\/gba\/wp-json\/wp\/v2\/types\/product"}],"wp:featuredmedia":[{"embeddable":true,"href":"https:\/\/3r-prev.com\/gba\/wp-json\/wp\/v2\/media\/41653"}],"wp:attachment":[{"href":"https:\/\/3r-prev.com\/gba\/wp-json\/wp\/v2\/media?parent=41652"}],"wp:term":[{"taxonomy":"product_cat","embeddable":true,"href":"https:\/\/3r-prev.com\/gba\/wp-json\/wp\/v2\/product_cat?post=41652"},{"taxonomy":"product_tag","embeddable":true,"href":"https:\/\/3r-prev.com\/gba\/wp-json\/wp\/v2\/product_tag?post=41652"},{"taxonomy":"exhibition","embeddable":true,"href":"https:\/\/3r-prev.com\/gba\/wp-json\/wp\/v2\/exhibition?post=41652"},{"taxonomy":"artist","embeddable":true,"href":"https:\/\/3r-prev.com\/gba\/wp-json\/wp\/v2\/artist?post=41652"}],"curies":[{"name":"wp","href":"https:\/\/api.w.org\/{rel}","templated":true}]}}