{"id":41643,"date":"2021-04-16T16:10:32","date_gmt":"2021-04-16T14:10:32","guid":{"rendered":"https:\/\/3r-prev.com\/gba\/?post_type=product&#038;p=41643"},"modified":"2024-09-27T12:44:02","modified_gmt":"2024-09-27T10:44:02","slug":"philippe-druillet-sculpture-le-dieu-noir-noir","status":"publish","type":"product","link":"https:\/\/3r-prev.com\/gba\/produit\/philippe-druillet-sculpture-le-dieu-noir-noir\/","title":{"rendered":"PHILIPPE DRUILLET &#8211; Sculpture Le Dieu noir &#8211; noir"},"content":{"rendered":"<p>Le Dieu Noir<\/p>\n<p>Fonte de m\u00e9tal, peinture noire<\/p>\n<p>15,5 x 18 x 17,5 cm<\/p>\n<p>Tirage limit\u00e9 \u00e0 500 exemplaires. Chaque sculpture est num\u00e9rot\u00e9e et accompagn\u00e9e d&rsquo;un certificat d&rsquo;authenticit\u00e9 sign\u00e9 par l&rsquo;artiste.<\/p>\n<p>\u00c9dit\u00e9e par la galerie Loft \/ Art for All<\/p>\n","protected":false},"excerpt":{"rendered":"<p>Le Dieu Noir Fonte de m\u00e9tal, peinture noire 15,5 x 18 x 17,5 cm Tirage limit\u00e9 \u00e0 500 exemplaires. Chaque sculpture est num\u00e9rot\u00e9e et accompagn\u00e9e d&rsquo;un certificat d&rsquo;authenticit\u00e9 sign\u00e9 par<\/p>\n","protected":false},"featured_media":41644,"template":"","meta":{"_acf_changed":false},"product_cat":[20],"product_tag":[],"exhibition":[],"artist":[38],"class_list":{"0":"post-41643","1":"product","2":"type-product","3":"status-publish","4":"has-post-thumbnail","6":"product_cat-tirages-dart","7":"artist-philippe-druillet","9":"first","10":"instock","11":"shipping-taxable","12":"purchasable","13":"product-type-simple"},"acf":[],"_links":{"self":[{"href":"https:\/\/3r-prev.com\/gba\/wp-json\/wp\/v2\/product\/41643","targetHints":{"allow":["GET"]}}],"collection":[{"href":"https:\/\/3r-prev.com\/gba\/wp-json\/wp\/v2\/product"}],"about":[{"href":"https:\/\/3r-prev.com\/gba\/wp-json\/wp\/v2\/types\/product"}],"wp:featuredmedia":[{"embeddable":true,"href":"https:\/\/3r-prev.com\/gba\/wp-json\/wp\/v2\/media\/41644"}],"wp:attachment":[{"href":"https:\/\/3r-prev.com\/gba\/wp-json\/wp\/v2\/media?parent=41643"}],"wp:term":[{"taxonomy":"product_cat","embeddable":true,"href":"https:\/\/3r-prev.com\/gba\/wp-json\/wp\/v2\/product_cat?post=41643"},{"taxonomy":"product_tag","embeddable":true,"href":"https:\/\/3r-prev.com\/gba\/wp-json\/wp\/v2\/product_tag?post=41643"},{"taxonomy":"exhibition","embeddable":true,"href":"https:\/\/3r-prev.com\/gba\/wp-json\/wp\/v2\/exhibition?post=41643"},{"taxonomy":"artist","embeddable":true,"href":"https:\/\/3r-prev.com\/gba\/wp-json\/wp\/v2\/artist?post=41643"}],"curies":[{"name":"wp","href":"https:\/\/api.w.org\/{rel}","templated":true}]}}