{"id":41632,"date":"2021-04-16T15:47:54","date_gmt":"2021-04-16T13:47:54","guid":{"rendered":"https:\/\/3r-prev.com\/gba\/?post_type=product&#038;p=41632"},"modified":"2024-09-27T12:44:01","modified_gmt":"2024-09-27T10:44:01","slug":"dave-mckean-serigraphie","status":"publish","type":"product","link":"https:\/\/3r-prev.com\/gba\/produit\/dave-mckean-serigraphie\/","title":{"rendered":"DAVE McKEAN &#8211; S\u00e9rigraphie"},"content":{"rendered":"<p>S\u00e9rigraphie de Dave McKean<\/p>\n<p>4 passages couleur<br \/>\nFormat 50 x 70\u00a0cm (livr\u00e9e sans encadrement)<br \/>\nNum\u00e9rot\u00e9e \u00e0 75 exemplaires et sign\u00e9e par l\u2019artiste<br \/>\nsur papier Arches 88<\/p>\n","protected":false},"excerpt":{"rendered":"<p>S\u00e9rigraphie de Dave McKean 4 passages couleur Format 50 x 70\u00a0cm (livr\u00e9e sans encadrement) Num\u00e9rot\u00e9e \u00e0 75 exemplaires et sign\u00e9e par l\u2019artiste sur papier Arches 88<\/p>\n","protected":false},"featured_media":41633,"template":"","meta":{"_acf_changed":false},"product_cat":[20],"product_tag":[],"exhibition":[],"artist":[97],"class_list":{"0":"post-41632","1":"product","2":"type-product","3":"status-publish","4":"has-post-thumbnail","6":"product_cat-tirages-dart","7":"artist-dave-mckean","9":"first","10":"instock","11":"shipping-taxable","12":"purchasable","13":"product-type-simple"},"acf":[],"_links":{"self":[{"href":"https:\/\/3r-prev.com\/gba\/wp-json\/wp\/v2\/product\/41632","targetHints":{"allow":["GET"]}}],"collection":[{"href":"https:\/\/3r-prev.com\/gba\/wp-json\/wp\/v2\/product"}],"about":[{"href":"https:\/\/3r-prev.com\/gba\/wp-json\/wp\/v2\/types\/product"}],"wp:featuredmedia":[{"embeddable":true,"href":"https:\/\/3r-prev.com\/gba\/wp-json\/wp\/v2\/media\/41633"}],"wp:attachment":[{"href":"https:\/\/3r-prev.com\/gba\/wp-json\/wp\/v2\/media?parent=41632"}],"wp:term":[{"taxonomy":"product_cat","embeddable":true,"href":"https:\/\/3r-prev.com\/gba\/wp-json\/wp\/v2\/product_cat?post=41632"},{"taxonomy":"product_tag","embeddable":true,"href":"https:\/\/3r-prev.com\/gba\/wp-json\/wp\/v2\/product_tag?post=41632"},{"taxonomy":"exhibition","embeddable":true,"href":"https:\/\/3r-prev.com\/gba\/wp-json\/wp\/v2\/exhibition?post=41632"},{"taxonomy":"artist","embeddable":true,"href":"https:\/\/3r-prev.com\/gba\/wp-json\/wp\/v2\/artist?post=41632"}],"curies":[{"name":"wp","href":"https:\/\/api.w.org\/{rel}","templated":true}]}}