{"id":41630,"date":"2021-04-16T15:45:07","date_gmt":"2021-04-16T13:45:07","guid":{"rendered":"https:\/\/3r-prev.com\/gba\/?post_type=product&#038;p=41630"},"modified":"2024-09-27T12:44:00","modified_gmt":"2024-09-27T10:44:00","slug":"dave-mckean-postcard-from-paris","status":"publish","type":"product","link":"https:\/\/3r-prev.com\/gba\/produit\/dave-mckean-postcard-from-paris\/","title":{"rendered":"DAVE McKEAN &#8211; Postcard from Paris"},"content":{"rendered":"<p>Postcard from Paris est un ensemble de dessins r\u00e9alis\u00e9s par Dave McKean<strong>\u00a0<\/strong>en Mai et Juin 2008 lors de son s\u00e9jour \u00e0 Paris pour l&rsquo;exposition que BdArtist(e) lui consacrait.<br \/>\nA l&rsquo;image de <em>Postcard from Vienna<\/em> (2006) et <em>Postcard from Barcelona <\/em>(2007) ce recueil d&rsquo;\u00e9tonnants dessins nous donne \u00e0 contempler Paris \u00e0 travers le regard singulier de l&rsquo;artiste.<\/p>\n<p>Format : 13 x 13 cm<br \/>\n56 pages noir et blanc<br \/>\nCouverture rigide<br \/>\nCo-\u00e9ditions BdArtist(e) (Paris) et Allen Spiegel Fine Arts (Los Angeles) &#8211; juin 2008<\/p>\n","protected":false},"excerpt":{"rendered":"<p>Postcard from Paris est un ensemble de dessins r\u00e9alis\u00e9s par Dave McKean\u00a0en Mai et Juin 2008 lors de son s\u00e9jour \u00e0 Paris pour l&rsquo;exposition que BdArtist(e) lui consacrait. A l&rsquo;image<\/p>\n","protected":false},"featured_media":41631,"template":"","meta":{"_acf_changed":false},"product_cat":[19],"product_tag":[],"exhibition":[],"artist":[97],"class_list":{"0":"post-41630","1":"product","2":"type-product","3":"status-publish","4":"has-post-thumbnail","6":"product_cat-livres","7":"artist-dave-mckean","9":"first","10":"instock","11":"shipping-taxable","12":"purchasable","13":"product-type-simple"},"acf":[],"_links":{"self":[{"href":"https:\/\/3r-prev.com\/gba\/wp-json\/wp\/v2\/product\/41630","targetHints":{"allow":["GET"]}}],"collection":[{"href":"https:\/\/3r-prev.com\/gba\/wp-json\/wp\/v2\/product"}],"about":[{"href":"https:\/\/3r-prev.com\/gba\/wp-json\/wp\/v2\/types\/product"}],"wp:featuredmedia":[{"embeddable":true,"href":"https:\/\/3r-prev.com\/gba\/wp-json\/wp\/v2\/media\/41631"}],"wp:attachment":[{"href":"https:\/\/3r-prev.com\/gba\/wp-json\/wp\/v2\/media?parent=41630"}],"wp:term":[{"taxonomy":"product_cat","embeddable":true,"href":"https:\/\/3r-prev.com\/gba\/wp-json\/wp\/v2\/product_cat?post=41630"},{"taxonomy":"product_tag","embeddable":true,"href":"https:\/\/3r-prev.com\/gba\/wp-json\/wp\/v2\/product_tag?post=41630"},{"taxonomy":"exhibition","embeddable":true,"href":"https:\/\/3r-prev.com\/gba\/wp-json\/wp\/v2\/exhibition?post=41630"},{"taxonomy":"artist","embeddable":true,"href":"https:\/\/3r-prev.com\/gba\/wp-json\/wp\/v2\/artist?post=41630"}],"curies":[{"name":"wp","href":"https:\/\/api.w.org\/{rel}","templated":true}]}}