{"id":41628,"date":"2021-04-16T15:41:34","date_gmt":"2021-04-16T13:41:34","guid":{"rendered":"https:\/\/3r-prev.com\/gba\/?post_type=product&#038;p=41628"},"modified":"2024-09-27T12:44:00","modified_gmt":"2024-09-27T10:44:00","slug":"dave-mckean-squink","status":"publish","type":"product","link":"https:\/\/3r-prev.com\/gba\/produit\/dave-mckean-squink\/","title":{"rendered":"DAVE McKEAN &#8211; Squink"},"content":{"rendered":"<p>Squink rassemble des dessins de Dave McKean organis\u00e9s autour de 15 chapitres, touchant aussi bien \u00e0 la musique et au cin\u00e9ma qu&rsquo;\u00e0 l&rsquo;autoportrait et au r\u00eave. Ex\u00e9cut\u00e9s tant\u00f4t \u00e0 la plume, tant\u00f4t au pinceau, ils font part des diverses influences de l&rsquo;artiste, remarquables \u00e0 travers la vari\u00e9t\u00e9 de style dont il fait preuve.<\/p>\n<p>Format : 24 x 24 cm<br \/>\n200 pages noir et blanc<br \/>\nCouverture souple avec rabats<br \/>\nCo-\u00e9ditions BdArtist(e) (Paris) et Allen Spiegel Fine Arts (Los Angeles) &#8211; juin 2008<\/p>\n","protected":false},"excerpt":{"rendered":"<p>Squink rassemble des dessins de Dave McKean organis\u00e9s autour de 15 chapitres, touchant aussi bien \u00e0 la musique et au cin\u00e9ma qu&rsquo;\u00e0 l&rsquo;autoportrait et au r\u00eave. Ex\u00e9cut\u00e9s tant\u00f4t \u00e0 la<\/p>\n","protected":false},"featured_media":41629,"template":"","meta":{"_acf_changed":false},"product_cat":[19],"product_tag":[],"exhibition":[],"artist":[97],"class_list":{"0":"post-41628","1":"product","2":"type-product","3":"status-publish","4":"has-post-thumbnail","6":"product_cat-livres","7":"artist-dave-mckean","9":"first","10":"instock","11":"shipping-taxable","12":"purchasable","13":"product-type-simple"},"acf":[],"_links":{"self":[{"href":"https:\/\/3r-prev.com\/gba\/wp-json\/wp\/v2\/product\/41628","targetHints":{"allow":["GET"]}}],"collection":[{"href":"https:\/\/3r-prev.com\/gba\/wp-json\/wp\/v2\/product"}],"about":[{"href":"https:\/\/3r-prev.com\/gba\/wp-json\/wp\/v2\/types\/product"}],"wp:featuredmedia":[{"embeddable":true,"href":"https:\/\/3r-prev.com\/gba\/wp-json\/wp\/v2\/media\/41629"}],"wp:attachment":[{"href":"https:\/\/3r-prev.com\/gba\/wp-json\/wp\/v2\/media?parent=41628"}],"wp:term":[{"taxonomy":"product_cat","embeddable":true,"href":"https:\/\/3r-prev.com\/gba\/wp-json\/wp\/v2\/product_cat?post=41628"},{"taxonomy":"product_tag","embeddable":true,"href":"https:\/\/3r-prev.com\/gba\/wp-json\/wp\/v2\/product_tag?post=41628"},{"taxonomy":"exhibition","embeddable":true,"href":"https:\/\/3r-prev.com\/gba\/wp-json\/wp\/v2\/exhibition?post=41628"},{"taxonomy":"artist","embeddable":true,"href":"https:\/\/3r-prev.com\/gba\/wp-json\/wp\/v2\/artist?post=41628"}],"curies":[{"name":"wp","href":"https:\/\/api.w.org\/{rel}","templated":true}]}}