{"id":41618,"date":"2021-04-16T13:21:38","date_gmt":"2021-04-16T11:21:38","guid":{"rendered":"https:\/\/3r-prev.com\/gba\/?post_type=product&#038;p=41618"},"modified":"2024-09-27T12:43:57","modified_gmt":"2024-09-27T10:43:57","slug":"philippe-druillet-sculpture-itai-red","status":"publish","type":"product","link":"https:\/\/3r-prev.com\/gba\/produit\/philippe-druillet-sculpture-itai-red\/","title":{"rendered":"PHILIPPE DRUILLET &#8211; Sculpture Ita\u00ef Red"},"content":{"rendered":"<p>Sculpture Ita\u00ef<\/p>\n<p>&nbsp;<\/p>\n<p>Fonte de m\u00e9tal, peinture epoxy rouge<\/p>\n<p>11,5 x 7,5 x 4,5 cm, 930g<\/p>\n<p>Sign\u00e9e et num\u00e9rot\u00e9e<\/p>\n<p>\u00c9dit\u00e9e par la galerie Loft \/ Art for All<\/p>\n<p>&nbsp;<\/p>\n<p>Tirage limit\u00e9 \u00e0 300 exemplaires. Chaque sculpture est num\u00e9rot\u00e9e et accompagn\u00e9e d&rsquo;un certificat d&rsquo;authenticit\u00e9 sign\u00e9 par l&rsquo;artiste.<\/p>\n<p>&nbsp;<\/p>\n","protected":false},"excerpt":{"rendered":"<p>Sculpture Ita\u00ef &nbsp; Fonte de m\u00e9tal, peinture epoxy rouge 11,5 x 7,5 x 4,5 cm, 930g Sign\u00e9e et num\u00e9rot\u00e9e \u00c9dit\u00e9e par la galerie Loft \/ Art for All &nbsp; Tirage<\/p>\n","protected":false},"featured_media":41619,"template":"","meta":{"_acf_changed":false},"product_cat":[20],"product_tag":[],"exhibition":[],"artist":[38],"class_list":{"0":"post-41618","1":"product","2":"type-product","3":"status-publish","4":"has-post-thumbnail","6":"product_cat-tirages-dart","7":"artist-philippe-druillet","9":"first","10":"instock","11":"shipping-taxable","12":"purchasable","13":"product-type-simple"},"acf":[],"_links":{"self":[{"href":"https:\/\/3r-prev.com\/gba\/wp-json\/wp\/v2\/product\/41618","targetHints":{"allow":["GET"]}}],"collection":[{"href":"https:\/\/3r-prev.com\/gba\/wp-json\/wp\/v2\/product"}],"about":[{"href":"https:\/\/3r-prev.com\/gba\/wp-json\/wp\/v2\/types\/product"}],"wp:featuredmedia":[{"embeddable":true,"href":"https:\/\/3r-prev.com\/gba\/wp-json\/wp\/v2\/media\/41619"}],"wp:attachment":[{"href":"https:\/\/3r-prev.com\/gba\/wp-json\/wp\/v2\/media?parent=41618"}],"wp:term":[{"taxonomy":"product_cat","embeddable":true,"href":"https:\/\/3r-prev.com\/gba\/wp-json\/wp\/v2\/product_cat?post=41618"},{"taxonomy":"product_tag","embeddable":true,"href":"https:\/\/3r-prev.com\/gba\/wp-json\/wp\/v2\/product_tag?post=41618"},{"taxonomy":"exhibition","embeddable":true,"href":"https:\/\/3r-prev.com\/gba\/wp-json\/wp\/v2\/exhibition?post=41618"},{"taxonomy":"artist","embeddable":true,"href":"https:\/\/3r-prev.com\/gba\/wp-json\/wp\/v2\/artist?post=41618"}],"curies":[{"name":"wp","href":"https:\/\/api.w.org\/{rel}","templated":true}]}}