{"id":41607,"date":"2021-04-13T10:04:19","date_gmt":"2021-04-13T08:04:19","guid":{"rendered":"https:\/\/3r-prev.com\/gba\/?post_type=product&#038;p=41607"},"modified":"2024-09-27T12:43:55","modified_gmt":"2024-09-27T10:43:55","slug":"serigraphie-la-fille-christophe-blain","status":"publish","type":"product","link":"https:\/\/3r-prev.com\/gba\/produit\/serigraphie-la-fille-christophe-blain\/","title":{"rendered":"CHRISTOPHE BLAIN &#8211; S\u00e9rigraphie &#8211; La Fille"},"content":{"rendered":"<p>S\u00e9rigraphie reprenant le dessin de couverture de l\u2019album <em>La Fille<\/em> (Gallimard, 2013)<br \/>\nImpression 4 passages couleur sur papier BFK Rives 250g.<\/p>\n<p>Format 50 x 60\u00a0cm<br \/>\nTirage limit\u00e9 \u00e0 75 exemplaires, num\u00e9rot\u00e9s et sign\u00e9s<\/p>\n<p>&nbsp;<\/p>\n<p>&nbsp;<\/p>\n","protected":false},"excerpt":{"rendered":"<p>S\u00e9rigraphie reprenant le dessin de couverture de l\u2019album La Fille (Gallimard, 2013) Impression 4 passages couleur sur papier BFK Rives 250g. Format 50 x 60\u00a0cm Tirage limit\u00e9 \u00e0 75 exemplaires,<\/p>\n","protected":false},"featured_media":41608,"template":"","meta":{"_acf_changed":false},"product_cat":[20],"product_tag":[],"exhibition":[130],"artist":[53],"class_list":{"0":"post-41607","1":"product","2":"type-product","3":"status-publish","4":"has-post-thumbnail","6":"product_cat-tirages-dart","7":"exhibition-la-fille","8":"artist-christophe-blain","10":"first","11":"outofstock","12":"shipping-taxable","13":"purchasable","14":"product-type-simple"},"acf":[],"_links":{"self":[{"href":"https:\/\/3r-prev.com\/gba\/wp-json\/wp\/v2\/product\/41607","targetHints":{"allow":["GET"]}}],"collection":[{"href":"https:\/\/3r-prev.com\/gba\/wp-json\/wp\/v2\/product"}],"about":[{"href":"https:\/\/3r-prev.com\/gba\/wp-json\/wp\/v2\/types\/product"}],"wp:featuredmedia":[{"embeddable":true,"href":"https:\/\/3r-prev.com\/gba\/wp-json\/wp\/v2\/media\/41608"}],"wp:attachment":[{"href":"https:\/\/3r-prev.com\/gba\/wp-json\/wp\/v2\/media?parent=41607"}],"wp:term":[{"taxonomy":"product_cat","embeddable":true,"href":"https:\/\/3r-prev.com\/gba\/wp-json\/wp\/v2\/product_cat?post=41607"},{"taxonomy":"product_tag","embeddable":true,"href":"https:\/\/3r-prev.com\/gba\/wp-json\/wp\/v2\/product_tag?post=41607"},{"taxonomy":"exhibition","embeddable":true,"href":"https:\/\/3r-prev.com\/gba\/wp-json\/wp\/v2\/exhibition?post=41607"},{"taxonomy":"artist","embeddable":true,"href":"https:\/\/3r-prev.com\/gba\/wp-json\/wp\/v2\/artist?post=41607"}],"curies":[{"name":"wp","href":"https:\/\/api.w.org\/{rel}","templated":true}]}}