{"id":41605,"date":"2021-01-22T15:12:25","date_gmt":"2021-01-22T14:12:25","guid":{"rendered":"https:\/\/3r-prev.com\/gba\/?post_type=product&#038;p=41605"},"modified":"2024-09-27T12:43:54","modified_gmt":"2024-09-27T10:43:54","slug":"passionnement","status":"publish","type":"product","link":"https:\/\/3r-prev.com\/gba\/produit\/passionnement\/","title":{"rendered":"ZEP &#8211; Passionn\u00e9ment"},"content":{"rendered":"<p>Catalogue de l\u2019exposition consacr\u00e9e \u00e0 Zep en septembre 2012<br \/>\nPr\u00e9face Gotlib et Uderzo<\/p>\n<p>&nbsp;<\/p>\n<p>Collection \u201cCimaises\u201d 21x24cm, reliure souple<br \/>\n500 exemplaires num\u00e9rot\u00e9s et sign\u00e9s par l\u2019auteur.<br \/>\n64 pages<\/p>\n","protected":false},"excerpt":{"rendered":"<p>Catalogue de l\u2019exposition consacr\u00e9e \u00e0 Zep en septembre 2012 Pr\u00e9face Gotlib et Uderzo &nbsp; Collection \u201cCimaises\u201d 21x24cm, reliure souple 500 exemplaires num\u00e9rot\u00e9s et sign\u00e9s par l\u2019auteur. 64 pages<\/p>\n","protected":false},"featured_media":41606,"template":"","meta":{"_acf_changed":false},"product_cat":[19],"product_tag":[],"exhibition":[124],"artist":[123],"class_list":{"0":"post-41605","1":"product","2":"type-product","3":"status-publish","4":"has-post-thumbnail","6":"product_cat-livres","7":"exhibition-passionnement","8":"artist-zep","10":"first","11":"instock","12":"shipping-taxable","13":"purchasable","14":"product-type-simple"},"acf":[],"_links":{"self":[{"href":"https:\/\/3r-prev.com\/gba\/wp-json\/wp\/v2\/product\/41605","targetHints":{"allow":["GET"]}}],"collection":[{"href":"https:\/\/3r-prev.com\/gba\/wp-json\/wp\/v2\/product"}],"about":[{"href":"https:\/\/3r-prev.com\/gba\/wp-json\/wp\/v2\/types\/product"}],"wp:featuredmedia":[{"embeddable":true,"href":"https:\/\/3r-prev.com\/gba\/wp-json\/wp\/v2\/media\/41606"}],"wp:attachment":[{"href":"https:\/\/3r-prev.com\/gba\/wp-json\/wp\/v2\/media?parent=41605"}],"wp:term":[{"taxonomy":"product_cat","embeddable":true,"href":"https:\/\/3r-prev.com\/gba\/wp-json\/wp\/v2\/product_cat?post=41605"},{"taxonomy":"product_tag","embeddable":true,"href":"https:\/\/3r-prev.com\/gba\/wp-json\/wp\/v2\/product_tag?post=41605"},{"taxonomy":"exhibition","embeddable":true,"href":"https:\/\/3r-prev.com\/gba\/wp-json\/wp\/v2\/exhibition?post=41605"},{"taxonomy":"artist","embeddable":true,"href":"https:\/\/3r-prev.com\/gba\/wp-json\/wp\/v2\/artist?post=41605"}],"curies":[{"name":"wp","href":"https:\/\/api.w.org\/{rel}","templated":true}]}}