{"id":41599,"date":"2021-01-22T15:02:35","date_gmt":"2021-01-22T14:02:35","guid":{"rendered":"https:\/\/3r-prev.com\/gba\/?post_type=product&#038;p=41599"},"modified":"2024-09-27T12:43:53","modified_gmt":"2024-09-27T10:43:53","slug":"serigraphie-dialogues","status":"publish","type":"product","link":"https:\/\/3r-prev.com\/gba\/produit\/serigraphie-dialogues\/","title":{"rendered":"SCHUITEN-DURIEUX &#8211; S\u00e9rigraphie &#8211; Dialogues"},"content":{"rendered":"<p><em>Dialogues<\/em><br \/>\nS\u00e9rigraphie 14 passages \u00e9dit\u00e9e par Atlantic 12 pour l\u2019affiche de l\u2019exposition Dialogues<br \/>\nReproduite dans\u00a0<em>Dialogues<\/em>. Ed Barbier &amp; Mathon, 2016<br \/>\n70 x 100\u00a0cm<br \/>\nSign\u00e9e<\/p>\n<p>Disponibles\u00a0: 200 exemplaires num\u00e9rot\u00e9s et sign\u00e9s.<\/p>\n","protected":false},"excerpt":{"rendered":"<p>Dialogues S\u00e9rigraphie 14 passages \u00e9dit\u00e9e par Atlantic 12 pour l\u2019affiche de l\u2019exposition Dialogues Reproduite dans\u00a0Dialogues. Ed Barbier &amp; Mathon, 2016 70 x 100\u00a0cm Sign\u00e9e Disponibles\u00a0: 200 exemplaires num\u00e9rot\u00e9s et sign\u00e9s.<\/p>\n","protected":false},"featured_media":41600,"template":"","meta":{"_acf_changed":false},"product_cat":[20],"product_tag":[],"exhibition":[71],"artist":[72,73],"class_list":{"0":"post-41599","1":"product","2":"type-product","3":"status-publish","4":"has-post-thumbnail","6":"product_cat-tirages-dart","7":"exhibition-dialogues","8":"artist-francois-schuiten","9":"artist-laurent-durieux","11":"first","12":"instock","13":"shipping-taxable","14":"purchasable","15":"product-type-simple"},"acf":[],"_links":{"self":[{"href":"https:\/\/3r-prev.com\/gba\/wp-json\/wp\/v2\/product\/41599","targetHints":{"allow":["GET"]}}],"collection":[{"href":"https:\/\/3r-prev.com\/gba\/wp-json\/wp\/v2\/product"}],"about":[{"href":"https:\/\/3r-prev.com\/gba\/wp-json\/wp\/v2\/types\/product"}],"wp:featuredmedia":[{"embeddable":true,"href":"https:\/\/3r-prev.com\/gba\/wp-json\/wp\/v2\/media\/41600"}],"wp:attachment":[{"href":"https:\/\/3r-prev.com\/gba\/wp-json\/wp\/v2\/media?parent=41599"}],"wp:term":[{"taxonomy":"product_cat","embeddable":true,"href":"https:\/\/3r-prev.com\/gba\/wp-json\/wp\/v2\/product_cat?post=41599"},{"taxonomy":"product_tag","embeddable":true,"href":"https:\/\/3r-prev.com\/gba\/wp-json\/wp\/v2\/product_tag?post=41599"},{"taxonomy":"exhibition","embeddable":true,"href":"https:\/\/3r-prev.com\/gba\/wp-json\/wp\/v2\/exhibition?post=41599"},{"taxonomy":"artist","embeddable":true,"href":"https:\/\/3r-prev.com\/gba\/wp-json\/wp\/v2\/artist?post=41599"}],"curies":[{"name":"wp","href":"https:\/\/api.w.org\/{rel}","templated":true}]}}