{"id":41597,"date":"2021-01-15T11:13:43","date_gmt":"2021-01-15T10:13:43","guid":{"rendered":"https:\/\/3r-prev.com\/gba\/?post_type=product&#038;p=41597"},"modified":"2024-09-27T12:43:53","modified_gmt":"2024-09-27T10:43:53","slug":"la-possibilite-du-coq-et-autres-animaux","status":"publish","type":"product","link":"https:\/\/3r-prev.com\/gba\/produit\/la-possibilite-du-coq-et-autres-animaux\/","title":{"rendered":"CARLOS NINE &#8211; La possibilit\u00e9 du Coq, et autres animaux"},"content":{"rendered":"<p>\u00e9dit\u00e9 par Bdartist(e).<\/p>\n<p>&nbsp;<\/p>\n<p>290 exemplaires num\u00e9rot\u00e9s et sign\u00e9s,<br \/>\n26,5 x 21\u00a0cm<br \/>\nCouverture souple<br \/>\n45 pages en quadrichromie.<\/p>\n<p>&nbsp;<\/p>\n<p>Dessin de couverture\u00a0:\u00a0<em>Le vrai coq<\/em><\/p>\n","protected":false},"excerpt":{"rendered":"<p>\u00e9dit\u00e9 par Bdartist(e). &nbsp; 290 exemplaires num\u00e9rot\u00e9s et sign\u00e9s, 26,5 x 21\u00a0cm Couverture souple 45 pages en quadrichromie. &nbsp; Dessin de couverture\u00a0:\u00a0Le vrai coq<\/p>\n","protected":false},"featured_media":41598,"template":"","meta":{"_acf_changed":false},"product_cat":[19],"product_tag":[],"exhibition":[],"artist":[104],"class_list":{"0":"post-41597","1":"product","2":"type-product","3":"status-publish","4":"has-post-thumbnail","6":"product_cat-livres","7":"artist-carlos-nine","9":"first","10":"instock","11":"shipping-taxable","12":"purchasable","13":"product-type-simple"},"acf":[],"_links":{"self":[{"href":"https:\/\/3r-prev.com\/gba\/wp-json\/wp\/v2\/product\/41597","targetHints":{"allow":["GET"]}}],"collection":[{"href":"https:\/\/3r-prev.com\/gba\/wp-json\/wp\/v2\/product"}],"about":[{"href":"https:\/\/3r-prev.com\/gba\/wp-json\/wp\/v2\/types\/product"}],"wp:featuredmedia":[{"embeddable":true,"href":"https:\/\/3r-prev.com\/gba\/wp-json\/wp\/v2\/media\/41598"}],"wp:attachment":[{"href":"https:\/\/3r-prev.com\/gba\/wp-json\/wp\/v2\/media?parent=41597"}],"wp:term":[{"taxonomy":"product_cat","embeddable":true,"href":"https:\/\/3r-prev.com\/gba\/wp-json\/wp\/v2\/product_cat?post=41597"},{"taxonomy":"product_tag","embeddable":true,"href":"https:\/\/3r-prev.com\/gba\/wp-json\/wp\/v2\/product_tag?post=41597"},{"taxonomy":"exhibition","embeddable":true,"href":"https:\/\/3r-prev.com\/gba\/wp-json\/wp\/v2\/exhibition?post=41597"},{"taxonomy":"artist","embeddable":true,"href":"https:\/\/3r-prev.com\/gba\/wp-json\/wp\/v2\/artist?post=41597"}],"curies":[{"name":"wp","href":"https:\/\/api.w.org\/{rel}","templated":true}]}}