{"id":41596,"date":"2021-01-15T10:02:13","date_gmt":"2021-01-15T09:02:13","guid":{"rendered":"https:\/\/3r-prev.com\/gba\/?post_type=product&#038;p=41596"},"modified":"2024-09-27T12:43:52","modified_gmt":"2024-09-27T10:43:52","slug":"alack","status":"publish","type":"product","link":"https:\/\/3r-prev.com\/gba\/produit\/alack\/","title":{"rendered":"JOSE MU\u00d1OZ &#8211; Alack"},"content":{"rendered":"<p>Alack Sinner, le h\u00e9ros de la s\u00e9rie \u00e9ponyme cr\u00e9\u00e9e en 1975 par Jos\u00e9 Mu\u0148oz et Carlos Sampayo, est un ancien flic, qui, fatigu\u00e9 de l\u2019immoralit\u00e9 et de la corruption de la police, a un jour quitt\u00e9 l\u2019uniforme pour devenir d\u00e9tective priv\u00e9. Solitaire, lucide et sarcastique, il \u00e9volue dans les rues de New-York arm\u00e9 de son Glock 9\u00a0mm et d\u2019une int\u00e9grit\u00e9 sans faille, qui forcent au respect tous ceux qui croisent sa route\u2026<\/p>\n<p>&nbsp;<\/p>\n<p>A l\u2019occasion de l\u2019exposition \u00ab\u00a0Alack\u00a0\u00bb \u00e0 la galerie Barbier &amp; Mathon, Jos\u00e9 Mu\u0148oz et Carlos Sampayo publient un ouvrage in\u00e9dit, recueil de t\u00e9moignages des personnages qui ont c\u00f4toy\u00e9 Sinner sur le terrain comme dans l\u2019intimit\u00e9. Un capitaine de police \u00e0 la retraite, un ex-agent de la CIA, mais aussi un gar\u00e7on de caf\u00e9, un cireur de chaussures, sa compagne, sa fille\u00a0: tous racontent leur vision d\u2019un personnage hors du commun.<\/p>\n<p>&nbsp;<\/p>\n<p>Tirage\u00a0: 1000 exemplaires<\/p>\n<p>&nbsp;<\/p>\n<p>24 x 32\u00a0cm<br \/>\nCouverture souple<br \/>\n68 pages en noir et blanc.<\/p>\n","protected":false},"excerpt":{"rendered":"<p>Alack Sinner, le h\u00e9ros de la s\u00e9rie \u00e9ponyme cr\u00e9\u00e9e en 1975 par Jos\u00e9 Mu\u0148oz et Carlos Sampayo, est un ancien flic, qui, fatigu\u00e9 de l\u2019immoralit\u00e9 et de la corruption de<\/p>\n","protected":false},"featured_media":41212,"template":"","meta":{"_acf_changed":false},"product_cat":[19],"product_tag":[],"exhibition":[],"artist":[101],"class_list":{"0":"post-41596","1":"product","2":"type-product","3":"status-publish","4":"has-post-thumbnail","6":"product_cat-livres","7":"artist-jose-munoz","9":"first","10":"instock","11":"shipping-taxable","12":"purchasable","13":"product-type-simple"},"acf":[],"_links":{"self":[{"href":"https:\/\/3r-prev.com\/gba\/wp-json\/wp\/v2\/product\/41596","targetHints":{"allow":["GET"]}}],"collection":[{"href":"https:\/\/3r-prev.com\/gba\/wp-json\/wp\/v2\/product"}],"about":[{"href":"https:\/\/3r-prev.com\/gba\/wp-json\/wp\/v2\/types\/product"}],"wp:featuredmedia":[{"embeddable":true,"href":"https:\/\/3r-prev.com\/gba\/wp-json\/wp\/v2\/media\/41212"}],"wp:attachment":[{"href":"https:\/\/3r-prev.com\/gba\/wp-json\/wp\/v2\/media?parent=41596"}],"wp:term":[{"taxonomy":"product_cat","embeddable":true,"href":"https:\/\/3r-prev.com\/gba\/wp-json\/wp\/v2\/product_cat?post=41596"},{"taxonomy":"product_tag","embeddable":true,"href":"https:\/\/3r-prev.com\/gba\/wp-json\/wp\/v2\/product_tag?post=41596"},{"taxonomy":"exhibition","embeddable":true,"href":"https:\/\/3r-prev.com\/gba\/wp-json\/wp\/v2\/exhibition?post=41596"},{"taxonomy":"artist","embeddable":true,"href":"https:\/\/3r-prev.com\/gba\/wp-json\/wp\/v2\/artist?post=41596"}],"curies":[{"name":"wp","href":"https:\/\/api.w.org\/{rel}","templated":true}]}}