{"id":41594,"date":"2021-01-14T15:43:41","date_gmt":"2021-01-14T14:43:41","guid":{"rendered":"https:\/\/3r-prev.com\/gba\/?post_type=product&#038;p=41594"},"modified":"2024-09-27T12:43:51","modified_gmt":"2024-09-27T10:43:51","slug":"serigraphie","status":"publish","type":"product","link":"https:\/\/3r-prev.com\/gba\/produit\/serigraphie\/","title":{"rendered":"LOUSTAL &#8211; S\u00e9rigraphie"},"content":{"rendered":"<p>Cette magnifique s\u00e9rigraphie a b\u00e9n\u00e9fici\u00e9 de 4 passages couleur.<br \/>\n50 x 70 cm (livr\u00e9e sans encadrement)<br \/>\nNum\u00e9rot\u00e9e \u00e0 75 exemplaires et sign\u00e9e par l&rsquo;artiste<br \/>\nsur papier Arches BFK Rives 250 grammes<\/p>\n","protected":false},"excerpt":{"rendered":"<p>Cette magnifique s\u00e9rigraphie a b\u00e9n\u00e9fici\u00e9 de 4 passages couleur. 50 x 70 cm (livr\u00e9e sans encadrement) Num\u00e9rot\u00e9e \u00e0 75 exemplaires et sign\u00e9e par l&rsquo;artiste sur papier Arches BFK Rives 250<\/p>\n","protected":false},"featured_media":41595,"template":"","meta":{"_acf_changed":false},"product_cat":[20],"product_tag":[],"exhibition":[],"artist":[94],"class_list":{"0":"post-41594","1":"product","2":"type-product","3":"status-publish","4":"has-post-thumbnail","6":"product_cat-tirages-dart","7":"artist-loustal","9":"first","10":"instock","11":"shipping-taxable","12":"purchasable","13":"product-type-simple"},"acf":[],"_links":{"self":[{"href":"https:\/\/3r-prev.com\/gba\/wp-json\/wp\/v2\/product\/41594","targetHints":{"allow":["GET"]}}],"collection":[{"href":"https:\/\/3r-prev.com\/gba\/wp-json\/wp\/v2\/product"}],"about":[{"href":"https:\/\/3r-prev.com\/gba\/wp-json\/wp\/v2\/types\/product"}],"wp:featuredmedia":[{"embeddable":true,"href":"https:\/\/3r-prev.com\/gba\/wp-json\/wp\/v2\/media\/41595"}],"wp:attachment":[{"href":"https:\/\/3r-prev.com\/gba\/wp-json\/wp\/v2\/media?parent=41594"}],"wp:term":[{"taxonomy":"product_cat","embeddable":true,"href":"https:\/\/3r-prev.com\/gba\/wp-json\/wp\/v2\/product_cat?post=41594"},{"taxonomy":"product_tag","embeddable":true,"href":"https:\/\/3r-prev.com\/gba\/wp-json\/wp\/v2\/product_tag?post=41594"},{"taxonomy":"exhibition","embeddable":true,"href":"https:\/\/3r-prev.com\/gba\/wp-json\/wp\/v2\/exhibition?post=41594"},{"taxonomy":"artist","embeddable":true,"href":"https:\/\/3r-prev.com\/gba\/wp-json\/wp\/v2\/artist?post=41594"}],"curies":[{"name":"wp","href":"https:\/\/api.w.org\/{rel}","templated":true}]}}