{"id":41590,"date":"2021-01-14T15:41:31","date_gmt":"2021-01-14T14:41:31","guid":{"rendered":"https:\/\/3r-prev.com\/gba\/?post_type=product&#038;p=41590"},"modified":"2024-09-27T12:43:51","modified_gmt":"2024-09-27T10:43:51","slug":"avant-le-noir","status":"publish","type":"product","link":"https:\/\/3r-prev.com\/gba\/produit\/avant-le-noir\/","title":{"rendered":"LOUSTAL &#8211; Avant le noir"},"content":{"rendered":"<p>Edit\u00e9 par Barbier &amp; Mathon<\/p>\n<p>&nbsp;<\/p>\n<p>Tirage limit\u00e9 \u00e0 350 exemplaires, chacun accompagn\u00e9 d\u2019une s\u00e9rigraphie in\u00e9dite, num\u00e9rot\u00e9e et sign\u00e9e par l\u2019artiste. En vente exclusivement \u00e0 la galerie Barbier &amp; Mathon.<\/p>\n<p>&nbsp;<\/p>\n<p>(..)\u00a0<em>La gomme froisse, salit et alt\u00e8re la surface de ces sublimes papiers aquarelle que j\u2019utilise la plupart du temps. c\u2019est pourquoi je proc\u00e8de par couches successives de calques, depuis la premi\u00e8re esquisse agrandie et retravaill\u00e9e en pr\u00e9cisant chaque fois plus les d\u00e9tails, sans perdre la spontan\u00e9it\u00e9 du premier croquis. D\u2019o\u00f9 ces dessins pr\u00e9paratoires qui rentrent dans le processus de cr\u00e9ation, comme des matrices \u00e0 partir desquelles, sur une table lumineuse, je peux interpr\u00e9ter la composition en variant outils, m\u00e9diums et surfaces, jusqu\u2019\u00e0 trouver la meilleure expression graphique\u2026<\/em>\u00a0Loustal (Extrait de la pr\u00e9face de \u201cAvant le noir\u201d, Barbier &amp; Mathon 2017)<\/p>\n<p>&nbsp;<\/p>\n<p>Parution juin 2017<br \/>\nISBN\u2009: 978-2-919243-17-4<\/p>\n<p>&nbsp;<\/p>\n<p>16 x 20,5\u00a0cm<br \/>\nCouverture souple avec jaquette calque<br \/>\n248 pages en noir et blanc, sur papier Munken pure 140\u00a0g<\/p>\n","protected":false},"excerpt":{"rendered":"<p>Edit\u00e9 par Barbier &amp; Mathon &nbsp; Tirage limit\u00e9 \u00e0 350 exemplaires, chacun accompagn\u00e9 d\u2019une s\u00e9rigraphie in\u00e9dite, num\u00e9rot\u00e9e et sign\u00e9e par l\u2019artiste. En vente exclusivement \u00e0 la galerie Barbier &amp; Mathon.<\/p>\n","protected":false},"featured_media":41591,"template":"","meta":{"_acf_changed":false},"product_cat":[19],"product_tag":[],"exhibition":[93],"artist":[94],"class_list":{"0":"post-41590","1":"product","2":"type-product","3":"status-publish","4":"has-post-thumbnail","6":"product_cat-livres","7":"exhibition-avant-le-noir","8":"artist-loustal","10":"first","11":"instock","12":"shipping-taxable","13":"purchasable","14":"product-type-simple"},"acf":[],"_links":{"self":[{"href":"https:\/\/3r-prev.com\/gba\/wp-json\/wp\/v2\/product\/41590","targetHints":{"allow":["GET"]}}],"collection":[{"href":"https:\/\/3r-prev.com\/gba\/wp-json\/wp\/v2\/product"}],"about":[{"href":"https:\/\/3r-prev.com\/gba\/wp-json\/wp\/v2\/types\/product"}],"wp:featuredmedia":[{"embeddable":true,"href":"https:\/\/3r-prev.com\/gba\/wp-json\/wp\/v2\/media\/41591"}],"wp:attachment":[{"href":"https:\/\/3r-prev.com\/gba\/wp-json\/wp\/v2\/media?parent=41590"}],"wp:term":[{"taxonomy":"product_cat","embeddable":true,"href":"https:\/\/3r-prev.com\/gba\/wp-json\/wp\/v2\/product_cat?post=41590"},{"taxonomy":"product_tag","embeddable":true,"href":"https:\/\/3r-prev.com\/gba\/wp-json\/wp\/v2\/product_tag?post=41590"},{"taxonomy":"exhibition","embeddable":true,"href":"https:\/\/3r-prev.com\/gba\/wp-json\/wp\/v2\/exhibition?post=41590"},{"taxonomy":"artist","embeddable":true,"href":"https:\/\/3r-prev.com\/gba\/wp-json\/wp\/v2\/artist?post=41590"}],"curies":[{"name":"wp","href":"https:\/\/api.w.org\/{rel}","templated":true}]}}