{"id":41583,"date":"2021-01-14T15:35:42","date_gmt":"2021-01-14T14:35:42","guid":{"rendered":"https:\/\/3r-prev.com\/gba\/?post_type=product&#038;p=41583"},"modified":"2024-09-27T12:43:50","modified_gmt":"2024-09-27T10:43:50","slug":"liberatore","status":"publish","type":"product","link":"https:\/\/3r-prev.com\/gba\/produit\/liberatore\/","title":{"rendered":"TANINO LIBERATORE &#8211; Liberatore"},"content":{"rendered":"<p>Edit\u00e9 par Barbier &amp; Mathon<br \/>\nA l\u2019occasion de l\u2019exposition Liberatore de Tanino Liberatore du 17 mai au 15 juin 2019.<\/p>\n<p>&nbsp;<\/p>\n<p>Tirage limit\u00e9 \u00e0 275 exemplaires, chacun accompagn\u00e9 d\u2019une s\u00e9rigraphie in\u00e9dite, num\u00e9rot\u00e9e et sign\u00e9e par l\u2019artiste.<\/p>\n<p>&nbsp;<\/p>\n<p>En vente exclusivement \u00e0 la galerie Barbier.<\/p>\n<p>&nbsp;<\/p>\n<p>(..)\u00a0<em>\u201cLe 18 f\u00e9vrier 1564 mourait Michel Ange. Il emportait avec lui un savoir du dessin unique, un peu comme si la biblioth\u00e8que d\u2019Alexandrie br\u00fblait une seconde fois. Mais l\u2019Humanit\u00e9 n\u2019avait pas dit son dernier mot\u00a0: 400 ans plus tard naissait Tanino Liberatore [\u2026] Un mutant. Le ma\u00eetre de la renaissance a r\u00e9pandu son graphite sur lui, tel un sceau divin [\u2026] Pour moi, \u00e7a ne fait aucun doute\u00a0: Liberatore est la r\u00e9incarnation de Michel Ange. Version punk.\u201d<\/em>\u00a0Zep, avril 2019 (Extrait de la pr\u00e9face de\u00a0<em>Liberatore<\/em>, Barbier &amp; Mathon 2019)<\/p>\n<p>&nbsp;<\/p>\n<p>Parution mai 2019<br \/>\nISBN\u2009: 978-2-919243-28-0<\/p>\n<p>&nbsp;<\/p>\n<p>16 x 20,5\u00a0cm<br \/>\nCouverture souple avec jaquette calque<br \/>\n224 pages en noir et blanc, sur papier Munken pure 140\u00a0g<\/p>\n","protected":false},"excerpt":{"rendered":"<p>Edit\u00e9 par Barbier &amp; Mathon A l\u2019occasion de l\u2019exposition Liberatore de Tanino Liberatore du 17 mai au 15 juin 2019. &nbsp; Tirage limit\u00e9 \u00e0 275 exemplaires, chacun accompagn\u00e9 d\u2019une s\u00e9rigraphie<\/p>\n","protected":false},"featured_media":41584,"template":"","meta":{"_acf_changed":false},"product_cat":[19],"product_tag":[],"exhibition":[91],"artist":[92],"class_list":{"0":"post-41583","1":"product","2":"type-product","3":"status-publish","4":"has-post-thumbnail","6":"product_cat-livres","7":"exhibition-liberatore","8":"artist-tanino-liberatore","10":"first","11":"outofstock","12":"shipping-taxable","13":"purchasable","14":"product-type-simple"},"acf":[],"_links":{"self":[{"href":"https:\/\/3r-prev.com\/gba\/wp-json\/wp\/v2\/product\/41583","targetHints":{"allow":["GET"]}}],"collection":[{"href":"https:\/\/3r-prev.com\/gba\/wp-json\/wp\/v2\/product"}],"about":[{"href":"https:\/\/3r-prev.com\/gba\/wp-json\/wp\/v2\/types\/product"}],"wp:featuredmedia":[{"embeddable":true,"href":"https:\/\/3r-prev.com\/gba\/wp-json\/wp\/v2\/media\/41584"}],"wp:attachment":[{"href":"https:\/\/3r-prev.com\/gba\/wp-json\/wp\/v2\/media?parent=41583"}],"wp:term":[{"taxonomy":"product_cat","embeddable":true,"href":"https:\/\/3r-prev.com\/gba\/wp-json\/wp\/v2\/product_cat?post=41583"},{"taxonomy":"product_tag","embeddable":true,"href":"https:\/\/3r-prev.com\/gba\/wp-json\/wp\/v2\/product_tag?post=41583"},{"taxonomy":"exhibition","embeddable":true,"href":"https:\/\/3r-prev.com\/gba\/wp-json\/wp\/v2\/exhibition?post=41583"},{"taxonomy":"artist","embeddable":true,"href":"https:\/\/3r-prev.com\/gba\/wp-json\/wp\/v2\/artist?post=41583"}],"curies":[{"name":"wp","href":"https:\/\/api.w.org\/{rel}","templated":true}]}}