{"id":41560,"date":"2021-01-13T17:01:21","date_gmt":"2021-01-13T16:01:21","guid":{"rendered":"https:\/\/3r-prev.com\/gba\/?post_type=product&#038;p=41560"},"modified":"2024-09-27T12:43:47","modified_gmt":"2024-09-27T10:43:47","slug":"affiche-le-baton-de-plutarque","status":"publish","type":"product","link":"https:\/\/3r-prev.com\/gba\/produit\/affiche-le-baton-de-plutarque\/","title":{"rendered":"ANDR\u00c9 JUILLARD &#8211; Affiche exposition &#8211; Le B\u00e2ton de Plutarque"},"content":{"rendered":"<p>Couch\u00e9 moderne demi-mat 150\u00a0g<br \/>\n60 x 85\u00a0cm<br \/>\nEdition limit\u00e9e \u00e0 50 exemplaires<\/p>\n","protected":false},"excerpt":{"rendered":"<p>Couch\u00e9 moderne demi-mat 150\u00a0g 60 x 85\u00a0cm Edition limit\u00e9e \u00e0 50 exemplaires<\/p>\n","protected":false},"featured_media":41561,"template":"","meta":{"_acf_changed":false},"product_cat":[20],"product_tag":[],"exhibition":[83],"artist":[84],"class_list":{"0":"post-41560","1":"product","2":"type-product","3":"status-publish","4":"has-post-thumbnail","6":"product_cat-tirages-dart","7":"exhibition-le-baton-de-plutarque","8":"artist-andre-juillard","10":"first","11":"instock","12":"shipping-taxable","13":"purchasable","14":"product-type-simple"},"acf":[],"_links":{"self":[{"href":"https:\/\/3r-prev.com\/gba\/wp-json\/wp\/v2\/product\/41560","targetHints":{"allow":["GET"]}}],"collection":[{"href":"https:\/\/3r-prev.com\/gba\/wp-json\/wp\/v2\/product"}],"about":[{"href":"https:\/\/3r-prev.com\/gba\/wp-json\/wp\/v2\/types\/product"}],"wp:featuredmedia":[{"embeddable":true,"href":"https:\/\/3r-prev.com\/gba\/wp-json\/wp\/v2\/media\/41561"}],"wp:attachment":[{"href":"https:\/\/3r-prev.com\/gba\/wp-json\/wp\/v2\/media?parent=41560"}],"wp:term":[{"taxonomy":"product_cat","embeddable":true,"href":"https:\/\/3r-prev.com\/gba\/wp-json\/wp\/v2\/product_cat?post=41560"},{"taxonomy":"product_tag","embeddable":true,"href":"https:\/\/3r-prev.com\/gba\/wp-json\/wp\/v2\/product_tag?post=41560"},{"taxonomy":"exhibition","embeddable":true,"href":"https:\/\/3r-prev.com\/gba\/wp-json\/wp\/v2\/exhibition?post=41560"},{"taxonomy":"artist","embeddable":true,"href":"https:\/\/3r-prev.com\/gba\/wp-json\/wp\/v2\/artist?post=41560"}],"curies":[{"name":"wp","href":"https:\/\/api.w.org\/{rel}","templated":true}]}}