{"id":41556,"date":"2021-01-13T16:24:07","date_gmt":"2021-01-13T15:24:07","guid":{"rendered":"https:\/\/3r-prev.com\/gba\/?post_type=product&#038;p=41556"},"modified":"2024-09-27T12:43:46","modified_gmt":"2024-09-27T10:43:46","slug":"visages","status":"publish","type":"product","link":"https:\/\/3r-prev.com\/gba\/produit\/visages\/","title":{"rendered":"JEAN-CLAUDE G\u00d6TTING &#8211; Visages"},"content":{"rendered":"<p><em>Visages\u00a0<\/em><br \/>\n48 pages<br \/>\n\u00c9dition limit\u00e9e \u00e0 400 ex num\u00e9rot\u00e9s et sign\u00e9s<br \/>\nDisponible \u00e0 la galerie<\/p>\n","protected":false},"excerpt":{"rendered":"<p>Visages\u00a0 48 pages \u00c9dition limit\u00e9e \u00e0 400 ex num\u00e9rot\u00e9s et sign\u00e9s Disponible \u00e0 la galerie<\/p>\n","protected":false},"featured_media":41557,"template":"","meta":{"_acf_changed":false},"product_cat":[19],"product_tag":[],"exhibition":[],"artist":[79],"class_list":{"0":"post-41556","1":"product","2":"type-product","3":"status-publish","4":"has-post-thumbnail","6":"product_cat-livres","7":"artist-jean-claude-gotting","9":"first","10":"instock","11":"shipping-taxable","12":"purchasable","13":"product-type-simple"},"acf":[],"_links":{"self":[{"href":"https:\/\/3r-prev.com\/gba\/wp-json\/wp\/v2\/product\/41556","targetHints":{"allow":["GET"]}}],"collection":[{"href":"https:\/\/3r-prev.com\/gba\/wp-json\/wp\/v2\/product"}],"about":[{"href":"https:\/\/3r-prev.com\/gba\/wp-json\/wp\/v2\/types\/product"}],"wp:featuredmedia":[{"embeddable":true,"href":"https:\/\/3r-prev.com\/gba\/wp-json\/wp\/v2\/media\/41557"}],"wp:attachment":[{"href":"https:\/\/3r-prev.com\/gba\/wp-json\/wp\/v2\/media?parent=41556"}],"wp:term":[{"taxonomy":"product_cat","embeddable":true,"href":"https:\/\/3r-prev.com\/gba\/wp-json\/wp\/v2\/product_cat?post=41556"},{"taxonomy":"product_tag","embeddable":true,"href":"https:\/\/3r-prev.com\/gba\/wp-json\/wp\/v2\/product_tag?post=41556"},{"taxonomy":"exhibition","embeddable":true,"href":"https:\/\/3r-prev.com\/gba\/wp-json\/wp\/v2\/exhibition?post=41556"},{"taxonomy":"artist","embeddable":true,"href":"https:\/\/3r-prev.com\/gba\/wp-json\/wp\/v2\/artist?post=41556"}],"curies":[{"name":"wp","href":"https:\/\/api.w.org\/{rel}","templated":true}]}}