{"id":41554,"date":"2021-01-13T16:22:27","date_gmt":"2021-01-13T15:22:27","guid":{"rendered":"https:\/\/3r-prev.com\/gba\/?post_type=product&#038;p=41554"},"modified":"2024-09-27T12:43:46","modified_gmt":"2024-09-27T10:43:46","slug":"noir","status":"publish","type":"product","link":"https:\/\/3r-prev.com\/gba\/produit\/noir\/","title":{"rendered":"JEAN-CLAUDE G\u00d6TTING &#8211; Noir"},"content":{"rendered":"<p><em>USA ann\u00e9es 50\u2019. Un modeste m\u00e9canicien polonais d\u00e9panne le v\u00e9hicule d\u2019un chef mafieux, dont l\u2019\u00e9pouse, pour sa part, connait semble-t-il des probl\u00e8mes r\u00e9currents de climatiseur. Mais les d\u00e9convenues s\u2019enchainent pour lui, lorsque les propositions de l\u2019une et de l\u2019autre deviennent s\u00e9rieuses.<\/em><\/p>\n<p>&nbsp;<\/p>\n<p>Avec<q>\u00a0Noir<\/q>, petite r\u00e9cr\u00e9ation en forme d\u2019exercice de style, dans un format qui rappelle le Manga ou les fascicules de bandes dessin\u00e9es populaires, Jean-Claude G\u00f6tting rend hommage au roman et cin\u00e9ma noir am\u00e9ricain, et \u00e0 cet univers qui inspira ses premiers livres (<em>Creve-C\u0153ur, D\u00e9tours<\/em>) dessin\u00e9s au milieu des ann\u00e9es 80.<\/p>\n<p>&nbsp;<\/p>\n<p>13x18cm<br \/>\n160 pages noir et blanc<br \/>\nReliure souple, jaquette.<br \/>\nEditions Barbier &amp; Mathon<br \/>\nDiffusion Makassar<\/p>\n<p>&nbsp;<\/p>\n<p>ISBN\u00a0: 978-2-919243-07-5<br \/>\nParution :13 avril 2012<\/p>\n","protected":false},"excerpt":{"rendered":"<p>USA ann\u00e9es 50\u2019. Un modeste m\u00e9canicien polonais d\u00e9panne le v\u00e9hicule d\u2019un chef mafieux, dont l\u2019\u00e9pouse, pour sa part, connait semble-t-il des probl\u00e8mes r\u00e9currents de climatiseur. Mais les d\u00e9convenues s\u2019enchainent pour<\/p>\n","protected":false},"featured_media":41555,"template":"","meta":{"_acf_changed":false},"product_cat":[19],"product_tag":[],"exhibition":[80],"artist":[79],"class_list":{"0":"post-41554","1":"product","2":"type-product","3":"status-publish","4":"has-post-thumbnail","6":"product_cat-livres","7":"exhibition-watertown","8":"artist-jean-claude-gotting","10":"first","11":"instock","12":"shipping-taxable","13":"purchasable","14":"product-type-simple"},"acf":[],"_links":{"self":[{"href":"https:\/\/3r-prev.com\/gba\/wp-json\/wp\/v2\/product\/41554","targetHints":{"allow":["GET"]}}],"collection":[{"href":"https:\/\/3r-prev.com\/gba\/wp-json\/wp\/v2\/product"}],"about":[{"href":"https:\/\/3r-prev.com\/gba\/wp-json\/wp\/v2\/types\/product"}],"wp:featuredmedia":[{"embeddable":true,"href":"https:\/\/3r-prev.com\/gba\/wp-json\/wp\/v2\/media\/41555"}],"wp:attachment":[{"href":"https:\/\/3r-prev.com\/gba\/wp-json\/wp\/v2\/media?parent=41554"}],"wp:term":[{"taxonomy":"product_cat","embeddable":true,"href":"https:\/\/3r-prev.com\/gba\/wp-json\/wp\/v2\/product_cat?post=41554"},{"taxonomy":"product_tag","embeddable":true,"href":"https:\/\/3r-prev.com\/gba\/wp-json\/wp\/v2\/product_tag?post=41554"},{"taxonomy":"exhibition","embeddable":true,"href":"https:\/\/3r-prev.com\/gba\/wp-json\/wp\/v2\/exhibition?post=41554"},{"taxonomy":"artist","embeddable":true,"href":"https:\/\/3r-prev.com\/gba\/wp-json\/wp\/v2\/artist?post=41554"}],"curies":[{"name":"wp","href":"https:\/\/api.w.org\/{rel}","templated":true}]}}