{"id":41552,"date":"2021-01-13T14:07:15","date_gmt":"2021-01-13T13:07:15","guid":{"rendered":"https:\/\/3r-prev.com\/gba\/?post_type=product&#038;p=41552"},"modified":"2024-09-27T12:43:44","modified_gmt":"2024-09-27T10:43:44","slug":"serigraphie-5","status":"publish","type":"product","link":"https:\/\/3r-prev.com\/gba\/produit\/serigraphie-5\/","title":{"rendered":"NICOLAS DE CR\u00c9CY &#8211; S\u00e9rigraphie 5"},"content":{"rendered":"<p>Superbe s\u00e9rigraphie b\u00e9n\u00e9ficiant de deux passages couleur.<\/p>\n<p>Format 75 x 105\u00a0cm (livr\u00e9e sans encadrement),<br \/>\nNum\u00e9rot\u00e9e \u00e0 50 exemplaires, sign\u00e9e par l\u2019artiste,<br \/>\nSur papier BFK Rives 280\u00a0g,<br \/>\nR\u00e9alis\u00e9e par Eric Seydoux (Paris).<\/p>\n","protected":false},"excerpt":{"rendered":"<p>Superbe s\u00e9rigraphie b\u00e9n\u00e9ficiant de deux passages couleur. Format 75 x 105\u00a0cm (livr\u00e9e sans encadrement), Num\u00e9rot\u00e9e \u00e0 50 exemplaires, sign\u00e9e par l\u2019artiste, Sur papier BFK Rives 280\u00a0g, R\u00e9alis\u00e9e par Eric Seydoux<\/p>\n","protected":false},"featured_media":41553,"template":"","meta":{"_acf_changed":false},"product_cat":[20],"product_tag":[],"exhibition":[],"artist":[64],"class_list":{"0":"post-41552","1":"product","2":"type-product","3":"status-publish","4":"has-post-thumbnail","6":"product_cat-tirages-dart","7":"artist-nicolas-de-crecy","9":"first","10":"outofstock","11":"shipping-taxable","12":"purchasable","13":"product-type-simple"},"acf":[],"_links":{"self":[{"href":"https:\/\/3r-prev.com\/gba\/wp-json\/wp\/v2\/product\/41552","targetHints":{"allow":["GET"]}}],"collection":[{"href":"https:\/\/3r-prev.com\/gba\/wp-json\/wp\/v2\/product"}],"about":[{"href":"https:\/\/3r-prev.com\/gba\/wp-json\/wp\/v2\/types\/product"}],"wp:featuredmedia":[{"embeddable":true,"href":"https:\/\/3r-prev.com\/gba\/wp-json\/wp\/v2\/media\/41553"}],"wp:attachment":[{"href":"https:\/\/3r-prev.com\/gba\/wp-json\/wp\/v2\/media?parent=41552"}],"wp:term":[{"taxonomy":"product_cat","embeddable":true,"href":"https:\/\/3r-prev.com\/gba\/wp-json\/wp\/v2\/product_cat?post=41552"},{"taxonomy":"product_tag","embeddable":true,"href":"https:\/\/3r-prev.com\/gba\/wp-json\/wp\/v2\/product_tag?post=41552"},{"taxonomy":"exhibition","embeddable":true,"href":"https:\/\/3r-prev.com\/gba\/wp-json\/wp\/v2\/exhibition?post=41552"},{"taxonomy":"artist","embeddable":true,"href":"https:\/\/3r-prev.com\/gba\/wp-json\/wp\/v2\/artist?post=41552"}],"curies":[{"name":"wp","href":"https:\/\/api.w.org\/{rel}","templated":true}]}}