{"id":41551,"date":"2021-01-13T14:00:08","date_gmt":"2021-01-13T13:00:08","guid":{"rendered":"https:\/\/3r-prev.com\/gba\/?post_type=product&#038;p=41551"},"modified":"2024-09-27T12:43:44","modified_gmt":"2024-09-27T10:43:44","slug":"tirage-de-luxe-de-500-dessins-volume-i","status":"publish","type":"product","link":"https:\/\/3r-prev.com\/gba\/produit\/tirage-de-luxe-de-500-dessins-volume-i\/","title":{"rendered":"NICOLAS DE CR\u00c9CY &#8211; Tirage de luxe &#8211; 500 dessins volume I"},"content":{"rendered":"<p>Edit\u00e9 par Barbier &amp; Mathon<\/p>\n<p>&nbsp;<\/p>\n<p>Dr\u00f4les ou m\u00e9lancoliques, fantasm\u00e9s ou puis\u00e9s dans le r\u00e9el, d\u00e9cor urbain ou sc\u00e8ne d\u2019int\u00e9rieur, les croquis de Nicolas de Cr\u00e9cy nous ouvrent &#8211; un peu \u2013 l\u2019imaginaire de l\u2019auteur. On se le repr\u00e9sente tr\u00e8s bien griffonnant au coin d\u2019une table, sans autre but que le seul plaisir du dessin\u2026 car les 250 croquis pr\u00e9sent\u00e9s dans ce premier volume ont pour point commun de n\u2019avoir pas \u00e9t\u00e9 pens\u00e9s pour \u00eatre vus.<\/p>\n<p>&nbsp;<\/p>\n<p>\u00ab\u00a0Extraits de cerveau\u00a0\u00bb spontan\u00e9s, n\u00e9s \u00ab\u00a0sans intention et sans ambition\u00a0\u00bb &#8211; selon les mots m\u00eames de leur cr\u00e9ateur -, ils d\u00e9montrent une fois de plus l\u2019incroyable talent de Nicolas de Cr\u00e9cy\u00a0!<\/p>\n<p>Tirage de t\u00eate\u00a0: 75 exemplaires num\u00e9rot\u00e9s et sign\u00e9s, accompagn\u00e9s d\u2019une s\u00e9rigraphie in\u00e9dite.<\/p>\n<p>&nbsp;<\/p>\n<p>En vente exclusivement \u00e0 la Galerie Barbier.<\/p>\n<p>&nbsp;<\/p>\n<p>16 x 21\u00a0cm<br \/>\nCouverture rigide avec jaquette<br \/>\n252 pages en noir et blanc, sur papier munken pure 140\u00a0g<\/p>\n","protected":false},"excerpt":{"rendered":"<p>Edit\u00e9 par Barbier &amp; Mathon &nbsp; Dr\u00f4les ou m\u00e9lancoliques, fantasm\u00e9s ou puis\u00e9s dans le r\u00e9el, d\u00e9cor urbain ou sc\u00e8ne d\u2019int\u00e9rieur, les croquis de Nicolas de Cr\u00e9cy nous ouvrent &#8211; un<\/p>\n","protected":false},"featured_media":41550,"template":"","meta":{"_acf_changed":false},"product_cat":[19],"product_tag":[],"exhibition":[],"artist":[64],"class_list":{"0":"post-41551","1":"product","2":"type-product","3":"status-publish","4":"has-post-thumbnail","6":"product_cat-livres","7":"artist-nicolas-de-crecy","9":"first","10":"outofstock","11":"shipping-taxable","12":"purchasable","13":"product-type-simple"},"acf":[],"_links":{"self":[{"href":"https:\/\/3r-prev.com\/gba\/wp-json\/wp\/v2\/product\/41551","targetHints":{"allow":["GET"]}}],"collection":[{"href":"https:\/\/3r-prev.com\/gba\/wp-json\/wp\/v2\/product"}],"about":[{"href":"https:\/\/3r-prev.com\/gba\/wp-json\/wp\/v2\/types\/product"}],"wp:featuredmedia":[{"embeddable":true,"href":"https:\/\/3r-prev.com\/gba\/wp-json\/wp\/v2\/media\/41550"}],"wp:attachment":[{"href":"https:\/\/3r-prev.com\/gba\/wp-json\/wp\/v2\/media?parent=41551"}],"wp:term":[{"taxonomy":"product_cat","embeddable":true,"href":"https:\/\/3r-prev.com\/gba\/wp-json\/wp\/v2\/product_cat?post=41551"},{"taxonomy":"product_tag","embeddable":true,"href":"https:\/\/3r-prev.com\/gba\/wp-json\/wp\/v2\/product_tag?post=41551"},{"taxonomy":"exhibition","embeddable":true,"href":"https:\/\/3r-prev.com\/gba\/wp-json\/wp\/v2\/exhibition?post=41551"},{"taxonomy":"artist","embeddable":true,"href":"https:\/\/3r-prev.com\/gba\/wp-json\/wp\/v2\/artist?post=41551"}],"curies":[{"name":"wp","href":"https:\/\/api.w.org\/{rel}","templated":true}]}}