{"id":41545,"date":"2021-01-13T13:43:06","date_gmt":"2021-01-13T12:43:06","guid":{"rendered":"https:\/\/3r-prev.com\/gba\/?post_type=product&#038;p=41545"},"modified":"2024-09-27T12:43:43","modified_gmt":"2024-09-27T10:43:43","slug":"estampe-le-veau-dor","status":"publish","type":"product","link":"https:\/\/3r-prev.com\/gba\/produit\/estampe-le-veau-dor\/","title":{"rendered":"NICOLAS DE CR\u00c9CY &#8211; Estampe &#8211; Le Veau d&rsquo;or"},"content":{"rendered":"<p>Estampe num\u00e9rique, impression pigmentaire, sur papier Arches Museum 315\u00a0g<br \/>\nFormat 60 x 70\u00a0cm<br \/>\nTirage limit\u00e9 \u00e0 30 exemplaires, num\u00e9rot\u00e9s et sign\u00e9s<\/p>\n","protected":false},"excerpt":{"rendered":"<p>Estampe num\u00e9rique, impression pigmentaire, sur papier Arches Museum 315\u00a0g Format 60 x 70\u00a0cm Tirage limit\u00e9 \u00e0 30 exemplaires, num\u00e9rot\u00e9s et sign\u00e9s<\/p>\n","protected":false},"featured_media":41546,"template":"","meta":{"_acf_changed":false},"product_cat":[20],"product_tag":[],"exhibition":[],"artist":[64],"class_list":{"0":"post-41545","1":"product","2":"type-product","3":"status-publish","4":"has-post-thumbnail","6":"product_cat-tirages-dart","7":"artist-nicolas-de-crecy","9":"first","10":"instock","11":"shipping-taxable","12":"purchasable","13":"product-type-simple"},"acf":[],"_links":{"self":[{"href":"https:\/\/3r-prev.com\/gba\/wp-json\/wp\/v2\/product\/41545","targetHints":{"allow":["GET"]}}],"collection":[{"href":"https:\/\/3r-prev.com\/gba\/wp-json\/wp\/v2\/product"}],"about":[{"href":"https:\/\/3r-prev.com\/gba\/wp-json\/wp\/v2\/types\/product"}],"wp:featuredmedia":[{"embeddable":true,"href":"https:\/\/3r-prev.com\/gba\/wp-json\/wp\/v2\/media\/41546"}],"wp:attachment":[{"href":"https:\/\/3r-prev.com\/gba\/wp-json\/wp\/v2\/media?parent=41545"}],"wp:term":[{"taxonomy":"product_cat","embeddable":true,"href":"https:\/\/3r-prev.com\/gba\/wp-json\/wp\/v2\/product_cat?post=41545"},{"taxonomy":"product_tag","embeddable":true,"href":"https:\/\/3r-prev.com\/gba\/wp-json\/wp\/v2\/product_tag?post=41545"},{"taxonomy":"exhibition","embeddable":true,"href":"https:\/\/3r-prev.com\/gba\/wp-json\/wp\/v2\/exhibition?post=41545"},{"taxonomy":"artist","embeddable":true,"href":"https:\/\/3r-prev.com\/gba\/wp-json\/wp\/v2\/artist?post=41545"}],"curies":[{"name":"wp","href":"https:\/\/api.w.org\/{rel}","templated":true}]}}