{"id":41543,"date":"2021-01-13T13:37:34","date_gmt":"2021-01-13T12:37:34","guid":{"rendered":"https:\/\/3r-prev.com\/gba\/?post_type=product&#038;p=41543"},"modified":"2024-09-27T12:43:42","modified_gmt":"2024-09-27T10:43:42","slug":"tirage-de-luxe-de-500-dessins-volume-iii","status":"publish","type":"product","link":"https:\/\/3r-prev.com\/gba\/produit\/tirage-de-luxe-de-500-dessins-volume-iii\/","title":{"rendered":"NICOLAS DE CR\u00c9CY &#8211; Tirage de luxe &#8211; 500 dessins volume III"},"content":{"rendered":"<p>Edit\u00e9 par Barbier &amp; Mathon<\/p>\n<p>&nbsp;<\/p>\n<p>\u201dL\u2019existence d\u2019un artiste [\u2026] peut se rapprocher par bien des aspects de celle d\u2019un lion en cage. C\u2019est pourquoi il est salutaire de faire sortir le fauve de sa tani\u00e8re d\u00e8s que l\u2019occasion se pr\u00e9sente [\u2026]. Le but de cette promenade\u00a0: prolonger l\u2019exercice du dessin en le confrontant au principe de r\u00e9alit\u00e9, sortir du monde imaginaire confortable et rassurant que l\u2019artiste s\u2019est construit et dans lequel il se repa\u00eet mais peut aussi, par routine, se morfondre.[\u2026]. Sont pr\u00e9sent\u00e9s ici des dessins issus de plusieurs carnets, qui m\u2019ont accompagn\u00e9s dans mes p\u00e9r\u00e9grinations des dix ann\u00e9es pass\u00e9es. Le Japon, l\u2019Italie, le sud de la France (dont la Corse), un peu de Slov\u00e9nie, quelques vues domestiques [\u2026]. Paris aussi [\u2026] sans oublier des portraits. [\u2026]\u201d<br \/>\nNicolas de Cr\u00e9cy, juin 2018<\/p>\n<p>&nbsp;<\/p>\n<p>Tirage de t\u00eate\u00a0: 75 exemplaires num\u00e9rot\u00e9s, accompagn\u00e9s d\u2019une gravure originale num\u00e9rot\u00e9e et sign\u00e9e par l\u2019artiste.<\/p>\n<p>En vente exclusivement \u00e0 la galerie Barbier.<\/p>\n<p>&nbsp;<\/p>\n<p>18 x 23\u00a0cm<br \/>\n128 pages en quadrichromie<\/p>\n","protected":false},"excerpt":{"rendered":"<p>Edit\u00e9 par Barbier &amp; Mathon &nbsp; \u201dL\u2019existence d\u2019un artiste [\u2026] peut se rapprocher par bien des aspects de celle d\u2019un lion en cage. C\u2019est pourquoi il est salutaire de faire<\/p>\n","protected":false},"featured_media":41175,"template":"","meta":{"_acf_changed":false},"product_cat":[19],"product_tag":[],"exhibition":[65],"artist":[64],"class_list":{"0":"post-41543","1":"product","2":"type-product","3":"status-publish","4":"has-post-thumbnail","6":"product_cat-livres","7":"exhibition-carnets-dete","8":"artist-nicolas-de-crecy","10":"first","11":"instock","12":"shipping-taxable","13":"purchasable","14":"product-type-simple"},"acf":[],"_links":{"self":[{"href":"https:\/\/3r-prev.com\/gba\/wp-json\/wp\/v2\/product\/41543","targetHints":{"allow":["GET"]}}],"collection":[{"href":"https:\/\/3r-prev.com\/gba\/wp-json\/wp\/v2\/product"}],"about":[{"href":"https:\/\/3r-prev.com\/gba\/wp-json\/wp\/v2\/types\/product"}],"wp:featuredmedia":[{"embeddable":true,"href":"https:\/\/3r-prev.com\/gba\/wp-json\/wp\/v2\/media\/41175"}],"wp:attachment":[{"href":"https:\/\/3r-prev.com\/gba\/wp-json\/wp\/v2\/media?parent=41543"}],"wp:term":[{"taxonomy":"product_cat","embeddable":true,"href":"https:\/\/3r-prev.com\/gba\/wp-json\/wp\/v2\/product_cat?post=41543"},{"taxonomy":"product_tag","embeddable":true,"href":"https:\/\/3r-prev.com\/gba\/wp-json\/wp\/v2\/product_tag?post=41543"},{"taxonomy":"exhibition","embeddable":true,"href":"https:\/\/3r-prev.com\/gba\/wp-json\/wp\/v2\/exhibition?post=41543"},{"taxonomy":"artist","embeddable":true,"href":"https:\/\/3r-prev.com\/gba\/wp-json\/wp\/v2\/artist?post=41543"}],"curies":[{"name":"wp","href":"https:\/\/api.w.org\/{rel}","templated":true}]}}