{"id":41534,"date":"2021-01-12T15:05:04","date_gmt":"2021-01-12T14:05:04","guid":{"rendered":"https:\/\/3r-prev.com\/gba\/?post_type=product&#038;p=41534"},"modified":"2024-09-27T12:43:41","modified_gmt":"2024-09-27T10:43:41","slug":"a-six-mains","status":"publish","type":"product","link":"https:\/\/3r-prev.com\/gba\/produit\/a-six-mains\/","title":{"rendered":"FRAN\u00c7OIS AVRIL, DOMINIQUE CORBASSON ET EMMANUEL PIERRE &#8211; \u00c0 six mains"},"content":{"rendered":"<p>Catalogue \u00e9dit\u00e9 par Barbier &amp; Mathon \u00e0 l\u2019occasion de l\u2019exposition\u00a0<em>\u00c0 six mains<\/em>\u00a0du 24 mai 2017 au 17 juin 2017.<br \/>\nTirage limit\u00e9 \u00e0 150 exemplaires num\u00e9rot\u00e9s et sign\u00e9s par les trois artistes.<\/p>\n<p>&nbsp;<\/p>\n<p>En vente exclusivement \u00e0 la galerie Barbier.<\/p>\n<p>&nbsp;<\/p>\n<p>Parution mai 2017<br \/>\nISBN\u2009: 978-2-919243-16-7<\/p>\n<p>&nbsp;<\/p>\n<p>34 x 24,5\u00a0cm<br \/>\nCouverture souple<br \/>\n10 pages en couleur<\/p>\n","protected":false},"excerpt":{"rendered":"<p>Catalogue \u00e9dit\u00e9 par Barbier &amp; Mathon \u00e0 l\u2019occasion de l\u2019exposition\u00a0\u00c0 six mains\u00a0du 24 mai 2017 au 17 juin 2017. Tirage limit\u00e9 \u00e0 150 exemplaires num\u00e9rot\u00e9s et sign\u00e9s par les trois<\/p>\n","protected":false},"featured_media":41535,"template":"","meta":{"_acf_changed":false},"product_cat":[19],"product_tag":[],"exhibition":[59],"artist":[60,61,35],"class_list":{"0":"post-41534","1":"product","2":"type-product","3":"status-publish","4":"has-post-thumbnail","6":"product_cat-livres","7":"exhibition-a-six-mains","8":"artist-dominique-corbasson","9":"artist-emmanuel-pierre","10":"artist-francois-avril","12":"first","13":"instock","14":"shipping-taxable","15":"purchasable","16":"product-type-simple"},"acf":[],"_links":{"self":[{"href":"https:\/\/3r-prev.com\/gba\/wp-json\/wp\/v2\/product\/41534","targetHints":{"allow":["GET"]}}],"collection":[{"href":"https:\/\/3r-prev.com\/gba\/wp-json\/wp\/v2\/product"}],"about":[{"href":"https:\/\/3r-prev.com\/gba\/wp-json\/wp\/v2\/types\/product"}],"wp:featuredmedia":[{"embeddable":true,"href":"https:\/\/3r-prev.com\/gba\/wp-json\/wp\/v2\/media\/41535"}],"wp:attachment":[{"href":"https:\/\/3r-prev.com\/gba\/wp-json\/wp\/v2\/media?parent=41534"}],"wp:term":[{"taxonomy":"product_cat","embeddable":true,"href":"https:\/\/3r-prev.com\/gba\/wp-json\/wp\/v2\/product_cat?post=41534"},{"taxonomy":"product_tag","embeddable":true,"href":"https:\/\/3r-prev.com\/gba\/wp-json\/wp\/v2\/product_tag?post=41534"},{"taxonomy":"exhibition","embeddable":true,"href":"https:\/\/3r-prev.com\/gba\/wp-json\/wp\/v2\/exhibition?post=41534"},{"taxonomy":"artist","embeddable":true,"href":"https:\/\/3r-prev.com\/gba\/wp-json\/wp\/v2\/artist?post=41534"}],"curies":[{"name":"wp","href":"https:\/\/api.w.org\/{rel}","templated":true}]}}