{"id":41524,"date":"2021-01-12T14:17:01","date_gmt":"2021-01-12T13:17:01","guid":{"rendered":"https:\/\/3r-prev.com\/gba\/?post_type=product&#038;p=41524"},"modified":"2024-09-27T12:43:37","modified_gmt":"2024-09-27T10:43:37","slug":"urs","status":"publish","type":"product","link":"https:\/\/3r-prev.com\/gba\/produit\/urs\/","title":{"rendered":"ENKI BILAL &#8211; Sculpture URS"},"content":{"rendered":"<p><em>URS<\/em><br \/>\nBronze \u00e0 la cire perdue<br \/>\n80\u00a0cm<br \/>\nR\u00e9alis\u00e9 par la fonderie Rosini, 2018<br \/>\nNum\u00e9rot\u00e9 et sign\u00e9 \u00e0 8 exemplaires<\/p>\n<p>DERNIER EXEMPLAIRE<\/p>\n","protected":false},"excerpt":{"rendered":"<p>URS Bronze \u00e0 la cire perdue 80\u00a0cm R\u00e9alis\u00e9 par la fonderie Rosini, 2018 Num\u00e9rot\u00e9 et sign\u00e9 \u00e0 8 exemplaires DERNIER EXEMPLAIRE<\/p>\n","protected":false},"featured_media":41525,"template":"","meta":{"_acf_changed":false},"product_cat":[20],"product_tag":[],"exhibition":[49],"artist":[50],"class_list":{"0":"post-41524","1":"product","2":"type-product","3":"status-publish","4":"has-post-thumbnail","6":"product_cat-tirages-dart","7":"exhibition-graphite-in-progress-2","8":"artist-enki-bilal","10":"first","11":"instock","12":"shipping-taxable","13":"purchasable","14":"product-type-simple"},"acf":[],"_links":{"self":[{"href":"https:\/\/3r-prev.com\/gba\/wp-json\/wp\/v2\/product\/41524","targetHints":{"allow":["GET"]}}],"collection":[{"href":"https:\/\/3r-prev.com\/gba\/wp-json\/wp\/v2\/product"}],"about":[{"href":"https:\/\/3r-prev.com\/gba\/wp-json\/wp\/v2\/types\/product"}],"wp:featuredmedia":[{"embeddable":true,"href":"https:\/\/3r-prev.com\/gba\/wp-json\/wp\/v2\/media\/41525"}],"wp:attachment":[{"href":"https:\/\/3r-prev.com\/gba\/wp-json\/wp\/v2\/media?parent=41524"}],"wp:term":[{"taxonomy":"product_cat","embeddable":true,"href":"https:\/\/3r-prev.com\/gba\/wp-json\/wp\/v2\/product_cat?post=41524"},{"taxonomy":"product_tag","embeddable":true,"href":"https:\/\/3r-prev.com\/gba\/wp-json\/wp\/v2\/product_tag?post=41524"},{"taxonomy":"exhibition","embeddable":true,"href":"https:\/\/3r-prev.com\/gba\/wp-json\/wp\/v2\/exhibition?post=41524"},{"taxonomy":"artist","embeddable":true,"href":"https:\/\/3r-prev.com\/gba\/wp-json\/wp\/v2\/artist?post=41524"}],"curies":[{"name":"wp","href":"https:\/\/api.w.org\/{rel}","templated":true}]}}