{"id":41523,"date":"2021-01-12T13:58:36","date_gmt":"2021-01-12T12:58:36","guid":{"rendered":"https:\/\/3r-prev.com\/gba\/?post_type=product&#038;p=41523"},"modified":"2024-09-27T12:43:36","modified_gmt":"2024-09-27T10:43:36","slug":"tirage-de-luxe-graphite-in-progress-volume-1","status":"publish","type":"product","link":"https:\/\/3r-prev.com\/gba\/produit\/tirage-de-luxe-graphite-in-progress-volume-1\/","title":{"rendered":"ENKI BILAL &#8211; Tirage de luxe &#8211; Graphite in progress volume 1"},"content":{"rendered":"<p>Edit\u00e9 par Barbier &amp; Mathon<\/p>\n<p>&nbsp;<\/p>\n<p>\u201cCe petit livre est un modeste hommage \u00e0 la mine de plomb. Il est constitu\u00e9 de 117 esquisses, crayonn\u00e9s, croquis, \u00e9bauches, gribouillis\u2026\u201d<\/p>\n<p>Enki Bilal<\/p>\n<p>&nbsp;<\/p>\n<p>Tirage de t\u00eate\u00a0: 100 exemplaires num\u00e9rot\u00e9s, accompagn\u00e9s d\u2019une s\u00e9rigraphie in\u00e9dite, num\u00e9rot\u00e9e et sign\u00e9e par l\u2019artiste.<\/p>\n<p>&nbsp;<\/p>\n<p>16 x 20,5\u00a0cm<br \/>\nCouverture souple avec jaquette calque<br \/>\n128 pages en noir et blanc, sur papier Munken pure 140\u00a0g<\/p>\n<p>&nbsp;<\/p>\n<p>En vente exclusivement \u00e0 la galerie Barbier.<\/p>\n","protected":false},"excerpt":{"rendered":"<p>Edit\u00e9 par Barbier &amp; Mathon &nbsp; \u201cCe petit livre est un modeste hommage \u00e0 la mine de plomb. Il est constitu\u00e9 de 117 esquisses, crayonn\u00e9s, croquis, \u00e9bauches, gribouillis\u2026\u201d Enki Bilal<\/p>\n","protected":false},"featured_media":41168,"template":"","meta":{"_acf_changed":false},"product_cat":[19],"product_tag":[],"exhibition":[51],"artist":[50],"class_list":{"0":"post-41523","1":"product","2":"type-product","3":"status-publish","4":"has-post-thumbnail","6":"product_cat-livres","7":"exhibition-graphite-in-progress","8":"artist-enki-bilal","10":"first","11":"outofstock","12":"shipping-taxable","13":"purchasable","14":"product-type-simple"},"acf":[],"_links":{"self":[{"href":"https:\/\/3r-prev.com\/gba\/wp-json\/wp\/v2\/product\/41523","targetHints":{"allow":["GET"]}}],"collection":[{"href":"https:\/\/3r-prev.com\/gba\/wp-json\/wp\/v2\/product"}],"about":[{"href":"https:\/\/3r-prev.com\/gba\/wp-json\/wp\/v2\/types\/product"}],"wp:featuredmedia":[{"embeddable":true,"href":"https:\/\/3r-prev.com\/gba\/wp-json\/wp\/v2\/media\/41168"}],"wp:attachment":[{"href":"https:\/\/3r-prev.com\/gba\/wp-json\/wp\/v2\/media?parent=41523"}],"wp:term":[{"taxonomy":"product_cat","embeddable":true,"href":"https:\/\/3r-prev.com\/gba\/wp-json\/wp\/v2\/product_cat?post=41523"},{"taxonomy":"product_tag","embeddable":true,"href":"https:\/\/3r-prev.com\/gba\/wp-json\/wp\/v2\/product_tag?post=41523"},{"taxonomy":"exhibition","embeddable":true,"href":"https:\/\/3r-prev.com\/gba\/wp-json\/wp\/v2\/exhibition?post=41523"},{"taxonomy":"artist","embeddable":true,"href":"https:\/\/3r-prev.com\/gba\/wp-json\/wp\/v2\/artist?post=41523"}],"curies":[{"name":"wp","href":"https:\/\/api.w.org\/{rel}","templated":true}]}}