{"id":41521,"date":"2021-01-12T10:49:58","date_gmt":"2021-01-12T09:49:58","guid":{"rendered":"https:\/\/3r-prev.com\/gba\/?post_type=product&#038;p=41521"},"modified":"2024-09-27T12:43:36","modified_gmt":"2024-09-27T10:43:36","slug":"affiche-graphite-in-progress-2","status":"publish","type":"product","link":"https:\/\/3r-prev.com\/gba\/produit\/affiche-graphite-in-progress-2\/","title":{"rendered":"ENKI BILAL &#8211; Affiche exposition &#8211; Graphite in progress (2)"},"content":{"rendered":"<p>Affiche d&rsquo;exposition<\/p>\n<p>50 x 70\u00a0cm<br \/>\n\u00c9dition limit\u00e9e \u00e0 500 exemplaires<br \/>\nDisponible uniquement \u00e0 la galerie (pas d\u2019exp\u00e9dition)<\/p>\n","protected":false},"excerpt":{"rendered":"<p>Affiche d&rsquo;exposition 50 x 70\u00a0cm \u00c9dition limit\u00e9e \u00e0 500 exemplaires Disponible uniquement \u00e0 la galerie (pas d\u2019exp\u00e9dition)<\/p>\n","protected":false},"featured_media":41522,"template":"","meta":{"_acf_changed":false},"product_cat":[20],"product_tag":[],"exhibition":[49],"artist":[50],"class_list":{"0":"post-41521","1":"product","2":"type-product","3":"status-publish","4":"has-post-thumbnail","6":"product_cat-tirages-dart","7":"exhibition-graphite-in-progress-2","8":"artist-enki-bilal","10":"first","11":"instock","12":"shipping-taxable","13":"purchasable","14":"product-type-simple"},"acf":[],"_links":{"self":[{"href":"https:\/\/3r-prev.com\/gba\/wp-json\/wp\/v2\/product\/41521","targetHints":{"allow":["GET"]}}],"collection":[{"href":"https:\/\/3r-prev.com\/gba\/wp-json\/wp\/v2\/product"}],"about":[{"href":"https:\/\/3r-prev.com\/gba\/wp-json\/wp\/v2\/types\/product"}],"wp:featuredmedia":[{"embeddable":true,"href":"https:\/\/3r-prev.com\/gba\/wp-json\/wp\/v2\/media\/41522"}],"wp:attachment":[{"href":"https:\/\/3r-prev.com\/gba\/wp-json\/wp\/v2\/media?parent=41521"}],"wp:term":[{"taxonomy":"product_cat","embeddable":true,"href":"https:\/\/3r-prev.com\/gba\/wp-json\/wp\/v2\/product_cat?post=41521"},{"taxonomy":"product_tag","embeddable":true,"href":"https:\/\/3r-prev.com\/gba\/wp-json\/wp\/v2\/product_tag?post=41521"},{"taxonomy":"exhibition","embeddable":true,"href":"https:\/\/3r-prev.com\/gba\/wp-json\/wp\/v2\/exhibition?post=41521"},{"taxonomy":"artist","embeddable":true,"href":"https:\/\/3r-prev.com\/gba\/wp-json\/wp\/v2\/artist?post=41521"}],"curies":[{"name":"wp","href":"https:\/\/api.w.org\/{rel}","templated":true}]}}