{"id":41502,"date":"2021-01-11T13:33:16","date_gmt":"2021-01-11T12:33:16","guid":{"rendered":"https:\/\/3r-prev.com\/gba\/?post_type=product&#038;p=41502"},"modified":"2024-09-27T12:43:34","modified_gmt":"2024-09-27T10:43:34","slug":"integrale-culottees","status":"publish","type":"product","link":"https:\/\/3r-prev.com\/gba\/produit\/integrale-culottees\/","title":{"rendered":"P\u00c9N\u00c9LOPE BAGIEU &#8211; Tirage de luxe &#8211; Int\u00e9grale Culott\u00e9es"},"content":{"rendered":"<p>Edit\u00e9 par Barbier &amp; Mathon<\/p>\n<p>&nbsp;<\/p>\n<p>Tirage limit\u00e9 \u00e0 300 exemplaires num\u00e9rot\u00e9s, chacun accompagn\u00e9 d\u2019un ex-libris s\u00e9rigraphi\u00e9, num\u00e9rot\u00e9 et sign\u00e9 par l\u2019artiste. Ouvrages initialement parus aux \u00e9ditions Gallimard, cette \u00e9dition est augment\u00e9e de 35 portraits pr\u00e9sent\u00e9s lors de l\u2019exposition <em>Culott\u00e9es<\/em>.<\/p>\n<p>&nbsp;<\/p>\n<p>En vente exclusivement \u00e0 la galerie Barbier &amp; Mathon.<\/p>\n<p>&nbsp;<\/p>\n<p>Parution d\u00e9cembre 2018<br \/>\nISBN\u2009: 978-2-919243-24-2<br \/>\n19 x 26\u00a0cm<br \/>\n352 pages<br \/>\nCouverture rigide<\/p>\n<p>&nbsp;<\/p>\n","protected":false},"excerpt":{"rendered":"<p>Edit\u00e9 par Barbier &amp; Mathon &nbsp; Tirage limit\u00e9 \u00e0 300 exemplaires num\u00e9rot\u00e9s, chacun accompagn\u00e9 d\u2019un ex-libris s\u00e9rigraphi\u00e9, num\u00e9rot\u00e9 et sign\u00e9 par l\u2019artiste. Ouvrages initialement parus aux \u00e9ditions Gallimard, cette \u00e9dition<\/p>\n","protected":false},"featured_media":41503,"template":"","meta":{"_acf_changed":false},"product_cat":[19],"product_tag":[],"exhibition":[41],"artist":[40],"class_list":{"0":"post-41502","1":"product","2":"type-product","3":"status-publish","4":"has-post-thumbnail","6":"product_cat-livres","7":"exhibition-culottees","8":"artist-penelope-bagieu","10":"first","11":"instock","12":"shipping-taxable","13":"purchasable","14":"product-type-simple"},"acf":[],"_links":{"self":[{"href":"https:\/\/3r-prev.com\/gba\/wp-json\/wp\/v2\/product\/41502","targetHints":{"allow":["GET"]}}],"collection":[{"href":"https:\/\/3r-prev.com\/gba\/wp-json\/wp\/v2\/product"}],"about":[{"href":"https:\/\/3r-prev.com\/gba\/wp-json\/wp\/v2\/types\/product"}],"wp:featuredmedia":[{"embeddable":true,"href":"https:\/\/3r-prev.com\/gba\/wp-json\/wp\/v2\/media\/41503"}],"wp:attachment":[{"href":"https:\/\/3r-prev.com\/gba\/wp-json\/wp\/v2\/media?parent=41502"}],"wp:term":[{"taxonomy":"product_cat","embeddable":true,"href":"https:\/\/3r-prev.com\/gba\/wp-json\/wp\/v2\/product_cat?post=41502"},{"taxonomy":"product_tag","embeddable":true,"href":"https:\/\/3r-prev.com\/gba\/wp-json\/wp\/v2\/product_tag?post=41502"},{"taxonomy":"exhibition","embeddable":true,"href":"https:\/\/3r-prev.com\/gba\/wp-json\/wp\/v2\/exhibition?post=41502"},{"taxonomy":"artist","embeddable":true,"href":"https:\/\/3r-prev.com\/gba\/wp-json\/wp\/v2\/artist?post=41502"}],"curies":[{"name":"wp","href":"https:\/\/api.w.org\/{rel}","templated":true}]}}