{"id":29428,"date":"2024-06-12T16:49:23","date_gmt":"2024-06-12T14:49:23","guid":{"rendered":"https:\/\/3r-prev.com\/gba\/?post_type=product&#038;p=29428"},"modified":"2024-09-27T12:43:31","modified_gmt":"2024-09-27T10:43:31","slug":"enki-bilal-affiche-de-lexposition-philippe-druillet-fureur-de-traits-etudes","status":"publish","type":"product","link":"https:\/\/3r-prev.com\/gba\/produit\/enki-bilal-affiche-de-lexposition-philippe-druillet-fureur-de-traits-etudes\/","title":{"rendered":"PHILIPPE DRUILLET &#8211; Affiche de l&rsquo;exposition &#8211; FUREUR DE TRAITS &#8211; \u00c9tudes"},"content":{"rendered":"<p>50 x 70\u00a0cm<br \/>\n\u00c9dition limit\u00e9e \u00e0 200 exemplaires<br \/>\nDisponible uniquement \u00e0 la galerie.<\/p>\n","protected":false},"excerpt":{"rendered":"<p>50 x 70\u00a0cm \u00c9dition limit\u00e9e \u00e0 200 exemplaires Disponible uniquement \u00e0 la galerie.<\/p>\n","protected":false},"featured_media":41495,"template":"","meta":{"_acf_changed":false},"product_cat":[20],"product_tag":[],"exhibition":[69],"artist":[192,38],"class_list":{"0":"post-29428","1":"product","2":"type-product","3":"status-publish","4":"has-post-thumbnail","6":"product_cat-tirages-dart","7":"exhibition-fureur-de-traits-etudes","8":"artist-nouveautes","9":"artist-philippe-druillet","11":"first","12":"instock","13":"shipping-taxable","14":"purchasable","15":"product-type-simple"},"acf":[],"_links":{"self":[{"href":"https:\/\/3r-prev.com\/gba\/wp-json\/wp\/v2\/product\/29428","targetHints":{"allow":["GET"]}}],"collection":[{"href":"https:\/\/3r-prev.com\/gba\/wp-json\/wp\/v2\/product"}],"about":[{"href":"https:\/\/3r-prev.com\/gba\/wp-json\/wp\/v2\/types\/product"}],"wp:featuredmedia":[{"embeddable":true,"href":"https:\/\/3r-prev.com\/gba\/wp-json\/wp\/v2\/media\/41495"}],"wp:attachment":[{"href":"https:\/\/3r-prev.com\/gba\/wp-json\/wp\/v2\/media?parent=29428"}],"wp:term":[{"taxonomy":"product_cat","embeddable":true,"href":"https:\/\/3r-prev.com\/gba\/wp-json\/wp\/v2\/product_cat?post=29428"},{"taxonomy":"product_tag","embeddable":true,"href":"https:\/\/3r-prev.com\/gba\/wp-json\/wp\/v2\/product_tag?post=29428"},{"taxonomy":"exhibition","embeddable":true,"href":"https:\/\/3r-prev.com\/gba\/wp-json\/wp\/v2\/exhibition?post=29428"},{"taxonomy":"artist","embeddable":true,"href":"https:\/\/3r-prev.com\/gba\/wp-json\/wp\/v2\/artist?post=29428"}],"curies":[{"name":"wp","href":"https:\/\/api.w.org\/{rel}","templated":true}]}}