{"id":29420,"date":"2024-06-11T18:49:24","date_gmt":"2024-06-11T16:49:24","guid":{"rendered":"https:\/\/3r-prev.com\/gba\/?post_type=product&#038;p=29420"},"modified":"2024-09-27T12:43:30","modified_gmt":"2024-09-27T10:43:30","slug":"philippe-druillet-fureur-de-traits-etudes","status":"publish","type":"product","link":"https:\/\/3r-prev.com\/gba\/produit\/philippe-druillet-fureur-de-traits-etudes\/","title":{"rendered":"PHILIPPE DRUILLET &#8211; Fureur de traits &#8211; \u00c9tudes"},"content":{"rendered":"<p class=\"text-build-content\">Ce livre fait suite aux pr\u00e9c\u00e9dents catalogues de Philippe Druillet <i>Explorations<\/i> (2018) et <i>Mecha-Sloane<\/i> (2021) et fait partie de la collection <i>500 dessins<\/i> des \u00c9ditions Barbier.<\/p>\n<p class=\"text-build-content\">Sous une jaquette de papier calque, les grands noms de la bande dessin\u00e9e contemporaine pr\u00e9sentent leurs travaux divers, crayonn\u00e9s, esquisses, recherches, souvent in\u00e9dits.<\/p>\n<p class=\"text-build-content\">Cet ouvrage r\u00e9unit les dessins montr\u00e9s lors de l\u2019exposition <i>Fureur de traits<\/i> \u00e0 la galerie Barbier en juin 2024. \u00a0Y sont pr\u00e9sent\u00e9es les \u00e9tudes pr\u00e9paratoires d&rsquo;une grande partie de ses \u0153uvres majeures : <i>Vuzz, Salammb\u00f4, M\u00e9tal Hurlant<\/i>, affiches de films cultes et \u00e9ditions d&rsquo;objets d&rsquo;art.<\/p>\n<p class=\"text-build-content\">Tirage limit\u00e9 \u00e0 275 exemplaires num\u00e9rot\u00e9s accompagn\u00e9s d\u2019une s\u00e9rigraphie in\u00e9dite, num\u00e9rot\u00e9e et sign\u00e9e par l\u2019artiste.<\/p>\n<p class=\"text-build-content\">En vente exclusivement \u00e0 la galerie Barbier<\/p>\n<p class=\"p1\">ISBN : 978-2-494377-16-5<\/p>\n<p class=\"p1\">Pagination : 120 pages, cousu broch\u00e9, jaquette calque<\/p>\n<p class=\"p1\">Format : 16 x 20,5 cm<\/p>\n<p>Date de parution : 27 juin 2024. PR\u00c9COMMANDE POSSIBLE<\/p>\n","protected":false},"excerpt":{"rendered":"<p>Ce livre fait suite aux pr\u00e9c\u00e9dents catalogues de Philippe Druillet Explorations (2018) et Mecha-Sloane (2021) et fait partie de la collection 500 dessins des \u00c9ditions Barbier. Sous une jaquette de<\/p>\n","protected":false},"featured_media":41488,"template":"","meta":{"_acf_changed":false},"product_cat":[19],"product_tag":[],"exhibition":[69],"artist":[192,38],"class_list":{"0":"post-29420","1":"product","2":"type-product","3":"status-publish","4":"has-post-thumbnail","6":"product_cat-livres","7":"exhibition-fureur-de-traits-etudes","8":"artist-nouveautes","9":"artist-philippe-druillet","11":"first","12":"instock","13":"shipping-taxable","14":"purchasable","15":"product-type-simple"},"acf":[],"_links":{"self":[{"href":"https:\/\/3r-prev.com\/gba\/wp-json\/wp\/v2\/product\/29420","targetHints":{"allow":["GET"]}}],"collection":[{"href":"https:\/\/3r-prev.com\/gba\/wp-json\/wp\/v2\/product"}],"about":[{"href":"https:\/\/3r-prev.com\/gba\/wp-json\/wp\/v2\/types\/product"}],"wp:featuredmedia":[{"embeddable":true,"href":"https:\/\/3r-prev.com\/gba\/wp-json\/wp\/v2\/media\/41488"}],"wp:attachment":[{"href":"https:\/\/3r-prev.com\/gba\/wp-json\/wp\/v2\/media?parent=29420"}],"wp:term":[{"taxonomy":"product_cat","embeddable":true,"href":"https:\/\/3r-prev.com\/gba\/wp-json\/wp\/v2\/product_cat?post=29420"},{"taxonomy":"product_tag","embeddable":true,"href":"https:\/\/3r-prev.com\/gba\/wp-json\/wp\/v2\/product_tag?post=29420"},{"taxonomy":"exhibition","embeddable":true,"href":"https:\/\/3r-prev.com\/gba\/wp-json\/wp\/v2\/exhibition?post=29420"},{"taxonomy":"artist","embeddable":true,"href":"https:\/\/3r-prev.com\/gba\/wp-json\/wp\/v2\/artist?post=29420"}],"curies":[{"name":"wp","href":"https:\/\/api.w.org\/{rel}","templated":true}]}}