{"id":29394,"date":"2024-06-05T12:02:30","date_gmt":"2024-06-05T10:02:30","guid":{"rendered":"https:\/\/3r-prev.com\/gba\/?post_type=product&#038;p=29394"},"modified":"2024-09-27T12:43:28","modified_gmt":"2024-09-27T10:43:28","slug":"enki-bilal-shakespeare-bilal-une-rencontre","status":"publish","type":"product","link":"https:\/\/3r-prev.com\/gba\/produit\/enki-bilal-shakespeare-bilal-une-rencontre\/","title":{"rendered":"ENKI BILAL &#8211; Shakespeare &#8211; Bilal : Une rencontre"},"content":{"rendered":"<p><em>Shakespeare &#8211; Bilal : Une rencontre<\/em><\/p>\n<p>&nbsp;<\/p>\n<p>Edit\u00e9 par Marie Barbier \u00c9ditions.<\/p>\n<p>Quatri\u00e8me opus de la collection\u00a0<em>Une rencontre<\/em>,\u00a0<em>Shakespeare-Bilal<\/em>\u00a0se penche sur l\u2019adaptation de<em>\u00a0Rom\u00e9o et Juliette<\/em> de William Shakespeare par Enki Bilal. Publi\u00e9 en 2011, <em>Julia &amp; Roem<\/em>\u00a0reste l\u2019adaptation la plus audacieuse en bande dessin\u00e9e, et au-del\u00e0, du mythe shakespearien. Elle convoque le th\u00e9\u00e2tre, le cin\u00e9ma, la peinture, mais aussi la danse.<\/p>\n<p>L\u2019ouvrage comprend :<\/p>\n<p>\u2013 un entretien exclusif, o\u00f9 l\u2019auteur-dessinateur revient sur les\u00a0 multiples rebonds de cette aventure artistique, qui est bien sa seule reprise d\u2019un texte universellement connu, dans un hommage au long cours \u00e0 la po\u00e9sie<\/p>\n<p>\u2013 une iconographie riche d\u2019une soixantaine de dessins \u00e0 la\u00a0 mine de plomb sur calque et \u00e9galement de cases originales sur papier teint\u00e9. Le trait est \u00e0 l\u2019honneur dans l\u2019esprit de cette monochromie revendiqu\u00e9e par l\u2019artiste comme un retour \u00e0 un dessin \u00e9pur\u00e9\u2026<\/p>\n<p>\u2013 deux textes investiguant sur les liens d\u2019Enki Bilal \u00e0 William Shakespeare, les affinit\u00e9s \u00e9lectives entre leurs univers, et ce que l\u2019artiste a tr\u00e8s pr\u00e9cis\u00e9ment gard\u00e9 de l\u2019\u0153uvre-source.<\/p>\n<p>Parution 10 novembre 2023<br \/>\nISBN\u2009: 978-2-491147-50-1<br \/>\n24 x 30\u00a0cm<br \/>\n192 pages<br \/>\n<strong><br \/>\n<\/strong><\/p>\n","protected":false},"excerpt":{"rendered":"<p>Shakespeare &#8211; Bilal : Une rencontre &nbsp; Edit\u00e9 par Marie Barbier \u00c9ditions. Quatri\u00e8me opus de la collection\u00a0Une rencontre,\u00a0Shakespeare-Bilal\u00a0se penche sur l\u2019adaptation de\u00a0Rom\u00e9o et Juliette de William Shakespeare par Enki Bilal.<\/p>\n","protected":false},"featured_media":41432,"template":"","meta":{"_acf_changed":false},"product_cat":[19],"product_tag":[],"exhibition":[250],"artist":[50,192],"class_list":{"0":"post-29394","1":"product","2":"type-product","3":"status-publish","4":"has-post-thumbnail","6":"product_cat-livres","7":"exhibition-shakespeare-bilal-une-rencontre","8":"artist-enki-bilal","9":"artist-nouveautes","11":"first","12":"instock","13":"shipping-taxable","14":"purchasable","15":"product-type-simple"},"acf":[],"_links":{"self":[{"href":"https:\/\/3r-prev.com\/gba\/wp-json\/wp\/v2\/product\/29394","targetHints":{"allow":["GET"]}}],"collection":[{"href":"https:\/\/3r-prev.com\/gba\/wp-json\/wp\/v2\/product"}],"about":[{"href":"https:\/\/3r-prev.com\/gba\/wp-json\/wp\/v2\/types\/product"}],"wp:featuredmedia":[{"embeddable":true,"href":"https:\/\/3r-prev.com\/gba\/wp-json\/wp\/v2\/media\/41432"}],"wp:attachment":[{"href":"https:\/\/3r-prev.com\/gba\/wp-json\/wp\/v2\/media?parent=29394"}],"wp:term":[{"taxonomy":"product_cat","embeddable":true,"href":"https:\/\/3r-prev.com\/gba\/wp-json\/wp\/v2\/product_cat?post=29394"},{"taxonomy":"product_tag","embeddable":true,"href":"https:\/\/3r-prev.com\/gba\/wp-json\/wp\/v2\/product_tag?post=29394"},{"taxonomy":"exhibition","embeddable":true,"href":"https:\/\/3r-prev.com\/gba\/wp-json\/wp\/v2\/exhibition?post=29394"},{"taxonomy":"artist","embeddable":true,"href":"https:\/\/3r-prev.com\/gba\/wp-json\/wp\/v2\/artist?post=29394"}],"curies":[{"name":"wp","href":"https:\/\/api.w.org\/{rel}","templated":true}]}}