{"id":28876,"date":"2024-05-02T11:30:51","date_gmt":"2024-05-02T09:30:51","guid":{"rendered":"https:\/\/3r-prev.com\/gba\/?post_type=product&#038;p=28876"},"modified":"2024-09-27T12:43:28","modified_gmt":"2024-09-27T10:43:28","slug":"noel-sickles-scorchy-smith-et-le-genie-de-noel-sickles-tome-1","status":"publish","type":"product","link":"https:\/\/3r-prev.com\/gba\/produit\/noel-sickles-scorchy-smith-et-le-genie-de-noel-sickles-tome-1\/","title":{"rendered":"NOEL SICKLES &#8211; Scorchy Smith et le g\u00e9nie de Noel Sickles, Tome 1"},"content":{"rendered":"<p><strong>Apr\u00e8s<em> Terry et les pirates<\/em> de Milton Caniff, les \u00e9ditions Barbier poursuivent leur travail de traduction et de republication du patrimoine des comics am\u00e9ricain avec l\u2019un des plus grands auteurs du genre : Noel Sickles.<\/strong><\/p>\n<p>Les lecteurs fran\u00e7ais avaient pu d\u00e9couvrir dans les ann\u00e9es 80 sa s\u00e9rie la plus connue, <em>Scorchy Smith<\/em>, traduite alors sous le titre de <em>Bob l\u2019aviateur<\/em>. Les deux tomes que nous publions \u00e0 partir d\u2019aujourd\u2019hui recensent tous les strips de Scorchy que Sickles a dessin\u00e9s de 1933 \u00e0 1936, et pr\u00e9sentent une bibliographie compl\u00e8te et illustr\u00e9e de leur auteur. Car ce dessinateur hors pair travailla avant tout pour la presse, la publicit\u00e9, illustra les \u0153uvres d\u2019auteurs c\u00e9l\u00e8bres et trempa ses pinceaux pour l&rsquo;arm\u00e9e durant la Seconde Guerre mondiale.<\/p>\n<div class=\"page\" title=\"Page 3\">\n<div class=\"layoutArea\">\n<div class=\"column\">\n<p>Tant et si bien que, paradoxalement, Sickles a finalement peu \u0153uvr\u00e9 dans la bande dessin\u00e9e &#8211; ce qui explique peut-\u00eatre que son nom soit moins connu que ceux de ces successeurs. Son talent a pourtant suffi \u00e0 marquer ce medium de fa\u00e7on ind\u00e9l\u00e9bile : il en a repens\u00e9 les codes et inspir\u00e9 toute une g\u00e9n\u00e9ration, dont son ami proche et son camarade d\u2019atelier Milton Caniff.<\/p>\n<div class=\"page\" title=\"Page 3\">\n<div class=\"layoutArea\">\n<div class=\"column\">\n<p>L\u2019appareil critique tr\u00e8s riche de cette \u00e9dition pr\u00e9sente ainsi toute la carri\u00e8re foisonnante de cet auteur remarquable, et replace son parcours dans les r\u00e9alit\u00e9s sociales et \u00e9conomiques de son temps. Les cl\u00e9s pour comprendre une \u0153uvre unique et prot\u00e9iforme.<\/p>\n<div class=\"page\" title=\"Page 3\">\n<div class=\"layoutArea\">\n<div class=\"column\">\n<p>\u00ab Scorchy est une \u0153uvre pionni\u00e8re dans laquelle ont pioch\u00e9, sans vergogne et pendant des dizaines d&rsquo;ann\u00e9es, une foule d&rsquo;artistes de bande dessin\u00e9e. Sickles, modeste, pr\u00eatait peu d\u2019attention \u00e0 la flatterie, occup\u00e9 qu&rsquo;il \u00e9tait a cr\u00e9er quantit\u00e9 d&rsquo;images m\u00e9morables pour la presse magazine, du Reader&rsquo;s Digest \u00e0 Life. Tel l&rsquo;homme invisible, Sickles a beau avoir \u00e9t\u00e9 \u00e9clips\u00e9 par une foule de formidables et nouvelles sommit\u00e9s, son immense talent reste \u00e0 jamais inscrit dans leur h\u00e9ritage.\u00bb<br \/>\nExtrait de l&rsquo;introduction de Jim Steranko<\/p>\n<div class=\"page\" title=\"Page 3\">\n<div class=\"layoutArea\">\n<div class=\"column\">En vente en librairie et \u00e0 la galerie Barbier.<\/p>\n<p><strong>Parution : 10\/05\/2024.<br \/>\nPr\u00e9commande possible.<\/strong><\/p>\n<p>Belles Lettres Diffusion Distribution<br \/>\n272 pages, 29,5 x 22 cm<br \/>\nCartonn\u00e9 avec jaquette<br \/>\nISBN : 978-2-494377-10-3<\/p>\n<\/div>\n<\/div>\n<\/div>\n<\/div>\n<\/div>\n<\/div>\n<\/div>\n<\/div>\n<\/div>\n<\/div>\n<\/div>\n<\/div>\n","protected":false},"excerpt":{"rendered":"<p>Apr\u00e8s Terry et les pirates de Milton Caniff, les \u00e9ditions Barbier poursuivent leur travail de traduction et de republication du patrimoine des comics am\u00e9ricain avec l\u2019un des plus grands auteurs<\/p>\n","protected":false},"featured_media":41478,"template":"","meta":{"_acf_changed":false},"product_cat":[19],"product_tag":[],"exhibition":[],"artist":[266,192],"class_list":{"0":"post-28876","1":"product","2":"type-product","3":"status-publish","4":"has-post-thumbnail","6":"product_cat-livres","7":"artist-noel-sickles","8":"artist-nouveautes","10":"first","11":"instock","12":"shipping-taxable","13":"purchasable","14":"product-type-simple"},"acf":[],"_links":{"self":[{"href":"https:\/\/3r-prev.com\/gba\/wp-json\/wp\/v2\/product\/28876","targetHints":{"allow":["GET"]}}],"collection":[{"href":"https:\/\/3r-prev.com\/gba\/wp-json\/wp\/v2\/product"}],"about":[{"href":"https:\/\/3r-prev.com\/gba\/wp-json\/wp\/v2\/types\/product"}],"wp:featuredmedia":[{"embeddable":true,"href":"https:\/\/3r-prev.com\/gba\/wp-json\/wp\/v2\/media\/41478"}],"wp:attachment":[{"href":"https:\/\/3r-prev.com\/gba\/wp-json\/wp\/v2\/media?parent=28876"}],"wp:term":[{"taxonomy":"product_cat","embeddable":true,"href":"https:\/\/3r-prev.com\/gba\/wp-json\/wp\/v2\/product_cat?post=28876"},{"taxonomy":"product_tag","embeddable":true,"href":"https:\/\/3r-prev.com\/gba\/wp-json\/wp\/v2\/product_tag?post=28876"},{"taxonomy":"exhibition","embeddable":true,"href":"https:\/\/3r-prev.com\/gba\/wp-json\/wp\/v2\/exhibition?post=28876"},{"taxonomy":"artist","embeddable":true,"href":"https:\/\/3r-prev.com\/gba\/wp-json\/wp\/v2\/artist?post=28876"}],"curies":[{"name":"wp","href":"https:\/\/api.w.org\/{rel}","templated":true}]}}