{"id":28537,"date":"2024-04-26T15:36:39","date_gmt":"2024-04-26T13:36:39","guid":{"rendered":"https:\/\/3r-prev.com\/gba\/?post_type=product&#038;p=28537"},"modified":"2024-09-27T12:43:27","modified_gmt":"2024-09-27T10:43:27","slug":"olivier-ledroit-requiem-skateboard","status":"publish","type":"product","link":"https:\/\/3r-prev.com\/gba\/produit\/olivier-ledroit-requiem-skateboard\/","title":{"rendered":"OLIVIER LEDROIT &#8211; Requiem &#8211; skateboard"},"content":{"rendered":"<p><b>Requiem<\/b><\/p>\n<p>Planche de skateboard dessin\u00e9e par Olivier Ledroit<br \/>\nImpression sur planche 7 plis d&rsquo;\u00e9rable.<br \/>\n\u00c9dition limit\u00e9e \u00e0 25 exemplaires num\u00e9rot\u00e9s et sign\u00e9s par l&rsquo;artiste.<\/p>\n<p>EN PR\u00c9COMMANDE. PARUTION LE 16 MAI 2024.<\/p>\n<p>&nbsp;<\/p>\n<p>&nbsp;<\/p>\n<p>&nbsp;<\/p>\n<p>&nbsp;<\/p>\n","protected":false},"excerpt":{"rendered":"<p>Requiem Planche de skateboard dessin\u00e9e par Olivier Ledroit Impression sur planche 7 plis d&rsquo;\u00e9rable. \u00c9dition limit\u00e9e \u00e0 25 exemplaires num\u00e9rot\u00e9s et sign\u00e9s par l&rsquo;artiste. EN PR\u00c9COMMANDE. PARUTION LE 16 MAI<\/p>\n","protected":false},"featured_media":41477,"template":"","meta":{"_acf_changed":false},"product_cat":[20],"product_tag":[],"exhibition":[262],"artist":[192,89],"class_list":{"0":"post-28537","1":"product","2":"type-product","3":"status-publish","4":"has-post-thumbnail","6":"product_cat-tirages-dart","7":"exhibition-requiem","8":"artist-nouveautes","9":"artist-olivier-ledroit","11":"first","12":"outofstock","13":"shipping-taxable","14":"purchasable","15":"product-type-simple"},"acf":[],"_links":{"self":[{"href":"https:\/\/3r-prev.com\/gba\/wp-json\/wp\/v2\/product\/28537","targetHints":{"allow":["GET"]}}],"collection":[{"href":"https:\/\/3r-prev.com\/gba\/wp-json\/wp\/v2\/product"}],"about":[{"href":"https:\/\/3r-prev.com\/gba\/wp-json\/wp\/v2\/types\/product"}],"wp:featuredmedia":[{"embeddable":true,"href":"https:\/\/3r-prev.com\/gba\/wp-json\/wp\/v2\/media\/41477"}],"wp:attachment":[{"href":"https:\/\/3r-prev.com\/gba\/wp-json\/wp\/v2\/media?parent=28537"}],"wp:term":[{"taxonomy":"product_cat","embeddable":true,"href":"https:\/\/3r-prev.com\/gba\/wp-json\/wp\/v2\/product_cat?post=28537"},{"taxonomy":"product_tag","embeddable":true,"href":"https:\/\/3r-prev.com\/gba\/wp-json\/wp\/v2\/product_tag?post=28537"},{"taxonomy":"exhibition","embeddable":true,"href":"https:\/\/3r-prev.com\/gba\/wp-json\/wp\/v2\/exhibition?post=28537"},{"taxonomy":"artist","embeddable":true,"href":"https:\/\/3r-prev.com\/gba\/wp-json\/wp\/v2\/artist?post=28537"}],"curies":[{"name":"wp","href":"https:\/\/api.w.org\/{rel}","templated":true}]}}