{"id":28501,"date":"2024-04-22T10:51:54","date_gmt":"2024-04-22T08:51:54","guid":{"rendered":"https:\/\/3r-prev.com\/gba\/?post_type=product&#038;p=28501"},"modified":"2024-09-27T12:43:26","modified_gmt":"2024-09-27T10:43:26","slug":"jean-michel-nicollet-journal-editions-zanpano","status":"publish","type":"product","link":"https:\/\/3r-prev.com\/gba\/produit\/jean-michel-nicollet-journal-editions-zanpano\/","title":{"rendered":"JEAN-MICHEL NICOLLET &#8211; Journal &#8211; Editions Zanpano"},"content":{"rendered":"<p>\u00ab\u00a0Cette suite d\u2019images n\u2019est pas seulement un descriptif pe\u0301riodique de situations ve\u0301cues, mais l\u2019expression graphique de sensations, d\u2019observations, d\u2019e\u0301motions, de souvenirs, de re\u0302ves re\u0301els, fantasme\u0301s, ou lus. Soit un regard libre sur le monde limite\u0301 a\u0300 celui qui m\u2019entoure.\u00a0\u00bb Jean-Michel Nicollet<br \/>\n&nbsp;<br \/>\n&nbsp;<\/p>\n<p>Tirage limit\u00e9 \u00e0 250 exemplaires num\u00e9rot\u00e9s et sign\u00e9s.<br \/>\n&nbsp;<\/p>\n<p>256 pages<br \/>\n13,5 cm x 21 cm<br \/>\n978-2-915757-54-5<br \/>\n75 \u20ac<\/p>\n","protected":false},"excerpt":{"rendered":"<p>\u00ab\u00a0Cette suite d\u2019images n\u2019est pas seulement un descriptif pe\u0301riodique de situations ve\u0301cues, mais l\u2019expression graphique de sensations, d\u2019observations, d\u2019e\u0301motions, de souvenirs, de re\u0302ves re\u0301els, fantasme\u0301s, ou lus. Soit un regard<\/p>\n","protected":false},"featured_media":41470,"template":"","meta":{"_acf_changed":false},"product_cat":[19],"product_tag":[],"exhibition":[],"artist":[102,192],"class_list":{"0":"post-28501","1":"product","2":"type-product","3":"status-publish","4":"has-post-thumbnail","6":"product_cat-livres","7":"artist-jean-michel-nicollet","8":"artist-nouveautes","10":"first","11":"outofstock","12":"shipping-taxable","13":"purchasable","14":"product-type-simple"},"acf":[],"_links":{"self":[{"href":"https:\/\/3r-prev.com\/gba\/wp-json\/wp\/v2\/product\/28501","targetHints":{"allow":["GET"]}}],"collection":[{"href":"https:\/\/3r-prev.com\/gba\/wp-json\/wp\/v2\/product"}],"about":[{"href":"https:\/\/3r-prev.com\/gba\/wp-json\/wp\/v2\/types\/product"}],"wp:featuredmedia":[{"embeddable":true,"href":"https:\/\/3r-prev.com\/gba\/wp-json\/wp\/v2\/media\/41470"}],"wp:attachment":[{"href":"https:\/\/3r-prev.com\/gba\/wp-json\/wp\/v2\/media?parent=28501"}],"wp:term":[{"taxonomy":"product_cat","embeddable":true,"href":"https:\/\/3r-prev.com\/gba\/wp-json\/wp\/v2\/product_cat?post=28501"},{"taxonomy":"product_tag","embeddable":true,"href":"https:\/\/3r-prev.com\/gba\/wp-json\/wp\/v2\/product_tag?post=28501"},{"taxonomy":"exhibition","embeddable":true,"href":"https:\/\/3r-prev.com\/gba\/wp-json\/wp\/v2\/exhibition?post=28501"},{"taxonomy":"artist","embeddable":true,"href":"https:\/\/3r-prev.com\/gba\/wp-json\/wp\/v2\/artist?post=28501"}],"curies":[{"name":"wp","href":"https:\/\/api.w.org\/{rel}","templated":true}]}}