{"id":28489,"date":"2024-04-17T15:31:07","date_gmt":"2024-04-17T13:31:07","guid":{"rendered":"https:\/\/3r-prev.com\/gba\/?post_type=product&#038;p=28489"},"modified":"2024-09-27T12:43:25","modified_gmt":"2024-09-27T10:43:25","slug":"revue-portfolio-n1-estampe-portrait-dinvader-par-enki-bilal","status":"publish","type":"product","link":"https:\/\/3r-prev.com\/gba\/produit\/revue-portfolio-n1-estampe-portrait-dinvader-par-enki-bilal\/","title":{"rendered":"REVUE PORTFOLIO N\u00b01 &#8211; ESTAMPE &#8211; PORTRAIT D&rsquo;INVADER PAR ENKI BILAL"},"content":{"rendered":"<p>Estampe pigmentaire &#8211; Portrait d\u2019Invader par Enki Bilal, r\u00e9alis\u00e9 pour la couverture du premier num\u00e9ro de la revue Portfolio.<br \/>\nTirage limit\u00e9 \u00e0 150 exemplaires num\u00e9rot\u00e9s et sign\u00e9s par Enki Bilal et Invader<br \/>\n\u00c9dit\u00e9 par la revue Portfolio, 2024<br \/>\n40 x 60 cm<\/p>\n","protected":false},"excerpt":{"rendered":"<p>Estampe pigmentaire &#8211; Portrait d\u2019Invader par Enki Bilal, r\u00e9alis\u00e9 pour la couverture du premier num\u00e9ro de la revue Portfolio. Tirage limit\u00e9 \u00e0 150 exemplaires num\u00e9rot\u00e9s et sign\u00e9s par Enki Bilal<\/p>\n","protected":false},"featured_media":41469,"template":"","meta":{"_acf_changed":false},"product_cat":[20],"product_tag":[],"exhibition":[],"artist":[50,264,192,265],"class_list":{"0":"post-28489","1":"product","2":"type-product","3":"status-publish","4":"has-post-thumbnail","6":"product_cat-tirages-dart","7":"artist-enki-bilal","8":"artist-invader","9":"artist-nouveautes","10":"artist-portfolio","12":"first","13":"instock","14":"shipping-taxable","15":"purchasable","16":"product-type-simple"},"acf":[],"_links":{"self":[{"href":"https:\/\/3r-prev.com\/gba\/wp-json\/wp\/v2\/product\/28489","targetHints":{"allow":["GET"]}}],"collection":[{"href":"https:\/\/3r-prev.com\/gba\/wp-json\/wp\/v2\/product"}],"about":[{"href":"https:\/\/3r-prev.com\/gba\/wp-json\/wp\/v2\/types\/product"}],"wp:featuredmedia":[{"embeddable":true,"href":"https:\/\/3r-prev.com\/gba\/wp-json\/wp\/v2\/media\/41469"}],"wp:attachment":[{"href":"https:\/\/3r-prev.com\/gba\/wp-json\/wp\/v2\/media?parent=28489"}],"wp:term":[{"taxonomy":"product_cat","embeddable":true,"href":"https:\/\/3r-prev.com\/gba\/wp-json\/wp\/v2\/product_cat?post=28489"},{"taxonomy":"product_tag","embeddable":true,"href":"https:\/\/3r-prev.com\/gba\/wp-json\/wp\/v2\/product_tag?post=28489"},{"taxonomy":"exhibition","embeddable":true,"href":"https:\/\/3r-prev.com\/gba\/wp-json\/wp\/v2\/exhibition?post=28489"},{"taxonomy":"artist","embeddable":true,"href":"https:\/\/3r-prev.com\/gba\/wp-json\/wp\/v2\/artist?post=28489"}],"curies":[{"name":"wp","href":"https:\/\/api.w.org\/{rel}","templated":true}]}}