{"id":28076,"date":"2024-03-15T18:07:13","date_gmt":"2024-03-15T17:07:13","guid":{"rendered":"https:\/\/3r-prev.com\/gba\/?post_type=product&#038;p=28076"},"modified":"2024-09-27T12:43:22","modified_gmt":"2024-09-27T10:43:22","slug":"catherine-meurisse-le-passage","status":"publish","type":"product","link":"https:\/\/3r-prev.com\/gba\/produit\/catherine-meurisse-le-passage\/","title":{"rendered":"CATHERINE MEURISSE &#8211; Le passage"},"content":{"rendered":"<p><em>Le passage<\/em> est un recueil d&rsquo;illustrations de Catherine Meurisse \u00e9dit\u00e9 par \u00c9ditions Barbier \u00e0 l&rsquo;occasion de l&rsquo;exposition \u00ab\u00a0Le passage\u00a0\u00bb, pr\u00e9sent\u00e9e \u00e0 Drawing Now Art Fair 2024 sur le stand de la galerie Barbier et in situ du 4 avril au 11 mai 2024.<\/p>\n<p>&nbsp;<\/p>\n<div class=\"page\" title=\"Page 3\">\n<div class=\"layoutArea\">\n<div class=\"column\">\n<p><em>Au de\u0301part, il y a un re\u0302ve de pierre. Montagnes, cailloux, statues, ba\u0302timents. S&rsquo;assurer de points d&rsquo;appui solides, dessiner l&rsquo;immuable et l&rsquo;immobile. Poser son regard. Puis tre\u0300s vite on contourne les e\u0301difices, on se fraie un passage dans le mine\u0301ral, avec l&rsquo;ide\u0301e qu&rsquo;il y a d&rsquo;autres choses a\u0300 voir, derrie\u0300re, a\u0300 co\u0302te\u0301, plus loin. Les compagnons de route trouve\u0301s au hasard, la promenade s&rsquo;oriente vers le sud mais ne perd pas le nord. Sans jamais se de\u0301partir de son humour, Catherine Meurisse livre pour la premie\u0300re fois une se\u0301rie d&rsquo;images sans le\u0301gende, mais pas sans histoire. Un voyage aussi beau qu&rsquo;inattendu.<\/em><\/p>\n<\/div>\n<\/div>\n<\/div>\n<p>&nbsp;<\/p>\n<p>En vente \u00e0 la galerie Barbier &amp; en librairie : PARUTION LE 5 AVRIL 2024 &#8211; PR\u00c9COMMANDE POSSIBLE<\/p>\n<div class=\"page\" title=\"Page 3\">\n<div class=\"layoutArea\">\n<div class=\"column\">ISBN : 978-2-494377-13-4<br \/>\n88 pages<br \/>\n22,5 x 29,8 cm<\/div>\n<\/div>\n<\/div>\n","protected":false},"excerpt":{"rendered":"<p>Le passage est un recueil d&rsquo;illustrations de Catherine Meurisse \u00e9dit\u00e9 par \u00c9ditions Barbier \u00e0 l&rsquo;occasion de l&rsquo;exposition \u00ab\u00a0Le passage\u00a0\u00bb, pr\u00e9sent\u00e9e \u00e0 Drawing Now Art Fair 2024 sur le stand de<\/p>\n","protected":false},"featured_media":41454,"template":"","meta":{"_acf_changed":false},"product_cat":[19],"product_tag":[],"exhibition":[263],"artist":[99,192],"class_list":{"0":"post-28076","1":"product","2":"type-product","3":"status-publish","4":"has-post-thumbnail","6":"product_cat-livres","7":"exhibition-le-passage","8":"artist-catherine-meurisse","9":"artist-nouveautes","11":"first","12":"instock","13":"shipping-taxable","14":"purchasable","15":"product-type-simple"},"acf":[],"_links":{"self":[{"href":"https:\/\/3r-prev.com\/gba\/wp-json\/wp\/v2\/product\/28076","targetHints":{"allow":["GET"]}}],"collection":[{"href":"https:\/\/3r-prev.com\/gba\/wp-json\/wp\/v2\/product"}],"about":[{"href":"https:\/\/3r-prev.com\/gba\/wp-json\/wp\/v2\/types\/product"}],"wp:featuredmedia":[{"embeddable":true,"href":"https:\/\/3r-prev.com\/gba\/wp-json\/wp\/v2\/media\/41454"}],"wp:attachment":[{"href":"https:\/\/3r-prev.com\/gba\/wp-json\/wp\/v2\/media?parent=28076"}],"wp:term":[{"taxonomy":"product_cat","embeddable":true,"href":"https:\/\/3r-prev.com\/gba\/wp-json\/wp\/v2\/product_cat?post=28076"},{"taxonomy":"product_tag","embeddable":true,"href":"https:\/\/3r-prev.com\/gba\/wp-json\/wp\/v2\/product_tag?post=28076"},{"taxonomy":"exhibition","embeddable":true,"href":"https:\/\/3r-prev.com\/gba\/wp-json\/wp\/v2\/exhibition?post=28076"},{"taxonomy":"artist","embeddable":true,"href":"https:\/\/3r-prev.com\/gba\/wp-json\/wp\/v2\/artist?post=28076"}],"curies":[{"name":"wp","href":"https:\/\/api.w.org\/{rel}","templated":true}]}}