{"id":27868,"date":"2024-03-12T16:20:08","date_gmt":"2024-03-12T15:20:08","guid":{"rendered":"https:\/\/3r-prev.com\/gba\/?post_type=product&#038;p=27868"},"modified":"2024-09-27T12:43:20","modified_gmt":"2024-09-27T10:43:20","slug":"mckean-prompt","status":"publish","type":"product","link":"https:\/\/3r-prev.com\/gba\/produit\/mckean-prompt\/","title":{"rendered":"MCKEAN &#8211; Prompt &#8211; conversations avec une Intelligence Artificielle"},"content":{"rendered":"<p>Edit\u00e9 par \u00c9ditions Barbier \u00e0 l&rsquo;occasion de l&rsquo;exposition \u00ab\u00a0Raptor\u00a0\u00bb du 18 avril au 11 mai 2024.<\/p>\n<p>&nbsp;<\/p>\n<p><em>Que signifie cr\u00e9er dans une \u00e9poque o\u00f9 l\u2019intelligence artificielle peut g\u00e9n\u00e9rer des milliers d\u2019images \u00e0 partir de quelques mots \u2013 de quelques prompts \u2013 tap\u00e9s sur un clavier\u00a0? Face \u00e0 cette transformation in\u00e9dite des moyens de cr\u00e9ation, quel peut encore \u00eatre le r\u00f4le des artistes\u00a0? L\u2019id\u00e9e fait-elle l\u2019art\u00a0?<\/em><\/p>\n<p><em>Dave McKean est un cr\u00e9ateur rompu aux arts num\u00e9riques. Auteur, photographe, musicien, illustrateur de comics \u2013 Batman Arkham Asylum, Cages, Sandman, Raptor \u2013, il est aussi fascin\u00e9 qu\u2019inqui\u00e9t\u00e9 par cette nouvelle technologie. Pour lui, la bo\u00eete de Pandore a \u00e9t\u00e9 ouverte : il faudra faire avec l\u2019IA ou ne plus faire du tout.<\/em><\/p>\n<p><em>Publi\u00e9 pour la premi\u00e8re fois en 2022, ce livre est un recueil d\u2019histoires courtes illustr\u00e9es, n\u00e9es des conversations entre McKean et une IA. Adaptation de l\u2019\u00c9pop\u00e9e de Gilgamesh en nouvelle, interpr\u00e9tation visuelle des gros titres de presse pendant un mois ou encore \u00e9changes sur des questions impossibles, l\u2019artiste a mis \u00e0 l\u2019\u00e9preuve l\u2019IA, interrog\u00e9 ses limites, ses possibilit\u00e9s et ses risques.\u00a0<\/em><\/p>\n<p>&nbsp;<\/p>\n<p>En vente \u00e0 la galerie Barbier &amp; en librairie : PARUTION LE 5 AVRIL 2024 &#8211; PR\u00c9COMMANDE POSSIBLE<\/p>\n<div class=\"page\" title=\"Page 3\">\n<div class=\"layoutArea\">\n<div class=\"column\">Tirage en \u00e9dition limit\u00e9e \u00e0 500 exemplaires num\u00e9rot\u00e9s et sign\u00e9s par l\u2019artiste.<\/div>\n<div class=\"column\">ISBN : 978-2-494377-12-7<br \/>\n112 pages<br \/>\n22,9 x 30,5 cm<\/div>\n<\/div>\n<\/div>\n","protected":false},"excerpt":{"rendered":"<p>Edit\u00e9 par \u00c9ditions Barbier \u00e0 l&rsquo;occasion de l&rsquo;exposition \u00ab\u00a0Raptor\u00a0\u00bb du 18 avril au 11 mai 2024. &nbsp; Que signifie cr\u00e9er dans une \u00e9poque o\u00f9 l\u2019intelligence artificielle peut g\u00e9n\u00e9rer des milliers<\/p>\n","protected":false},"featured_media":41448,"template":"","meta":{"_acf_changed":false},"product_cat":[19],"product_tag":[],"exhibition":[261],"artist":[97,192],"class_list":{"0":"post-27868","1":"product","2":"type-product","3":"status-publish","4":"has-post-thumbnail","6":"product_cat-livres","7":"exhibition-raptor","8":"artist-dave-mckean","9":"artist-nouveautes","11":"first","12":"outofstock","13":"shipping-taxable","14":"purchasable","15":"product-type-simple"},"acf":[],"_links":{"self":[{"href":"https:\/\/3r-prev.com\/gba\/wp-json\/wp\/v2\/product\/27868","targetHints":{"allow":["GET"]}}],"collection":[{"href":"https:\/\/3r-prev.com\/gba\/wp-json\/wp\/v2\/product"}],"about":[{"href":"https:\/\/3r-prev.com\/gba\/wp-json\/wp\/v2\/types\/product"}],"wp:featuredmedia":[{"embeddable":true,"href":"https:\/\/3r-prev.com\/gba\/wp-json\/wp\/v2\/media\/41448"}],"wp:attachment":[{"href":"https:\/\/3r-prev.com\/gba\/wp-json\/wp\/v2\/media?parent=27868"}],"wp:term":[{"taxonomy":"product_cat","embeddable":true,"href":"https:\/\/3r-prev.com\/gba\/wp-json\/wp\/v2\/product_cat?post=27868"},{"taxonomy":"product_tag","embeddable":true,"href":"https:\/\/3r-prev.com\/gba\/wp-json\/wp\/v2\/product_tag?post=27868"},{"taxonomy":"exhibition","embeddable":true,"href":"https:\/\/3r-prev.com\/gba\/wp-json\/wp\/v2\/exhibition?post=27868"},{"taxonomy":"artist","embeddable":true,"href":"https:\/\/3r-prev.com\/gba\/wp-json\/wp\/v2\/artist?post=27868"}],"curies":[{"name":"wp","href":"https:\/\/api.w.org\/{rel}","templated":true}]}}