{"id":27082,"date":"2024-01-06T16:57:04","date_gmt":"2024-01-06T15:57:04","guid":{"rendered":"https:\/\/3r-prev.com\/gba\/?post_type=product&#038;p=27082"},"modified":"2024-09-27T12:43:20","modified_gmt":"2024-09-27T10:43:20","slug":"enki-bilal-affiche-de-lexposition-shakespeare-bilal-une-rencontre","status":"publish","type":"product","link":"https:\/\/3r-prev.com\/gba\/produit\/enki-bilal-affiche-de-lexposition-shakespeare-bilal-une-rencontre\/","title":{"rendered":"ENKI BILAL &#8211; Affiche de l&rsquo;exposition &#8211; Shakespeare &#8211; Bilal : Une rencontre"},"content":{"rendered":"<p>50 x 70\u00a0cm<br \/>\n\u00c9dition limit\u00e9e \u00e0 200 exemplaires<br \/>\nDisponible uniquement \u00e0 la galerie.<\/p>\n","protected":false},"excerpt":{"rendered":"<p>50 x 70\u00a0cm \u00c9dition limit\u00e9e \u00e0 200 exemplaires Disponible uniquement \u00e0 la galerie.<\/p>\n","protected":false},"featured_media":41447,"template":"","meta":{"_acf_changed":false},"product_cat":[20],"product_tag":[],"exhibition":[250],"artist":[50,192],"class_list":{"0":"post-27082","1":"product","2":"type-product","3":"status-publish","4":"has-post-thumbnail","6":"product_cat-tirages-dart","7":"exhibition-shakespeare-bilal-une-rencontre","8":"artist-enki-bilal","9":"artist-nouveautes","11":"first","12":"instock","13":"shipping-taxable","14":"purchasable","15":"product-type-simple"},"acf":[],"_links":{"self":[{"href":"https:\/\/3r-prev.com\/gba\/wp-json\/wp\/v2\/product\/27082","targetHints":{"allow":["GET"]}}],"collection":[{"href":"https:\/\/3r-prev.com\/gba\/wp-json\/wp\/v2\/product"}],"about":[{"href":"https:\/\/3r-prev.com\/gba\/wp-json\/wp\/v2\/types\/product"}],"wp:featuredmedia":[{"embeddable":true,"href":"https:\/\/3r-prev.com\/gba\/wp-json\/wp\/v2\/media\/41447"}],"wp:attachment":[{"href":"https:\/\/3r-prev.com\/gba\/wp-json\/wp\/v2\/media?parent=27082"}],"wp:term":[{"taxonomy":"product_cat","embeddable":true,"href":"https:\/\/3r-prev.com\/gba\/wp-json\/wp\/v2\/product_cat?post=27082"},{"taxonomy":"product_tag","embeddable":true,"href":"https:\/\/3r-prev.com\/gba\/wp-json\/wp\/v2\/product_tag?post=27082"},{"taxonomy":"exhibition","embeddable":true,"href":"https:\/\/3r-prev.com\/gba\/wp-json\/wp\/v2\/exhibition?post=27082"},{"taxonomy":"artist","embeddable":true,"href":"https:\/\/3r-prev.com\/gba\/wp-json\/wp\/v2\/artist?post=27082"}],"curies":[{"name":"wp","href":"https:\/\/api.w.org\/{rel}","templated":true}]}}