{"id":26787,"date":"2023-12-01T14:25:52","date_gmt":"2023-12-01T13:25:52","guid":{"rendered":"https:\/\/3r-prev.com\/gba\/?post_type=product&#038;p=26787"},"modified":"2024-09-27T12:43:19","modified_gmt":"2024-09-27T10:43:19","slug":"blutch-tirage-de-luxe-les-indomptes-hommage-a-lucky-luke","status":"publish","type":"product","link":"https:\/\/3r-prev.com\/gba\/produit\/blutch-tirage-de-luxe-les-indomptes-hommage-a-lucky-luke\/","title":{"rendered":"BLUTCH &#8211; Tirage de luxe &#8211; Les indompt\u00e9s &#8211; Hommage \u00e0 Lucky Luke"},"content":{"rendered":"<p>Edit\u00e9 par \u00c9ditions Barbier \u00e0 l&rsquo;occasion de l&rsquo;exposition \u00ab\u00a0Les indompt\u00e9s &#8211; Hommage \u00e0 Lucky Luke \u00a0\u00bb de Blutch, du 11 janvier au 24 f\u00e9vrier 2024.<\/p>\n<p>&nbsp;<\/p>\n<p>Tirage de luxe en \u00e9dition limit\u00e9e \u00e0 280 exemplaires accompagn\u00e9s d\u2019un tir\u00e9 \u00e0 part en digigraphie in\u00e9dit num\u00e9rot\u00e9 et sign\u00e9 par l\u2019artiste. Ouvrage initialement paru aux \u00e9ditions Dargaud \/ Lucky Comics, cette \u00e9dition est augment\u00e9e de pr\u00e8s de 160 pages de dessins pr\u00e9paratoires, croquis et storyboards et comporte une couverture in\u00e9dite.<\/p>\n<p>&nbsp;<\/p>\n<p>En vente exclusivement \u00e0 la galerie Barbier.<\/p>\n<p>PARUTION LE 15 D\u00c9CEMBRE 2023 &#8211; PR\u00c9COMMANDE POSSIBLE<\/p>\n<div class=\"page\" title=\"Page 3\">\n<div class=\"layoutArea\">\n<div class=\"column\">ISBN : 9782494377110<br \/>\n216 pages<br \/>\n24 x 31,5 cm<\/div>\n<\/div>\n<\/div>\n","protected":false},"excerpt":{"rendered":"<p>Edit\u00e9 par \u00c9ditions Barbier \u00e0 l&rsquo;occasion de l&rsquo;exposition \u00ab\u00a0Les indompt\u00e9s &#8211; Hommage \u00e0 Lucky Luke \u00a0\u00bb de Blutch, du 11 janvier au 24 f\u00e9vrier 2024. &nbsp; Tirage de luxe en<\/p>\n","protected":false},"featured_media":41439,"template":"","meta":{"_acf_changed":false},"product_cat":[19],"product_tag":[],"exhibition":[252],"artist":[54],"class_list":{"0":"post-26787","1":"product","2":"type-product","3":"status-publish","4":"has-post-thumbnail","6":"product_cat-livres","7":"exhibition-les-indomptes-hommage-a-lucky-luke","8":"artist-blutch","10":"first","11":"outofstock","12":"shipping-taxable","13":"purchasable","14":"product-type-simple"},"acf":[],"_links":{"self":[{"href":"https:\/\/3r-prev.com\/gba\/wp-json\/wp\/v2\/product\/26787","targetHints":{"allow":["GET"]}}],"collection":[{"href":"https:\/\/3r-prev.com\/gba\/wp-json\/wp\/v2\/product"}],"about":[{"href":"https:\/\/3r-prev.com\/gba\/wp-json\/wp\/v2\/types\/product"}],"wp:featuredmedia":[{"embeddable":true,"href":"https:\/\/3r-prev.com\/gba\/wp-json\/wp\/v2\/media\/41439"}],"wp:attachment":[{"href":"https:\/\/3r-prev.com\/gba\/wp-json\/wp\/v2\/media?parent=26787"}],"wp:term":[{"taxonomy":"product_cat","embeddable":true,"href":"https:\/\/3r-prev.com\/gba\/wp-json\/wp\/v2\/product_cat?post=26787"},{"taxonomy":"product_tag","embeddable":true,"href":"https:\/\/3r-prev.com\/gba\/wp-json\/wp\/v2\/product_tag?post=26787"},{"taxonomy":"exhibition","embeddable":true,"href":"https:\/\/3r-prev.com\/gba\/wp-json\/wp\/v2\/exhibition?post=26787"},{"taxonomy":"artist","embeddable":true,"href":"https:\/\/3r-prev.com\/gba\/wp-json\/wp\/v2\/artist?post=26787"}],"curies":[{"name":"wp","href":"https:\/\/api.w.org\/{rel}","templated":true}]}}