{"id":26031,"date":"2023-10-19T17:21:08","date_gmt":"2023-10-19T15:21:08","guid":{"rendered":"https:\/\/3r-prev.com\/gba\/?post_type=product&#038;p=26031"},"modified":"2024-09-27T12:43:17","modified_gmt":"2024-09-27T10:43:17","slug":"merwan-mecanique-celeste-la-source-aster-sculpture-59","status":"publish","type":"product","link":"https:\/\/3r-prev.com\/gba\/produit\/merwan-mecanique-celeste-la-source-aster-sculpture-59\/","title":{"rendered":"MERWAN &#8211; M\u00e9canique C\u00e9leste, La Source &#8211; Aster, sculpture 1"},"content":{"rendered":"<p class=\"p1\">Sculpture originale in\u00e9dite de <em>Aster<\/em> r\u00e9alis\u00e9e \u00e0 l&rsquo;occasion de la parution de<em>\u00a0M\u00e9canique C\u00e9leste, tome 2 &#8211; La Source<br \/>\n<\/em>Sculpture r\u00e9alis\u00e9e par la sculptrice Sophie Gerspacher et l\u2019artiste Merwan Chabane.<br \/>\nC\u00e9ramique \u00e9maill\u00e9e<br \/>\n20 x 30 cm<\/p>\n","protected":false},"excerpt":{"rendered":"<p>Sculpture originale in\u00e9dite de Aster r\u00e9alis\u00e9e \u00e0 l&rsquo;occasion de la parution de\u00a0M\u00e9canique C\u00e9leste, tome 2 &#8211; La Source Sculpture r\u00e9alis\u00e9e par la sculptrice Sophie Gerspacher et l\u2019artiste Merwan Chabane. C\u00e9ramique<\/p>\n","protected":false},"featured_media":41428,"template":"","meta":{"_acf_changed":false},"product_cat":[21],"product_tag":[],"exhibition":[248],"artist":[249],"class_list":{"0":"post-26031","1":"product","2":"type-product","3":"status-publish","4":"has-post-thumbnail","6":"product_cat-sculptures","7":"exhibition-mecanique-celeste-la-source","8":"artist-merwan","10":"first","11":"instock","12":"sold-individually","13":"shipping-taxable","14":"purchasable","15":"product-type-simple"},"acf":[],"_links":{"self":[{"href":"https:\/\/3r-prev.com\/gba\/wp-json\/wp\/v2\/product\/26031","targetHints":{"allow":["GET"]}}],"collection":[{"href":"https:\/\/3r-prev.com\/gba\/wp-json\/wp\/v2\/product"}],"about":[{"href":"https:\/\/3r-prev.com\/gba\/wp-json\/wp\/v2\/types\/product"}],"wp:featuredmedia":[{"embeddable":true,"href":"https:\/\/3r-prev.com\/gba\/wp-json\/wp\/v2\/media\/41428"}],"wp:attachment":[{"href":"https:\/\/3r-prev.com\/gba\/wp-json\/wp\/v2\/media?parent=26031"}],"wp:term":[{"taxonomy":"product_cat","embeddable":true,"href":"https:\/\/3r-prev.com\/gba\/wp-json\/wp\/v2\/product_cat?post=26031"},{"taxonomy":"product_tag","embeddable":true,"href":"https:\/\/3r-prev.com\/gba\/wp-json\/wp\/v2\/product_tag?post=26031"},{"taxonomy":"exhibition","embeddable":true,"href":"https:\/\/3r-prev.com\/gba\/wp-json\/wp\/v2\/exhibition?post=26031"},{"taxonomy":"artist","embeddable":true,"href":"https:\/\/3r-prev.com\/gba\/wp-json\/wp\/v2\/artist?post=26031"}],"curies":[{"name":"wp","href":"https:\/\/api.w.org\/{rel}","templated":true}]}}