{"id":25209,"date":"2023-09-29T19:06:03","date_gmt":"2023-09-29T17:06:03","guid":{"rendered":"https:\/\/3r-prev.com\/gba\/?post_type=product&#038;p=25209"},"modified":"2024-09-27T12:43:14","modified_gmt":"2024-09-27T10:43:14","slug":"merwan-mecanique-celeste-skateboard","status":"publish","type":"product","link":"https:\/\/3r-prev.com\/gba\/produit\/merwan-mecanique-celeste-skateboard\/","title":{"rendered":"MERWAN &#8211; M\u00e9canique C\u00e9leste &#8211; Skateboard"},"content":{"rendered":"<p><em>M\u00e9canique C\u00e9leste : La Source<\/em><\/p>\n<p><strong>Aster<\/strong><\/p>\n<p>Planche de skateboard dessin\u00e9e par Merwan<br \/>\nImpression sur planche 7 plis d&rsquo;\u00e9rable<br \/>\n20 x 80 cm.<br \/>\n\u00c9dition limit\u00e9e \u00e0 20 exemplaires num\u00e9rot\u00e9s et sign\u00e9s par l&rsquo;artiste<\/p>\n<p>PARUTION LE 19 OCTOBRE 2023. Pr\u00e9commandes possibles<\/p>\n","protected":false},"excerpt":{"rendered":"<p>M\u00e9canique C\u00e9leste : La Source Aster Planche de skateboard dessin\u00e9e par Merwan Impression sur planche 7 plis d&rsquo;\u00e9rable 20 x 80 cm. \u00c9dition limit\u00e9e \u00e0 20 exemplaires num\u00e9rot\u00e9s et sign\u00e9s<\/p>\n","protected":false},"featured_media":41427,"template":"","meta":{"_acf_changed":false},"product_cat":[20],"product_tag":[],"exhibition":[248],"artist":[249],"class_list":{"0":"post-25209","1":"product","2":"type-product","3":"status-publish","4":"has-post-thumbnail","6":"product_cat-tirages-dart","7":"exhibition-mecanique-celeste-la-source","8":"artist-merwan","10":"first","11":"instock","12":"shipping-taxable","13":"purchasable","14":"product-type-simple"},"acf":[],"_links":{"self":[{"href":"https:\/\/3r-prev.com\/gba\/wp-json\/wp\/v2\/product\/25209","targetHints":{"allow":["GET"]}}],"collection":[{"href":"https:\/\/3r-prev.com\/gba\/wp-json\/wp\/v2\/product"}],"about":[{"href":"https:\/\/3r-prev.com\/gba\/wp-json\/wp\/v2\/types\/product"}],"wp:featuredmedia":[{"embeddable":true,"href":"https:\/\/3r-prev.com\/gba\/wp-json\/wp\/v2\/media\/41427"}],"wp:attachment":[{"href":"https:\/\/3r-prev.com\/gba\/wp-json\/wp\/v2\/media?parent=25209"}],"wp:term":[{"taxonomy":"product_cat","embeddable":true,"href":"https:\/\/3r-prev.com\/gba\/wp-json\/wp\/v2\/product_cat?post=25209"},{"taxonomy":"product_tag","embeddable":true,"href":"https:\/\/3r-prev.com\/gba\/wp-json\/wp\/v2\/product_tag?post=25209"},{"taxonomy":"exhibition","embeddable":true,"href":"https:\/\/3r-prev.com\/gba\/wp-json\/wp\/v2\/exhibition?post=25209"},{"taxonomy":"artist","embeddable":true,"href":"https:\/\/3r-prev.com\/gba\/wp-json\/wp\/v2\/artist?post=25209"}],"curies":[{"name":"wp","href":"https:\/\/api.w.org\/{rel}","templated":true}]}}