{"id":24654,"date":"2023-08-04T17:45:01","date_gmt":"2023-08-04T15:45:01","guid":{"rendered":"https:\/\/3r-prev.com\/gba\/?post_type=product&#038;p=24654"},"modified":"2024-09-27T12:43:14","modified_gmt":"2024-09-27T10:43:14","slug":"david-prudhomme-tirage-normal-le-dessin-mene-la-danse","status":"publish","type":"product","link":"https:\/\/3r-prev.com\/gba\/produit\/david-prudhomme-tirage-normal-le-dessin-mene-la-danse\/","title":{"rendered":"DAVID PRUDHOMME &#8211; Tirage normal &#8211; Le dessin m\u00e8ne la danse"},"content":{"rendered":"<div class=\"page\" title=\"Page 4\">\n<div class=\"layoutArea\">\n<div class=\"column\">\n<p>\u00c0 l\u2019occasion de l&rsquo;exposition Le dessin m\u00e8ne la danse qui a lieu du 4 juillet au 2 septembre 2023, les \u00e9ditions Barbier publient le livre d&rsquo;entretiens <em>Le dessin m\u00e8ne la danse<\/em>.<\/p>\n<div class=\"page\" title=\"Page 3\">\n<div class=\"layoutArea\">\n<div class=\"column\">\n<p><em>Des bords de la Loire au Japon en passant par les Balkans, de l\u2019art parie\u0301tal aux cimaises du Louvre en passant par la litte\u0301rature, du pale\u0301olithique au contemporain en passant par le Moyen A\u0302ge, ce livre nous plonge dans l\u2019univers riche et varie\u0301 de David Prudhomme, auteur prolifique au dessin prote\u0301iforme. Dans un entretien qui suit le cours de sa cre\u0301ation depuis les origines, il se livre ouvertement sur son travail, son processus de cre\u0301ation, et nous fait part de son amour de la bande dessine\u0301e et de sa passion pour le dessin, indissociables de son chemin de vie. Les propos recueillis et, surtout, les \u0153uvres reproduites montrent un gou\u0302t pour la liberte\u0301 et une exploration sans limite du trait au service de l\u2019expression et de la narration d\u2019un dessinateur virtuose qui ne cesse d\u2019interroger son art.<\/em><\/p>\n<\/div>\n<\/div>\n<\/div>\n<div class=\"page\" title=\"Page 3\">\n<div class=\"layoutArea\">\n<div class=\"column\">\n<p>En vente en librairie et \u00e0 la galerie Barbier.<\/p>\n<p>Parution : 18\/08\/2023.<br \/>\nPr\u00e9commande possible.<\/p>\n<p>Couverture cartonne\u0301e<br \/>\n244 pages<br \/>\n23,8 x 32,8 cm<br \/>\nISBN : 978-2-494377-04-2<\/p>\n<\/div>\n<p>&nbsp;<\/p>\n<p>&nbsp;<\/p>\n<\/div>\n<\/div>\n<\/div>\n<\/div>\n<\/div>\n","protected":false},"excerpt":{"rendered":"<p>\u00c0 l\u2019occasion de l&rsquo;exposition Le dessin m\u00e8ne la danse qui a lieu du 4 juillet au 2 septembre 2023, les \u00e9ditions Barbier publient le livre d&rsquo;entretiens Le dessin m\u00e8ne la<\/p>\n","protected":false},"featured_media":41426,"template":"","meta":{"_acf_changed":false},"product_cat":[19],"product_tag":[],"exhibition":[241],"artist":[242],"class_list":{"0":"post-24654","1":"product","2":"type-product","3":"status-publish","4":"has-post-thumbnail","6":"product_cat-livres","7":"exhibition-le-dessin-mene-la-danse","8":"artist-david-prudhomme","10":"first","11":"instock","12":"shipping-taxable","13":"purchasable","14":"product-type-simple"},"acf":[],"_links":{"self":[{"href":"https:\/\/3r-prev.com\/gba\/wp-json\/wp\/v2\/product\/24654","targetHints":{"allow":["GET"]}}],"collection":[{"href":"https:\/\/3r-prev.com\/gba\/wp-json\/wp\/v2\/product"}],"about":[{"href":"https:\/\/3r-prev.com\/gba\/wp-json\/wp\/v2\/types\/product"}],"wp:featuredmedia":[{"embeddable":true,"href":"https:\/\/3r-prev.com\/gba\/wp-json\/wp\/v2\/media\/41426"}],"wp:attachment":[{"href":"https:\/\/3r-prev.com\/gba\/wp-json\/wp\/v2\/media?parent=24654"}],"wp:term":[{"taxonomy":"product_cat","embeddable":true,"href":"https:\/\/3r-prev.com\/gba\/wp-json\/wp\/v2\/product_cat?post=24654"},{"taxonomy":"product_tag","embeddable":true,"href":"https:\/\/3r-prev.com\/gba\/wp-json\/wp\/v2\/product_tag?post=24654"},{"taxonomy":"exhibition","embeddable":true,"href":"https:\/\/3r-prev.com\/gba\/wp-json\/wp\/v2\/exhibition?post=24654"},{"taxonomy":"artist","embeddable":true,"href":"https:\/\/3r-prev.com\/gba\/wp-json\/wp\/v2\/artist?post=24654"}],"curies":[{"name":"wp","href":"https:\/\/api.w.org\/{rel}","templated":true}]}}