{"id":24619,"date":"2023-08-02T14:04:01","date_gmt":"2023-08-02T12:04:01","guid":{"rendered":"https:\/\/3r-prev.com\/gba\/?post_type=product&#038;p=24619"},"modified":"2024-09-27T12:43:13","modified_gmt":"2024-09-27T10:43:13","slug":"luigi-critone-tirage-normal-variations","status":"publish","type":"product","link":"https:\/\/3r-prev.com\/gba\/produit\/luigi-critone-tirage-normal-variations\/","title":{"rendered":"LUIGI CRITONE &#8211; Variations"},"content":{"rendered":"<div class=\"page\" title=\"Page 4\">\n<div class=\"layoutArea\">\n<div class=\"column\">\n<p>\u00c9dit\u00e9 \u00e0 l\u2019occasion de l\u2019exposition <em>Variations<\/em> de Luigi Critone,\u00a0 du 07 septembre au 07 octobre 2023 \u00e0 la galerie Barbier.<\/p>\n<p>Pour la collection<em> Dessins<\/em>, Luigi Critone nous ouvre ses cartons et carnets. Nous faisons en sa compagnie un pas de co\u0302te\u0301, une excursion hors des sentiers historiques qui ont fait sa re\u0301putation \u2013 de <em>Je<\/em>, <em>Franc\u0327ois Villon<\/em> au <em>Scorpion<\/em>, en passant par <em>Aldobrando<\/em>. Dans <em>Variations<\/em>, on de\u0301couvre une main libe\u0301re\u0301e des cases, tout entie\u0300re de\u0301voue\u0301e a\u0300 un exercice classique par excellence : le nu fe\u0301minin d\u2019apre\u0300s mode\u0300le.<\/p>\n<p>Une telle unicite\u0301 du sujet, loin de risquer la re\u0301pe\u0301tition, permet au contraire de mieux appre\u0301cier la virtuosite\u0301 de ce dessinateur. Au fil des variations de technique (crayon ou aquarelle), de pose et de mode\u0300le, d\u2019un simple trace\u0301 pris sur le vif a\u0300 de saisissants clairs-obscurs, l\u2019e\u0301le\u0301gance du trait est toujours e\u0301vidente, servie par la retenue du geste qu\u2019impose l\u2019exercice \u2013 peu de de\u0301cors, peu de couleurs. Et, quand ces derniers surgissent, c\u2019est pour servir une poe\u0301sie de\u0301licate, empreinte de quotidien et d\u2019intimite\u0301.<\/p>\n<p><strong>En vente \u00e0 la galerie Barbier et en librairie d\u00e8s le 20 octobre 2023<\/strong><\/p>\n<p>Parution : 20\/10\/2023. Pr\u00e9commande possible.<br \/>\nFormat : 20,5 x 16 cm<br \/>\nBroch\u00e9 &#8211; Jaquette en calque<br \/>\n128 pages<br \/>\nISBN : 978-2-494377-06-6<\/p>\n<\/div>\n<\/div>\n<\/div>\n","protected":false},"excerpt":{"rendered":"<p>\u00c9dit\u00e9 \u00e0 l\u2019occasion de l\u2019exposition Variations de Luigi Critone,\u00a0 du 07 septembre au 07 octobre 2023 \u00e0 la galerie Barbier. Pour la collection Dessins, Luigi Critone nous ouvre ses cartons<\/p>\n","protected":false},"featured_media":41414,"template":"","meta":{"_acf_changed":false},"product_cat":[19],"product_tag":[],"exhibition":[244],"artist":[226,192],"class_list":{"0":"post-24619","1":"product","2":"type-product","3":"status-publish","4":"has-post-thumbnail","6":"product_cat-livres","7":"exhibition-variations","8":"artist-luigi-critone","9":"artist-nouveautes","11":"first","12":"instock","13":"shipping-taxable","14":"purchasable","15":"product-type-simple"},"acf":[],"_links":{"self":[{"href":"https:\/\/3r-prev.com\/gba\/wp-json\/wp\/v2\/product\/24619","targetHints":{"allow":["GET"]}}],"collection":[{"href":"https:\/\/3r-prev.com\/gba\/wp-json\/wp\/v2\/product"}],"about":[{"href":"https:\/\/3r-prev.com\/gba\/wp-json\/wp\/v2\/types\/product"}],"wp:featuredmedia":[{"embeddable":true,"href":"https:\/\/3r-prev.com\/gba\/wp-json\/wp\/v2\/media\/41414"}],"wp:attachment":[{"href":"https:\/\/3r-prev.com\/gba\/wp-json\/wp\/v2\/media?parent=24619"}],"wp:term":[{"taxonomy":"product_cat","embeddable":true,"href":"https:\/\/3r-prev.com\/gba\/wp-json\/wp\/v2\/product_cat?post=24619"},{"taxonomy":"product_tag","embeddable":true,"href":"https:\/\/3r-prev.com\/gba\/wp-json\/wp\/v2\/product_tag?post=24619"},{"taxonomy":"exhibition","embeddable":true,"href":"https:\/\/3r-prev.com\/gba\/wp-json\/wp\/v2\/exhibition?post=24619"},{"taxonomy":"artist","embeddable":true,"href":"https:\/\/3r-prev.com\/gba\/wp-json\/wp\/v2\/artist?post=24619"}],"curies":[{"name":"wp","href":"https:\/\/api.w.org\/{rel}","templated":true}]}}