{"id":23341,"date":"2023-05-13T16:08:10","date_gmt":"2023-05-13T14:08:10","guid":{"rendered":"https:\/\/3r-prev.com\/gba\/?post_type=product&#038;p=23341"},"modified":"2024-09-27T12:43:10","modified_gmt":"2024-09-27T10:43:10","slug":"enki-bilal-tirage-de-luxe-lhomme-est-un-accident","status":"publish","type":"product","link":"https:\/\/3r-prev.com\/gba\/produit\/enki-bilal-tirage-de-luxe-lhomme-est-un-accident\/","title":{"rendered":"ENKI BILAL &#8211; Tirage de luxe &#8211; L&rsquo;Homme est un accident"},"content":{"rendered":"<div class=\"page\" title=\"Page 4\">\n<div class=\"layoutArea\">\n<div class=\"column\">\n<p>\u00c0 l\u2019occasion de l&rsquo;exposition L&rsquo;Homme est un accident qui a lieu du 1er juin au 1er juillet 2023, les \u00e9ditions Barbier publient un tirage de luxe de <em>L\u2019Homme est accident<\/em>, paru en 2021 aux \u00e9ditions Belin, puis chez Marabout, au format poche, en mars 2023.<\/p>\n<p>En 2020, au c\u0153ur de la pand\u00e9mie, Adrien Rivierre rencontre Enki Bilal pour \u00e9changer sur la vision du monde de l\u2019artiste. De cette s\u00e9rie d\u2019entretiens na\u00eet <em>L\u2019Homme est un accident<\/em>. Bilal s\u2019y confie librement sur ses intuitions personnelles quant au futur proche et \u00e0 nos angoisses contemporaines : pour lui, l\u2019Homme est l\u2019accident le plus tragique qui ne soit jamais arriv\u00e9 \u00e0 notre plan\u00e8te Terre. Artiste de l\u2019imaginaire, figure de la prospective, il se fait lanceur d\u2019alerte sans ce\u0301der au fatalisme. Le futur proche de l\u2019Homme est incertain, reste \u00e0 savoir comment lui \u00e9viter le pire.<\/p>\n<p>Tirage de luxe en \u00e9dition limit\u00e9e a\u0300 470 exemplaires accompagn\u00e9s d\u2019une digigraphie in\u00e9dite, num\u00e9rot\u00e9e et sign\u00e9e par l\u2019artiste.<br \/>\nEn vente exclusivement \u00e0 la galerie Barbier.<\/p>\n<p>Parution : 01\/06\/2023. Pr\u00e9commande possible.<br \/>\nFormat : 20 x 27 cm &#8211; cartonn\u00e9<br \/>\n208 pages<br \/>\nISBN : 9782494377028<\/p>\n<\/div>\n<\/div>\n<\/div>\n","protected":false},"excerpt":{"rendered":"<p>\u00c0 l\u2019occasion de l&rsquo;exposition L&rsquo;Homme est un accident qui a lieu du 1er juin au 1er juillet 2023, les \u00e9ditions Barbier publient un tirage de luxe de L\u2019Homme est accident,<\/p>\n","protected":false},"featured_media":41392,"template":"","meta":{"_acf_changed":false},"product_cat":[19],"product_tag":[],"exhibition":[234],"artist":[50],"class_list":{"0":"post-23341","1":"product","2":"type-product","3":"status-publish","4":"has-post-thumbnail","6":"product_cat-livres","7":"exhibition-lhomme-est-un-accident","8":"artist-enki-bilal","10":"first","11":"outofstock","12":"shipping-taxable","13":"purchasable","14":"product-type-simple"},"acf":[],"_links":{"self":[{"href":"https:\/\/3r-prev.com\/gba\/wp-json\/wp\/v2\/product\/23341","targetHints":{"allow":["GET"]}}],"collection":[{"href":"https:\/\/3r-prev.com\/gba\/wp-json\/wp\/v2\/product"}],"about":[{"href":"https:\/\/3r-prev.com\/gba\/wp-json\/wp\/v2\/types\/product"}],"wp:featuredmedia":[{"embeddable":true,"href":"https:\/\/3r-prev.com\/gba\/wp-json\/wp\/v2\/media\/41392"}],"wp:attachment":[{"href":"https:\/\/3r-prev.com\/gba\/wp-json\/wp\/v2\/media?parent=23341"}],"wp:term":[{"taxonomy":"product_cat","embeddable":true,"href":"https:\/\/3r-prev.com\/gba\/wp-json\/wp\/v2\/product_cat?post=23341"},{"taxonomy":"product_tag","embeddable":true,"href":"https:\/\/3r-prev.com\/gba\/wp-json\/wp\/v2\/product_tag?post=23341"},{"taxonomy":"exhibition","embeddable":true,"href":"https:\/\/3r-prev.com\/gba\/wp-json\/wp\/v2\/exhibition?post=23341"},{"taxonomy":"artist","embeddable":true,"href":"https:\/\/3r-prev.com\/gba\/wp-json\/wp\/v2\/artist?post=23341"}],"curies":[{"name":"wp","href":"https:\/\/api.w.org\/{rel}","templated":true}]}}