{"id":22676,"date":"2023-04-11T18:44:36","date_gmt":"2023-04-11T16:44:36","guid":{"rendered":"https:\/\/3r-prev.com\/gba\/?post_type=product&#038;p=22676"},"modified":"2024-09-27T12:43:08","modified_gmt":"2024-09-27T10:43:08","slug":"cosey-jamais-ne-semble-presse","status":"publish","type":"product","link":"https:\/\/3r-prev.com\/gba\/produit\/cosey-jamais-ne-semble-presse\/","title":{"rendered":"COSEY &#8211; &#8230;Jamais ne semble press\u00e9"},"content":{"rendered":"<p>\u00c9dit\u00e9 \u00e0 l&rsquo;occasion de l&rsquo;exposition M\u00eame poursuivi le papillon jamais ne semble press\u00e9 de Cosey, du 20 avril au 20 mai 2023.<\/p>\n<p>&nbsp;<\/p>\n<p>Ce tirage de luxe reprend les titres suivants en noir et blanc\u00a0:\u00a0<em>Zeke raconte des histoires, Une maison de Frank L. Wright et autres histoires d&rsquo;amour et Le Bouddha d&rsquo;Azur\u00a0<\/em>initialement parus aux \u00e9ditions Dupuis dans la collection Aire Libre, cette \u00e9dition est augment\u00e9e d\u2019une trentaine de pages de dessins pr\u00e9paratoires et croquis.<\/p>\n<p>&nbsp;<\/p>\n<p>Il s&rsquo;agit du deuxi\u00e8me volume de notre int\u00e9grale consacr\u00e9e aux titres de Cosey publi\u00e9s chez Aire Libre apr\u00e8s <em>M\u00eame poursuivi le papillon&#8230;<\/em> en 2020.<\/p>\n<p>&nbsp;<\/p>\n<p>Tirage de luxe limit\u00e9 \u00e0 180 exemplaires num\u00e9rot\u00e9s et accompagn\u00e9s d\u2019une s\u00e9rigraphie num\u00e9rot\u00e9e et sign\u00e9e par l\u2019artiste.<\/p>\n<p>En vente exclusivement \u00e0 la galerie Barbier.<br \/>\nISBN\u2009: 978-2-494377-00-4<br \/>\n352 pages<br \/>\n23 x 30\u00a0cm<br \/>\nCouverture rigide<\/p>\n","protected":false},"excerpt":{"rendered":"<p>\u00c9dit\u00e9 \u00e0 l&rsquo;occasion de l&rsquo;exposition M\u00eame poursuivi le papillon jamais ne semble press\u00e9 de Cosey, du 20 avril au 20 mai 2023. &nbsp; Ce tirage de luxe reprend les titres<\/p>\n","protected":false},"featured_media":41374,"template":"","meta":{"_acf_changed":false},"product_cat":[19],"product_tag":[],"exhibition":[62],"artist":[63],"class_list":{"0":"post-22676","1":"product","2":"type-product","3":"status-publish","4":"has-post-thumbnail","6":"product_cat-livres","7":"exhibition-meme-poursuivi-le-papillon-jamais-ne-semble-presse","8":"artist-cosey","10":"first","11":"instock","12":"shipping-taxable","13":"purchasable","14":"product-type-simple"},"acf":[],"_links":{"self":[{"href":"https:\/\/3r-prev.com\/gba\/wp-json\/wp\/v2\/product\/22676","targetHints":{"allow":["GET"]}}],"collection":[{"href":"https:\/\/3r-prev.com\/gba\/wp-json\/wp\/v2\/product"}],"about":[{"href":"https:\/\/3r-prev.com\/gba\/wp-json\/wp\/v2\/types\/product"}],"wp:featuredmedia":[{"embeddable":true,"href":"https:\/\/3r-prev.com\/gba\/wp-json\/wp\/v2\/media\/41374"}],"wp:attachment":[{"href":"https:\/\/3r-prev.com\/gba\/wp-json\/wp\/v2\/media?parent=22676"}],"wp:term":[{"taxonomy":"product_cat","embeddable":true,"href":"https:\/\/3r-prev.com\/gba\/wp-json\/wp\/v2\/product_cat?post=22676"},{"taxonomy":"product_tag","embeddable":true,"href":"https:\/\/3r-prev.com\/gba\/wp-json\/wp\/v2\/product_tag?post=22676"},{"taxonomy":"exhibition","embeddable":true,"href":"https:\/\/3r-prev.com\/gba\/wp-json\/wp\/v2\/exhibition?post=22676"},{"taxonomy":"artist","embeddable":true,"href":"https:\/\/3r-prev.com\/gba\/wp-json\/wp\/v2\/artist?post=22676"}],"curies":[{"name":"wp","href":"https:\/\/api.w.org\/{rel}","templated":true}]}}