{"id":21855,"date":"2023-03-02T14:32:52","date_gmt":"2023-03-02T13:32:52","guid":{"rendered":"https:\/\/3r-prev.com\/gba\/?post_type=product&#038;p=21855"},"modified":"2024-09-27T12:43:05","modified_gmt":"2024-09-27T10:43:05","slug":"arthur-de-pins-skateboard","status":"publish","type":"product","link":"https:\/\/3r-prev.com\/gba\/produit\/arthur-de-pins-skateboard\/","title":{"rendered":"ARTHUR DE PINS &#8211; skateboard"},"content":{"rendered":"<p>Planche de skateboard dessin\u00e9e par Arthur de Pins<br \/>\nImpression sur planche 7 plis d&rsquo;\u00e9rable.<br \/>\n\u00c9dition limit\u00e9e \u00e0 20 exemplaires num\u00e9rot\u00e9s et sign\u00e9s par l&rsquo;artiste.<\/p>\n","protected":false},"excerpt":{"rendered":"<p>Planche de skateboard dessin\u00e9e par Arthur de Pins Impression sur planche 7 plis d&rsquo;\u00e9rable. \u00c9dition limit\u00e9e \u00e0 20 exemplaires num\u00e9rot\u00e9s et sign\u00e9s par l&rsquo;artiste.<\/p>\n","protected":false},"featured_media":41373,"template":"","meta":{"_acf_changed":false},"product_cat":[20],"product_tag":[],"exhibition":[237],"artist":[238],"class_list":{"0":"post-21855","1":"product","2":"type-product","3":"status-publish","4":"has-post-thumbnail","6":"product_cat-tirages-dart","7":"exhibition-freak-show","8":"artist-arthur-de-pins","10":"first","11":"outofstock","12":"shipping-taxable","13":"purchasable","14":"product-type-simple"},"acf":[],"_links":{"self":[{"href":"https:\/\/3r-prev.com\/gba\/wp-json\/wp\/v2\/product\/21855","targetHints":{"allow":["GET"]}}],"collection":[{"href":"https:\/\/3r-prev.com\/gba\/wp-json\/wp\/v2\/product"}],"about":[{"href":"https:\/\/3r-prev.com\/gba\/wp-json\/wp\/v2\/types\/product"}],"wp:featuredmedia":[{"embeddable":true,"href":"https:\/\/3r-prev.com\/gba\/wp-json\/wp\/v2\/media\/41373"}],"wp:attachment":[{"href":"https:\/\/3r-prev.com\/gba\/wp-json\/wp\/v2\/media?parent=21855"}],"wp:term":[{"taxonomy":"product_cat","embeddable":true,"href":"https:\/\/3r-prev.com\/gba\/wp-json\/wp\/v2\/product_cat?post=21855"},{"taxonomy":"product_tag","embeddable":true,"href":"https:\/\/3r-prev.com\/gba\/wp-json\/wp\/v2\/product_tag?post=21855"},{"taxonomy":"exhibition","embeddable":true,"href":"https:\/\/3r-prev.com\/gba\/wp-json\/wp\/v2\/exhibition?post=21855"},{"taxonomy":"artist","embeddable":true,"href":"https:\/\/3r-prev.com\/gba\/wp-json\/wp\/v2\/artist?post=21855"}],"curies":[{"name":"wp","href":"https:\/\/api.w.org\/{rel}","templated":true}]}}