{"id":21847,"date":"2023-03-02T13:59:18","date_gmt":"2023-03-02T12:59:18","guid":{"rendered":"https:\/\/3r-prev.com\/gba\/?post_type=product&#038;p=21847"},"modified":"2024-09-27T12:43:03","modified_gmt":"2024-09-27T10:43:03","slug":"arthur-de-pins-freak-show","status":"publish","type":"product","link":"https:\/\/3r-prev.com\/gba\/produit\/arthur-de-pins-freak-show\/","title":{"rendered":"ARTHUR DE PINS &#8211; Freak Show"},"content":{"rendered":"<p>Edit\u00e9 par \u00c9ditions Barbier \u00e0 l&rsquo;occasion de l&rsquo;exposition Freak Show d&rsquo;Arthur de Pins, du 9 mars au 8 avril 2023.<\/p>\n<p>&nbsp;<\/p>\n<p>Ce catalogue en \u00e9dition de luxe regroupe les \u0153uvres con\u00e7ues sp\u00e9cialement pour l&rsquo;exposition Freak Show par Arthur de Pins. R\u00e9alis\u00e9es avec des encres ou de la peinture acrylique, elles sont un hommage \u00e0 l&rsquo;univers de Zombill\u00e9nium (ed. Dupuis, 6 tome de 2010 \u00e0 2022) et comment\u00e9es par l&rsquo;artiste.<\/p>\n<p>&nbsp;<\/p>\n<p>Tirage de luxe limit\u00e9 \u00e0 170 exemplaires accompagn\u00e9s d\u2019une lithographie in\u00e9dite num\u00e9rot\u00e9e et sign\u00e9e par l\u2019artiste.<\/p>\n<p>&nbsp;<\/p>\n<p>En vente exclusivement \u00e0 la galerie Barbier.<\/p>\n<div class=\"page\" title=\"Page 3\">\n<div class=\"layoutArea\">\n<div class=\"column\">ISBN : 9782919243495<br \/>\n96 pages<br \/>\n20 x 27 cm<\/div>\n<\/div>\n<\/div>\n","protected":false},"excerpt":{"rendered":"<p>Edit\u00e9 par \u00c9ditions Barbier \u00e0 l&rsquo;occasion de l&rsquo;exposition Freak Show d&rsquo;Arthur de Pins, du 9 mars au 8 avril 2023. &nbsp; Ce catalogue en \u00e9dition de luxe regroupe les \u0153uvres<\/p>\n","protected":false},"featured_media":41367,"template":"","meta":{"_acf_changed":false},"product_cat":[19],"product_tag":[],"exhibition":[237],"artist":[238],"class_list":{"0":"post-21847","1":"product","2":"type-product","3":"status-publish","4":"has-post-thumbnail","6":"product_cat-livres","7":"exhibition-freak-show","8":"artist-arthur-de-pins","10":"first","11":"instock","12":"shipping-taxable","13":"purchasable","14":"product-type-simple"},"acf":[],"_links":{"self":[{"href":"https:\/\/3r-prev.com\/gba\/wp-json\/wp\/v2\/product\/21847","targetHints":{"allow":["GET"]}}],"collection":[{"href":"https:\/\/3r-prev.com\/gba\/wp-json\/wp\/v2\/product"}],"about":[{"href":"https:\/\/3r-prev.com\/gba\/wp-json\/wp\/v2\/types\/product"}],"wp:featuredmedia":[{"embeddable":true,"href":"https:\/\/3r-prev.com\/gba\/wp-json\/wp\/v2\/media\/41367"}],"wp:attachment":[{"href":"https:\/\/3r-prev.com\/gba\/wp-json\/wp\/v2\/media?parent=21847"}],"wp:term":[{"taxonomy":"product_cat","embeddable":true,"href":"https:\/\/3r-prev.com\/gba\/wp-json\/wp\/v2\/product_cat?post=21847"},{"taxonomy":"product_tag","embeddable":true,"href":"https:\/\/3r-prev.com\/gba\/wp-json\/wp\/v2\/product_tag?post=21847"},{"taxonomy":"exhibition","embeddable":true,"href":"https:\/\/3r-prev.com\/gba\/wp-json\/wp\/v2\/exhibition?post=21847"},{"taxonomy":"artist","embeddable":true,"href":"https:\/\/3r-prev.com\/gba\/wp-json\/wp\/v2\/artist?post=21847"}],"curies":[{"name":"wp","href":"https:\/\/api.w.org\/{rel}","templated":true}]}}