{"id":21409,"date":"2023-01-05T15:37:29","date_gmt":"2023-01-05T14:37:29","guid":{"rendered":"https:\/\/3r-prev.com\/gba\/?post_type=product&#038;p=21409"},"modified":"2024-09-27T12:43:02","modified_gmt":"2024-09-27T10:43:02","slug":"philippe-druillet-tirage-de-luxe-catalogue-les-6-voyages-de-philippe-druillet","status":"publish","type":"product","link":"https:\/\/3r-prev.com\/gba\/produit\/philippe-druillet-tirage-de-luxe-catalogue-les-6-voyages-de-philippe-druillet\/","title":{"rendered":"PHILIPPE DRUILLET &#8211; Tirage de luxe &#8211; catalogue Les 6 voyages de Philippe Druillet"},"content":{"rendered":"<p><em>Pe\u0300re de l\u2019antihe\u0301ros maudit Lone Sloane, cofondateur de la le\u0301gendaire revue Me\u0301tal Hurlant, briseur de codes et conteur chamanique, Philippe Druillet fait depuis plus d\u2019un demi-sie\u0300cle trembler les cases et les fondations de la bande dessine\u0301e a\u0300 grands coups de planches chime\u0301riques et hallucinatoires qui ont transforme\u0301 a\u0300 jamais la science-fiction. L\u2019exposition Les 6 Voyages de Philippe Druillet propose au visiteur \u2013 et au lecteur du pre\u0301sent catalogue \u2013 de parcourir son \u0153uvre colossale ou\u0300 se de\u0301ploie une inspiration unique, fruit de la personnalite\u0301 de\u0301finitivement hors normes d\u2019un artiste majeur de l\u2019art graphique.<br \/>\n<\/em><\/p>\n<p>&nbsp;<\/p>\n<p>Cet album est un tirage limit\u00e9 \u00e0 350 exemplaires num\u00e9rot\u00e9s en version de luxe du catalogue de l&rsquo;exposition\u00a0\u00a0<em>Les 6 voyages de Philippe Druillet<\/em>, de Philippe Druillet pr\u00e9sent\u00e9e au Mus\u00e9e des Beaux Arts d&rsquo;Angoul\u00eame du 26 janvier au 12 mars 2023, dans le cadre du 50\u00e8me Festival International de la Bande Dessin\u00e9e.<\/p>\n<p>130 pages imprim\u00e9es en quadrichromie sur papier Munken pure 150 g,<br \/>\nCouverture cartonn\u00e9e,<br \/>\n25 x 35 cm,<\/p>\n<p>Il comporte une couverture in\u00e9dite ainsi qu&rsquo;un ex libris en digigraphie num\u00e9rot\u00e9 et sign\u00e9 par l&rsquo;artiste.<\/p>\n<p>En vente uniquement \u00e0 la galerie Barbier. ATTENTION, DERNIERS EXEMPLAIRES DISPONIBLES<\/p>\n","protected":false},"excerpt":{"rendered":"<p>Pe\u0300re de l\u2019antihe\u0301ros maudit Lone Sloane, cofondateur de la le\u0301gendaire revue Me\u0301tal Hurlant, briseur de codes et conteur chamanique, Philippe Druillet fait depuis plus d\u2019un demi-sie\u0300cle trembler les cases et<\/p>\n","protected":false},"featured_media":41360,"template":"","meta":{"_acf_changed":false},"product_cat":[19],"product_tag":[],"exhibition":[],"artist":[38],"class_list":{"0":"post-21409","1":"product","2":"type-product","3":"status-publish","4":"has-post-thumbnail","6":"product_cat-livres","7":"artist-philippe-druillet","9":"first","10":"outofstock","11":"shipping-taxable","12":"purchasable","13":"product-type-simple"},"acf":[],"_links":{"self":[{"href":"https:\/\/3r-prev.com\/gba\/wp-json\/wp\/v2\/product\/21409","targetHints":{"allow":["GET"]}}],"collection":[{"href":"https:\/\/3r-prev.com\/gba\/wp-json\/wp\/v2\/product"}],"about":[{"href":"https:\/\/3r-prev.com\/gba\/wp-json\/wp\/v2\/types\/product"}],"wp:featuredmedia":[{"embeddable":true,"href":"https:\/\/3r-prev.com\/gba\/wp-json\/wp\/v2\/media\/41360"}],"wp:attachment":[{"href":"https:\/\/3r-prev.com\/gba\/wp-json\/wp\/v2\/media?parent=21409"}],"wp:term":[{"taxonomy":"product_cat","embeddable":true,"href":"https:\/\/3r-prev.com\/gba\/wp-json\/wp\/v2\/product_cat?post=21409"},{"taxonomy":"product_tag","embeddable":true,"href":"https:\/\/3r-prev.com\/gba\/wp-json\/wp\/v2\/product_tag?post=21409"},{"taxonomy":"exhibition","embeddable":true,"href":"https:\/\/3r-prev.com\/gba\/wp-json\/wp\/v2\/exhibition?post=21409"},{"taxonomy":"artist","embeddable":true,"href":"https:\/\/3r-prev.com\/gba\/wp-json\/wp\/v2\/artist?post=21409"}],"curies":[{"name":"wp","href":"https:\/\/api.w.org\/{rel}","templated":true}]}}