{"id":21179,"date":"2022-12-16T11:29:18","date_gmt":"2022-12-16T10:29:18","guid":{"rendered":"https:\/\/3r-prev.com\/gba\/?post_type=product&#038;p=21179"},"modified":"2024-09-27T12:43:01","modified_gmt":"2024-09-27T10:43:01","slug":"blutch-tirage-de-luxe-la-mer-a-boire","status":"publish","type":"product","link":"https:\/\/3r-prev.com\/gba\/produit\/blutch-tirage-de-luxe-la-mer-a-boire\/","title":{"rendered":"BLUTCH &#8211; Tirage de luxe &#8211; La mer \u00e0 boire"},"content":{"rendered":"<p>Edit\u00e9 par \u00c9ditions Barbier \u00e0 l&rsquo;occasion de l&rsquo;exposition La mer \u00e0 boire de Blutch, du 5 janvier au 4 f\u00e9vrier 2023.<\/p>\n<p>&nbsp;<\/p>\n<p>Tirage de luxe noir et blanc limit\u00e9 \u00e0 250 exemplaires accompagn\u00e9s d\u2019un tir\u00e9 \u00e0 part in\u00e9dit num\u00e9rot\u00e9 et sign\u00e9 par l\u2019artiste. Ouvrage initialement paru aux \u00e9ditions 2024, cette \u00e9dition est augment\u00e9e de pr\u00e8s de 120 pages de dessins pr\u00e9paratoires, croquis et storyboards et comporte une couverture in\u00e9dite<\/p>\n<p>&nbsp;<\/p>\n<p>En vente exclusivement \u00e0 la galerie Barbier.<\/p>\n<p>&nbsp;<\/p>\n<div class=\"page\" title=\"Page 3\">\n<div class=\"layoutArea\">\n<div class=\"column\">ISBN : 9782919243488<br \/>\n192 pages<br \/>\n22 x 30 cm<\/div>\n<\/div>\n<\/div>\n","protected":false},"excerpt":{"rendered":"<p>Edit\u00e9 par \u00c9ditions Barbier \u00e0 l&rsquo;occasion de l&rsquo;exposition La mer \u00e0 boire de Blutch, du 5 janvier au 4 f\u00e9vrier 2023. &nbsp; Tirage de luxe noir et blanc limit\u00e9 \u00e0<\/p>\n","protected":false},"featured_media":41352,"template":"","meta":{"_acf_changed":false},"product_cat":[19],"product_tag":[],"exhibition":[235],"artist":[54],"class_list":{"0":"post-21179","1":"product","2":"type-product","3":"status-publish","4":"has-post-thumbnail","6":"product_cat-livres","7":"exhibition-la-mer-a-boire","8":"artist-blutch","10":"first","11":"outofstock","12":"shipping-taxable","13":"purchasable","14":"product-type-simple"},"acf":[],"_links":{"self":[{"href":"https:\/\/3r-prev.com\/gba\/wp-json\/wp\/v2\/product\/21179","targetHints":{"allow":["GET"]}}],"collection":[{"href":"https:\/\/3r-prev.com\/gba\/wp-json\/wp\/v2\/product"}],"about":[{"href":"https:\/\/3r-prev.com\/gba\/wp-json\/wp\/v2\/types\/product"}],"wp:featuredmedia":[{"embeddable":true,"href":"https:\/\/3r-prev.com\/gba\/wp-json\/wp\/v2\/media\/41352"}],"wp:attachment":[{"href":"https:\/\/3r-prev.com\/gba\/wp-json\/wp\/v2\/media?parent=21179"}],"wp:term":[{"taxonomy":"product_cat","embeddable":true,"href":"https:\/\/3r-prev.com\/gba\/wp-json\/wp\/v2\/product_cat?post=21179"},{"taxonomy":"product_tag","embeddable":true,"href":"https:\/\/3r-prev.com\/gba\/wp-json\/wp\/v2\/product_tag?post=21179"},{"taxonomy":"exhibition","embeddable":true,"href":"https:\/\/3r-prev.com\/gba\/wp-json\/wp\/v2\/exhibition?post=21179"},{"taxonomy":"artist","embeddable":true,"href":"https:\/\/3r-prev.com\/gba\/wp-json\/wp\/v2\/artist?post=21179"}],"curies":[{"name":"wp","href":"https:\/\/api.w.org\/{rel}","templated":true}]}}