{"id":21109,"date":"2022-12-14T18:33:12","date_gmt":"2022-12-14T17:33:12","guid":{"rendered":"https:\/\/3r-prev.com\/gba\/?post_type=product&#038;p=21109"},"modified":"2024-09-27T12:42:59","modified_gmt":"2024-09-27T10:42:59","slug":"enki-bilal-romeo-juliette-skateboard","status":"publish","type":"product","link":"https:\/\/3r-prev.com\/gba\/produit\/enki-bilal-romeo-juliette-skateboard\/","title":{"rendered":"ENKI BILAL &#8211; Rom\u00e9o &#038; Juliette &#8211; skateboard"},"content":{"rendered":"<p><em>Rom\u00e9o &amp; Juliette<\/em><\/p>\n<p>Planche de skateboard dessin\u00e9e par Enki Bilal.<br \/>\nImpression sur planche 7 plis d&rsquo;\u00e9rable.<br \/>\n80 x 20 cm.<\/p>\n<p>\u00c9dition limit\u00e9e \u00e0 100 exemplaires num\u00e9rot\u00e9s et sign\u00e9s par l&rsquo;artiste.<\/p>\n","protected":false},"excerpt":{"rendered":"<p>Rom\u00e9o &amp; Juliette Planche de skateboard dessin\u00e9e par Enki Bilal. Impression sur planche 7 plis d&rsquo;\u00e9rable. 80 x 20 cm. \u00c9dition limit\u00e9e \u00e0 100 exemplaires num\u00e9rot\u00e9s et sign\u00e9s par l&rsquo;artiste.<\/p>\n","protected":false},"featured_media":41350,"template":"","meta":{"_acf_changed":false},"product_cat":[20],"product_tag":[],"exhibition":[234],"artist":[50],"class_list":{"0":"post-21109","1":"product","2":"type-product","3":"status-publish","4":"has-post-thumbnail","6":"product_cat-tirages-dart","7":"exhibition-lhomme-est-un-accident","8":"artist-enki-bilal","10":"first","11":"outofstock","12":"shipping-taxable","13":"purchasable","14":"product-type-simple"},"acf":[],"_links":{"self":[{"href":"https:\/\/3r-prev.com\/gba\/wp-json\/wp\/v2\/product\/21109","targetHints":{"allow":["GET"]}}],"collection":[{"href":"https:\/\/3r-prev.com\/gba\/wp-json\/wp\/v2\/product"}],"about":[{"href":"https:\/\/3r-prev.com\/gba\/wp-json\/wp\/v2\/types\/product"}],"wp:featuredmedia":[{"embeddable":true,"href":"https:\/\/3r-prev.com\/gba\/wp-json\/wp\/v2\/media\/41350"}],"wp:attachment":[{"href":"https:\/\/3r-prev.com\/gba\/wp-json\/wp\/v2\/media?parent=21109"}],"wp:term":[{"taxonomy":"product_cat","embeddable":true,"href":"https:\/\/3r-prev.com\/gba\/wp-json\/wp\/v2\/product_cat?post=21109"},{"taxonomy":"product_tag","embeddable":true,"href":"https:\/\/3r-prev.com\/gba\/wp-json\/wp\/v2\/product_tag?post=21109"},{"taxonomy":"exhibition","embeddable":true,"href":"https:\/\/3r-prev.com\/gba\/wp-json\/wp\/v2\/exhibition?post=21109"},{"taxonomy":"artist","embeddable":true,"href":"https:\/\/3r-prev.com\/gba\/wp-json\/wp\/v2\/artist?post=21109"}],"curies":[{"name":"wp","href":"https:\/\/api.w.org\/{rel}","templated":true}]}}