{"id":21101,"date":"2022-12-14T18:17:09","date_gmt":"2022-12-14T17:17:09","guid":{"rendered":"https:\/\/3r-prev.com\/gba\/?post_type=product&#038;p=21101"},"modified":"2024-09-27T12:42:59","modified_gmt":"2024-09-27T10:42:59","slug":"enki-bilal-leche-a-laveugle-romeo-juliette-sacha-ensemble-de-3-skateboards","status":"publish","type":"product","link":"https:\/\/3r-prev.com\/gba\/produit\/enki-bilal-leche-a-laveugle-romeo-juliette-sacha-ensemble-de-3-skateboards\/","title":{"rendered":"ENKI BILAL &#8211; L\u00e9ch\u00e9 \u00e0 l&rsquo;aveugle, Rom\u00e9o &#038; Juliette, Sacha &#8211; Ensemble de 3 skateboards"},"content":{"rendered":"<p><em>L\u00e9ch\u00e9 \u00e0 l&rsquo;aveugle, Rom\u00e9o &amp; Juliette, Sacha<\/em><\/p>\n<p>Ensemble de trois\u00a0 planches de skateboard dessin\u00e9es par Enki Bilal.<br \/>\nImpression sur planche 7 plis d&rsquo;\u00e9rable.<br \/>\n80 x 20 cm chacune.<\/p>\n<p>\u00c9dition limit\u00e9e \u00e0 100 exemplaires num\u00e9rot\u00e9s et sign\u00e9s par l&rsquo;artiste sur chaque planche.<\/p>\n","protected":false},"excerpt":{"rendered":"<p>L\u00e9ch\u00e9 \u00e0 l&rsquo;aveugle, Rom\u00e9o &amp; Juliette, Sacha Ensemble de trois\u00a0 planches de skateboard dessin\u00e9es par Enki Bilal. Impression sur planche 7 plis d&rsquo;\u00e9rable. 80 x 20 cm chacune. \u00c9dition limit\u00e9e<\/p>\n","protected":false},"featured_media":41348,"template":"","meta":{"_acf_changed":false},"product_cat":[20],"product_tag":[],"exhibition":[234],"artist":[50],"class_list":{"0":"post-21101","1":"product","2":"type-product","3":"status-publish","4":"has-post-thumbnail","6":"product_cat-tirages-dart","7":"exhibition-lhomme-est-un-accident","8":"artist-enki-bilal","10":"first","11":"instock","12":"shipping-taxable","13":"purchasable","14":"product-type-simple"},"acf":[],"_links":{"self":[{"href":"https:\/\/3r-prev.com\/gba\/wp-json\/wp\/v2\/product\/21101","targetHints":{"allow":["GET"]}}],"collection":[{"href":"https:\/\/3r-prev.com\/gba\/wp-json\/wp\/v2\/product"}],"about":[{"href":"https:\/\/3r-prev.com\/gba\/wp-json\/wp\/v2\/types\/product"}],"wp:featuredmedia":[{"embeddable":true,"href":"https:\/\/3r-prev.com\/gba\/wp-json\/wp\/v2\/media\/41348"}],"wp:attachment":[{"href":"https:\/\/3r-prev.com\/gba\/wp-json\/wp\/v2\/media?parent=21101"}],"wp:term":[{"taxonomy":"product_cat","embeddable":true,"href":"https:\/\/3r-prev.com\/gba\/wp-json\/wp\/v2\/product_cat?post=21101"},{"taxonomy":"product_tag","embeddable":true,"href":"https:\/\/3r-prev.com\/gba\/wp-json\/wp\/v2\/product_tag?post=21101"},{"taxonomy":"exhibition","embeddable":true,"href":"https:\/\/3r-prev.com\/gba\/wp-json\/wp\/v2\/exhibition?post=21101"},{"taxonomy":"artist","embeddable":true,"href":"https:\/\/3r-prev.com\/gba\/wp-json\/wp\/v2\/artist?post=21101"}],"curies":[{"name":"wp","href":"https:\/\/api.w.org\/{rel}","templated":true}]}}