{"id":20250,"date":"2022-10-26T12:36:25","date_gmt":"2022-10-26T10:36:25","guid":{"rendered":"https:\/\/3r-prev.com\/gba\/?post_type=product&#038;p=20250"},"modified":"2024-09-27T12:42:57","modified_gmt":"2024-09-27T10:42:57","slug":"philippe-druillet-tirage-de-luxe-nouvelle-edition-flaubert-druillet-une-rencontre","status":"publish","type":"product","link":"https:\/\/3r-prev.com\/gba\/produit\/philippe-druillet-tirage-de-luxe-nouvelle-edition-flaubert-druillet-une-rencontre\/","title":{"rendered":"PHILIPPE DRUILLET &#8211; Tirage de luxe nouvelle \u00e9dition &#8211; Flaubert-Druillet : Une rencontre"},"content":{"rendered":"<p><em>Flaubert Druillet &#8211; Une rencontre<\/em><\/p>\n<p>&nbsp;<\/p>\n<p>Edit\u00e9 par Marie Barbier \u00c9ditions.<\/p>\n<p>&nbsp;<\/p>\n<p>L\u2019ouvrage confronte Philippe Druillet, c\u00e9l\u00e8bre auteur de bandes dessin\u00e9es au texte qui l\u2019a marqu\u00e9 et dont il a tir\u00e9 une trilogie flamboyante, <em>Salammb\u00f4<\/em>, de Gustave Flaubert. Projet pharaonique des ann\u00e9es 80 qui n\u2019a pas fini de fasciner. Revenant sur cette aventure artistique, sur sa relation \u00e0 Flaubert et \u00e0 cet incroyable p\u00e9plum qu\u2019est <em>Salammb\u00f4<\/em>, l\u2019artiste livre une interview, assortie de croquis d\u2019\u00e9poque in\u00e9dits et de photographies du pr\u00e9cieux livre de poche sur lequel il a effectu\u00e9 le travail de coupe du texte original. Le tout assorti d\u2019une pr\u00e9face mettant en lumi\u00e8re la promiscuit\u00e9 entre l\u2019\u00e9crivain et le dessinateur et d\u2019une note commentant le travail de coupe. Une immersion passionnante dans ce r\u00e9cit d\u00e9jant\u00e9 de guerres d\u2019un autre \u00e2ge.<\/p>\n<p>&nbsp;<\/p>\n<p>Cette \u00e9dition est la version de luxe enrichie du tirage de luxe 2017 , elle contient 38 pages suppl\u00e9mentaires comprenant 30 croquis, 5 planches originales et 4 pages autographes de plus que la version pr\u00e9c\u00e9dente.<\/p>\n<p>Tirage limit\u00e9e \u00e0 350 exemplaires. Chaque exemplaire est accompagn\u00e9 d&rsquo;une s\u00e9rigraphie originale num\u00e9rot\u00e9e et sign\u00e9e par l&rsquo;artiste. Dos toil\u00e9<\/p>\n<p>&nbsp;<\/p>\n<p>Parution octobre 2022<br \/>\nISBN\u2009: 978-2-491147-37-2<br \/>\n24 x 30\u00a0cm<br \/>\n134 pages<br \/>\n<strong><br \/>\n<\/strong><\/p>\n","protected":false},"excerpt":{"rendered":"<p>Flaubert Druillet &#8211; Une rencontre &nbsp; Edit\u00e9 par Marie Barbier \u00c9ditions. &nbsp; L\u2019ouvrage confronte Philippe Druillet, c\u00e9l\u00e8bre auteur de bandes dessin\u00e9es au texte qui l\u2019a marqu\u00e9 et dont il a<\/p>\n","protected":false},"featured_media":41344,"template":"","meta":{"_acf_changed":false},"product_cat":[19],"product_tag":[],"exhibition":[70],"artist":[38],"class_list":{"0":"post-20250","1":"product","2":"type-product","3":"status-publish","4":"has-post-thumbnail","6":"product_cat-livres","7":"exhibition-explorations","8":"artist-philippe-druillet","10":"first","11":"outofstock","12":"shipping-taxable","13":"purchasable","14":"product-type-simple"},"acf":[],"_links":{"self":[{"href":"https:\/\/3r-prev.com\/gba\/wp-json\/wp\/v2\/product\/20250","targetHints":{"allow":["GET"]}}],"collection":[{"href":"https:\/\/3r-prev.com\/gba\/wp-json\/wp\/v2\/product"}],"about":[{"href":"https:\/\/3r-prev.com\/gba\/wp-json\/wp\/v2\/types\/product"}],"wp:featuredmedia":[{"embeddable":true,"href":"https:\/\/3r-prev.com\/gba\/wp-json\/wp\/v2\/media\/41344"}],"wp:attachment":[{"href":"https:\/\/3r-prev.com\/gba\/wp-json\/wp\/v2\/media?parent=20250"}],"wp:term":[{"taxonomy":"product_cat","embeddable":true,"href":"https:\/\/3r-prev.com\/gba\/wp-json\/wp\/v2\/product_cat?post=20250"},{"taxonomy":"product_tag","embeddable":true,"href":"https:\/\/3r-prev.com\/gba\/wp-json\/wp\/v2\/product_tag?post=20250"},{"taxonomy":"exhibition","embeddable":true,"href":"https:\/\/3r-prev.com\/gba\/wp-json\/wp\/v2\/exhibition?post=20250"},{"taxonomy":"artist","embeddable":true,"href":"https:\/\/3r-prev.com\/gba\/wp-json\/wp\/v2\/artist?post=20250"}],"curies":[{"name":"wp","href":"https:\/\/api.w.org\/{rel}","templated":true}]}}